{"id":5272,"date":"2026-03-25T11:01:26","date_gmt":"2026-03-25T10:01:26","guid":{"rendered":"https:\/\/bilive.ma\/?post_type=product&#038;p=5272"},"modified":"2026-03-28T11:44:43","modified_gmt":"2026-03-28T10:44:43","slug":"epices-tacos-naturelles-bio","status":"publish","type":"product","link":"https:\/\/bilive.ma\/index.php\/product\/epices-tacos-naturelles-bio\/","title":{"rendered":"\u00c9pices Tacos Naturelles Bio"},"content":{"rendered":"<p style=\"text-align: justify;\">Apportez une touche mexicaine authentique \u00e0 vos plats avec ce m\u00e9lange d\u2019\u00e9pices tacos 100% naturel. Id\u00e9al pour viandes, l\u00e9gumes et sauces, il rel\u00e8ve vos recettes avec un go\u00fbt riche et \u00e9quilibr\u00e9.<\/p>\n","protected":false},"excerpt":{"rendered":"<p style=\"text-align: justify;\" data-start=\"489\" data-end=\"769\">D\u00e9couvrez notre m\u00e9lange d\u2019\u00e9pices tacos bio, sp\u00e9cialement con\u00e7u pour sublimer vos plats avec des saveurs authentiques et gourmandes. Compos\u00e9 d\u2019ingr\u00e9dients soigneusement s\u00e9lectionn\u00e9s, ce mix est parfait pour pr\u00e9parer des tacos, burritos, fajitas ou encore des marinades savoureuses.<\/p>\n<p style=\"text-align: justify;\" data-start=\"771\" data-end=\"798\">\ud83c\udf3f <strong data-start=\"774\" data-end=\"796\">Les points forts :<\/strong><\/p>\n<ul style=\"text-align: justify;\" data-start=\"799\" data-end=\"986\">\n<li data-section-id=\"20orsn\" data-start=\"799\" data-end=\"832\">100% naturel et sans additifs<\/li>\n<li data-section-id=\"1rqfntj\" data-start=\"833\" data-end=\"863\">Saveur riche et \u00e9quilibr\u00e9e<\/li>\n<li data-section-id=\"13pg6cv\" data-start=\"864\" data-end=\"923\">Id\u00e9al pour viande, poulet, poisson ou plats v\u00e9g\u00e9tariens<\/li>\n<li data-section-id=\"11temg1\" data-start=\"924\" data-end=\"958\">Facile \u00e0 utiliser au quotidien<\/li>\n<li data-section-id=\"1atg0bk\" data-start=\"959\" data-end=\"986\">Format pratique de 200g<\/li>\n<\/ul>\n<p style=\"text-align: justify;\" data-start=\"988\" data-end=\"1179\">\ud83c\udf7d\ufe0f <strong data-start=\"992\" data-end=\"1020\">Conseils d\u2019utilisation :<\/strong><br data-start=\"1020\" data-end=\"1023\" \/>Ajoutez 1 \u00e0 2 cuill\u00e8res \u00e0 caf\u00e9 dans vos pr\u00e9parations pour relever instantan\u00e9ment vos plats. Peut \u00eatre utilis\u00e9 en marinade ou directement pendant la cuisson.<\/p>\n<p style=\"text-align: justify;\" data-start=\"1181\" data-end=\"1212\">\ud83d\udce6 <strong data-start=\"1184\" data-end=\"1210\">Informations produit :<\/strong><\/p>\n<ul data-start=\"1213\" data-end=\"1340\">\n<li style=\"text-align: justify;\" data-section-id=\"1e8xtxi\" data-start=\"1213\" data-end=\"1229\">Poids : 200g<\/li>\n<li style=\"text-align: justify;\" data-section-id=\"1lrmx25\" data-start=\"1230\" data-end=\"1263\">Type : M\u00e9lange d\u2019\u00e9pices tacos<\/li>\n<li style=\"text-align: justify;\" data-section-id=\"1cqoeib\" data-start=\"1264\" data-end=\"1340\">Conservation : \u00c0 conserver dans un endroit sec et \u00e0 l\u2019abri de la lumi\u00e8re<\/li>\n<\/ul>\n","protected":false},"featured_media":5273,"comment_status":"open","ping_status":"closed","template":"","meta":[],"product_brand":[],"product_cat":[82,105],"product_tag":[],"class_list":{"0":"post-5272","1":"product","2":"type-product","3":"status-publish","4":"has-post-thumbnail","6":"product_cat-epices-plantes-et-grains","7":"product_cat-produits-du-terroir","9":"first","10":"instock","11":"shipping-taxable","12":"purchasable","13":"product-type-simple"},"_links":{"self":[{"href":"https:\/\/bilive.ma\/index.php\/wp-json\/wp\/v2\/product\/5272","targetHints":{"allow":["GET"]}}],"collection":[{"href":"https:\/\/bilive.ma\/index.php\/wp-json\/wp\/v2\/product"}],"about":[{"href":"https:\/\/bilive.ma\/index.php\/wp-json\/wp\/v2\/types\/product"}],"replies":[{"embeddable":true,"href":"https:\/\/bilive.ma\/index.php\/wp-json\/wp\/v2\/comments?post=5272"}],"version-history":[{"count":2,"href":"https:\/\/bilive.ma\/index.php\/wp-json\/wp\/v2\/product\/5272\/revisions"}],"predecessor-version":[{"id":5536,"href":"https:\/\/bilive.ma\/index.php\/wp-json\/wp\/v2\/product\/5272\/revisions\/5536"}],"wp:featuredmedia":[{"embeddable":true,"href":"https:\/\/bilive.ma\/index.php\/wp-json\/wp\/v2\/media\/5273"}],"wp:attachment":[{"href":"https:\/\/bilive.ma\/index.php\/wp-json\/wp\/v2\/media?parent=5272"}],"wp:term":[{"taxonomy":"product_brand","embeddable":true,"href":"https:\/\/bilive.ma\/index.php\/wp-json\/wp\/v2\/product_brand?post=5272"},{"taxonomy":"product_cat","embeddable":true,"href":"https:\/\/bilive.ma\/index.php\/wp-json\/wp\/v2\/product_cat?post=5272"},{"taxonomy":"product_tag","embeddable":true,"href":"https:\/\/bilive.ma\/index.php\/wp-json\/wp\/v2\/product_tag?post=5272"}],"curies":[{"name":"wp","href":"https:\/\/api.w.org\/{rel}","templated":true}]}}