{"id":5282,"date":"2026-03-25T11:19:54","date_gmt":"2026-03-25T10:19:54","guid":{"rendered":"https:\/\/bilive.ma\/?post_type=product&#038;p=5282"},"modified":"2026-04-06T15:14:12","modified_gmt":"2026-04-06T13:14:12","slug":"biotella-pate-a-tartiner-chocolat-noir-noisette-naturelle-et-gourmande","status":"publish","type":"product","link":"https:\/\/bilive.ma\/index.php\/product\/biotella-pate-a-tartiner-chocolat-noir-noisette-naturelle-et-gourmande\/","title":{"rendered":"Biotella \u2013 P\u00e2te \u00e0 tartiner Chocolat noir noisette, naturelle et gourmande"},"content":{"rendered":"<p style=\"text-align: justify;\" data-start=\"380\" data-end=\"512\">\u00c9labor\u00e9e avec des ingr\u00e9dients de qualit\u00e9, cette p\u00e2te \u00e0 tartiner est id\u00e9ale pour vos petits-d\u00e9jeuners, go\u00fbters ou desserts gourmands.<\/p>\n<h4 style=\"text-align: justify;\" data-start=\"514\" data-end=\"535\">\u2728 Points forts :<\/h4>\n<ul style=\"text-align: justify;\" data-start=\"536\" data-end=\"712\">\n<li data-section-id=\"1uicqgo\" data-start=\"536\" data-end=\"577\">Saveur riche en chocolat et noisettes<\/li>\n<li data-section-id=\"qjkqck\" data-start=\"578\" data-end=\"620\">Texture onctueuse et facile \u00e0 tartiner<\/li>\n<li data-section-id=\"1mtxdxn\" data-start=\"621\" data-end=\"677\">Id\u00e9ale sur pain, cr\u00eapes, gaufres ou \u00e0 la cuill\u00e8re \ud83d\ude0b<\/li>\n<li data-section-id=\"v7w3vq\" data-start=\"678\" data-end=\"712\">Convient pour toute la famille<br \/>\n<h4 style=\"text-align: justify;\" data-start=\"514\" data-end=\"535\">Composition :<\/h4>\n<p>Noisette &#8211; Cacao &#8211; Huile Argan &#8211; Miel d&#8217;oranger &#8211; Chocolat noir<\/li>\n<\/ul>\n<h4 style=\"text-align: justify;\" data-start=\"714\" data-end=\"747\">\ud83c\udf7d\ufe0f Conseils d\u2019utilisation :<\/h4>\n<p style=\"text-align: justify;\" data-start=\"748\" data-end=\"831\">\u00c0 d\u00e9guster sur des tartines, pancakes ou en accompagnement de vos recettes sucr\u00e9es.<\/p>\n","protected":false},"excerpt":{"rendered":"<p style=\"text-align: justify;\">D\u00e9couvrez <strong data-start=\"251\" data-end=\"274\">Biotella de BiLive<\/strong>, une d\u00e9licieuse p\u00e2te \u00e0 tartiner alliant le go\u00fbt intense du chocolat et la douceur des noisettes<\/p>\n","protected":false},"featured_media":5283,"comment_status":"open","ping_status":"closed","template":"","meta":[],"product_brand":[],"product_cat":[97,105],"product_tag":[],"class_list":{"0":"post-5282","1":"product","2":"type-product","3":"status-publish","4":"has-post-thumbnail","6":"product_cat-amlou","7":"product_cat-produits-du-terroir","8":"pa_poids-250g","9":"pa_poids-500g","11":"first","12":"instock","13":"shipping-taxable","14":"purchasable","15":"product-type-variable","16":"wvs-archive-product-wrapper"},"_links":{"self":[{"href":"https:\/\/bilive.ma\/index.php\/wp-json\/wp\/v2\/product\/5282","targetHints":{"allow":["GET"]}}],"collection":[{"href":"https:\/\/bilive.ma\/index.php\/wp-json\/wp\/v2\/product"}],"about":[{"href":"https:\/\/bilive.ma\/index.php\/wp-json\/wp\/v2\/types\/product"}],"replies":[{"embeddable":true,"href":"https:\/\/bilive.ma\/index.php\/wp-json\/wp\/v2\/comments?post=5282"}],"version-history":[{"count":4,"href":"https:\/\/bilive.ma\/index.php\/wp-json\/wp\/v2\/product\/5282\/revisions"}],"predecessor-version":[{"id":5772,"href":"https:\/\/bilive.ma\/index.php\/wp-json\/wp\/v2\/product\/5282\/revisions\/5772"}],"wp:featuredmedia":[{"embeddable":true,"href":"https:\/\/bilive.ma\/index.php\/wp-json\/wp\/v2\/media\/5283"}],"wp:attachment":[{"href":"https:\/\/bilive.ma\/index.php\/wp-json\/wp\/v2\/media?parent=5282"}],"wp:term":[{"taxonomy":"product_brand","embeddable":true,"href":"https:\/\/bilive.ma\/index.php\/wp-json\/wp\/v2\/product_brand?post=5282"},{"taxonomy":"product_cat","embeddable":true,"href":"https:\/\/bilive.ma\/index.php\/wp-json\/wp\/v2\/product_cat?post=5282"},{"taxonomy":"product_tag","embeddable":true,"href":"https:\/\/bilive.ma\/index.php\/wp-json\/wp\/v2\/product_tag?post=5282"}],"curies":[{"name":"wp","href":"https:\/\/api.w.org\/{rel}","templated":true}]}}