{"id":5285,"date":"2026-03-25T11:25:57","date_gmt":"2026-03-25T10:25:57","guid":{"rendered":"https:\/\/bilive.ma\/?post_type=product&#038;p=5285"},"modified":"2026-03-28T11:28:56","modified_gmt":"2026-03-28T10:28:56","slug":"baies-de-goji-sechees-75g-superaliment-naturel-energisant","status":"publish","type":"product","link":"https:\/\/bilive.ma\/index.php\/product\/baies-de-goji-sechees-75g-superaliment-naturel-energisant\/","title":{"rendered":"Baies de Goji s\u00e9ch\u00e9es 75g \u2013 Superaliment naturel &#038; \u00e9nergisant"},"content":{"rendered":"<p style=\"text-align: justify;\" data-start=\"196\" data-end=\"306\">D\u00e9couvrez les <strong data-start=\"210\" data-end=\"235\">baies de goji s\u00e9ch\u00e9es<\/strong>, un superaliment reconnu pour ses nombreux bienfaits sur la sant\u00e9 \ud83c\udf3f<\/p>\n<p style=\"text-align: justify;\" data-start=\"308\" data-end=\"460\">Naturellement riches en nutriments, ces petites baies rouges sont id\u00e9ales pour booster votre \u00e9nergie au quotidien et renforcer votre alimentation saine.<\/p>\n<h4 style=\"text-align: justify;\" data-start=\"462\" data-end=\"483\">\u2728 Points forts :<\/h4>\n<ul style=\"text-align: justify;\" data-start=\"484\" data-end=\"607\">\n<li data-section-id=\"f96i8l\" data-start=\"484\" data-end=\"510\">Riches en antioxydants<\/li>\n<li data-section-id=\"1pgy566\" data-start=\"511\" data-end=\"546\">Source de vitamines et min\u00e9raux<\/li>\n<li data-section-id=\"1isoi25\" data-start=\"547\" data-end=\"572\">Snack sain et naturel<\/li>\n<li data-section-id=\"1f9ls7o\" data-start=\"573\" data-end=\"607\">Sans additifs ni conservateurs<\/li>\n<\/ul>\n<h4 style=\"text-align: justify;\" data-start=\"609\" data-end=\"642\">\ud83c\udf7d\ufe0f Conseils d\u2019utilisation :<\/h4>\n<p style=\"text-align: justify;\" data-start=\"643\" data-end=\"750\">\u00c0 consommer telles quelles en collation, ou \u00e0 ajouter dans vos c\u00e9r\u00e9ales, yaourts, smoothies et p\u00e2tisseries.<\/p>\n","protected":false},"excerpt":{"rendered":"<p style=\"text-align: justify;\">D\u00e9couvrez les <strong data-start=\"210\" data-end=\"235\">baies de goji s\u00e9ch\u00e9es<\/strong>, un superaliment reconnu pour ses nombreux bienfaits sur la sant\u00e9<\/p>\n","protected":false},"featured_media":5286,"comment_status":"open","ping_status":"closed","template":"","meta":[],"product_brand":[],"product_cat":[107,105],"product_tag":[],"class_list":{"0":"post-5285","1":"product","2":"type-product","3":"status-publish","4":"has-post-thumbnail","6":"product_cat-fruits-secs","7":"product_cat-produits-du-terroir","8":"pa_poids-250g","9":"pa_poids-75-g","11":"first","12":"instock","13":"shipping-taxable","14":"purchasable","15":"product-type-variable","16":"wvs-archive-product-wrapper"},"_links":{"self":[{"href":"https:\/\/bilive.ma\/index.php\/wp-json\/wp\/v2\/product\/5285","targetHints":{"allow":["GET"]}}],"collection":[{"href":"https:\/\/bilive.ma\/index.php\/wp-json\/wp\/v2\/product"}],"about":[{"href":"https:\/\/bilive.ma\/index.php\/wp-json\/wp\/v2\/types\/product"}],"replies":[{"embeddable":true,"href":"https:\/\/bilive.ma\/index.php\/wp-json\/wp\/v2\/comments?post=5285"}],"version-history":[{"count":2,"href":"https:\/\/bilive.ma\/index.php\/wp-json\/wp\/v2\/product\/5285\/revisions"}],"predecessor-version":[{"id":5288,"href":"https:\/\/bilive.ma\/index.php\/wp-json\/wp\/v2\/product\/5285\/revisions\/5288"}],"wp:featuredmedia":[{"embeddable":true,"href":"https:\/\/bilive.ma\/index.php\/wp-json\/wp\/v2\/media\/5286"}],"wp:attachment":[{"href":"https:\/\/bilive.ma\/index.php\/wp-json\/wp\/v2\/media?parent=5285"}],"wp:term":[{"taxonomy":"product_brand","embeddable":true,"href":"https:\/\/bilive.ma\/index.php\/wp-json\/wp\/v2\/product_brand?post=5285"},{"taxonomy":"product_cat","embeddable":true,"href":"https:\/\/bilive.ma\/index.php\/wp-json\/wp\/v2\/product_cat?post=5285"},{"taxonomy":"product_tag","embeddable":true,"href":"https:\/\/bilive.ma\/index.php\/wp-json\/wp\/v2\/product_tag?post=5285"}],"curies":[{"name":"wp","href":"https:\/\/api.w.org\/{rel}","templated":true}]}}