{"id":5290,"date":"2026-03-25T11:37:30","date_gmt":"2026-03-25T10:37:30","guid":{"rendered":"https:\/\/bilive.ma\/?post_type=product&#038;p=5290"},"modified":"2026-03-28T11:23:01","modified_gmt":"2026-03-28T10:23:01","slug":"couscous-de-ble-complet-bio","status":"publish","type":"product","link":"https:\/\/bilive.ma\/index.php\/product\/couscous-de-ble-complet-bio\/","title":{"rendered":"Couscous de Bl\u00e9 Complet Bio \u2013 Qualit\u00e9 Premium"},"content":{"rendered":"<p style=\"text-align: justify;\" data-start=\"219\" data-end=\"454\">D\u00e9couvrez notre couscous de bl\u00e9 complet 100% bio, id\u00e9al pour pr\u00e9parer des plats savoureux et nutritifs. \u00c9labor\u00e9 \u00e0 partir de grains de bl\u00e9 entier, il conserve toutes ses fibres et ses bienfaits pour une alimentation saine et \u00e9quilibr\u00e9e.<\/p>\n<p style=\"text-align: justify;\" data-start=\"456\" data-end=\"722\">\u2714\ufe0f <strong data-start=\"459\" data-end=\"478\">100% biologique<\/strong> \u2013 Sans additifs ni conservateurs<br data-start=\"511\" data-end=\"514\" \/>\u2714\ufe0f <strong data-start=\"517\" data-end=\"536\">Riche en fibres<\/strong> \u2013 Favorise une bonne digestion<br data-start=\"567\" data-end=\"570\" \/>\u2714\ufe0f <strong data-start=\"573\" data-end=\"593\">Go\u00fbt authentique<\/strong> \u2013 Texture l\u00e9g\u00e8re et agr\u00e9able apr\u00e8s cuisson<br data-start=\"636\" data-end=\"639\" \/>\u2714\ufe0f <strong data-start=\"642\" data-end=\"656\">Polyvalent<\/strong> \u2013 Parfait pour couscous traditionnel, salades ou plats modernes<\/p>\n<p style=\"text-align: justify;\" data-start=\"724\" data-end=\"848\">Ce couscous complet est une excellente alternative au couscous raffin\u00e9, offrant plus de nutriments et une meilleure sati\u00e9t\u00e9.<\/p>\n<h3 style=\"text-align: justify;\" data-section-id=\"j6lm3y\" data-start=\"855\" data-end=\"893\"><span role=\"text\"><strong data-start=\"863\" data-end=\"891\">Conseils d\u2019utilisation :<\/strong><\/span><\/h3>\n<p style=\"text-align: justify;\" data-start=\"894\" data-end=\"1003\">Cuire \u00e0 la vapeur ou r\u00e9hydrater avec de l\u2019eau chaude pendant quelques minutes, puis \u00e9grainer avant de servir.<\/p>\n","protected":false},"excerpt":{"rendered":"<p style=\"text-align: justify;\">D\u00e9couvrez notre couscous de bl\u00e9 complet 100% bio, id\u00e9al pour pr\u00e9parer des plats savoureux et nutritifs. \u00c9labor\u00e9 \u00e0 partir de grains de bl\u00e9 entier, il conserve toutes ses fibres et ses bienfaits pour une alimentation saine et \u00e9quilibr\u00e9e.<\/p>\n","protected":false},"featured_media":5295,"comment_status":"open","ping_status":"closed","template":"","meta":[],"product_brand":[],"product_cat":[106,105],"product_tag":[],"class_list":{"0":"post-5290","1":"product","2":"type-product","3":"status-publish","4":"has-post-thumbnail","6":"product_cat-farines-et-couscous","7":"product_cat-produits-du-terroir","8":"pa_poids-1kg","9":"pa_poids-500g","11":"first","12":"instock","13":"shipping-taxable","14":"purchasable","15":"product-type-variable","16":"wvs-archive-product-wrapper"},"_links":{"self":[{"href":"https:\/\/bilive.ma\/index.php\/wp-json\/wp\/v2\/product\/5290","targetHints":{"allow":["GET"]}}],"collection":[{"href":"https:\/\/bilive.ma\/index.php\/wp-json\/wp\/v2\/product"}],"about":[{"href":"https:\/\/bilive.ma\/index.php\/wp-json\/wp\/v2\/types\/product"}],"replies":[{"embeddable":true,"href":"https:\/\/bilive.ma\/index.php\/wp-json\/wp\/v2\/comments?post=5290"}],"version-history":[{"count":2,"href":"https:\/\/bilive.ma\/index.php\/wp-json\/wp\/v2\/product\/5290\/revisions"}],"predecessor-version":[{"id":5522,"href":"https:\/\/bilive.ma\/index.php\/wp-json\/wp\/v2\/product\/5290\/revisions\/5522"}],"wp:featuredmedia":[{"embeddable":true,"href":"https:\/\/bilive.ma\/index.php\/wp-json\/wp\/v2\/media\/5295"}],"wp:attachment":[{"href":"https:\/\/bilive.ma\/index.php\/wp-json\/wp\/v2\/media?parent=5290"}],"wp:term":[{"taxonomy":"product_brand","embeddable":true,"href":"https:\/\/bilive.ma\/index.php\/wp-json\/wp\/v2\/product_brand?post=5290"},{"taxonomy":"product_cat","embeddable":true,"href":"https:\/\/bilive.ma\/index.php\/wp-json\/wp\/v2\/product_cat?post=5290"},{"taxonomy":"product_tag","embeddable":true,"href":"https:\/\/bilive.ma\/index.php\/wp-json\/wp\/v2\/product_tag?post=5290"}],"curies":[{"name":"wp","href":"https:\/\/api.w.org\/{rel}","templated":true}]}}