{"id":5297,"date":"2026-03-25T11:45:17","date_gmt":"2026-03-25T10:45:17","guid":{"rendered":"https:\/\/bilive.ma\/?post_type=product&#038;p=5297"},"modified":"2026-03-28T11:19:38","modified_gmt":"2026-03-28T10:19:38","slug":"farine-dorge-bio","status":"publish","type":"product","link":"https:\/\/bilive.ma\/index.php\/product\/farine-dorge-bio\/","title":{"rendered":"Farine d\u2019Orge Bio (\u062f\u0642\u064a\u0642 \u0627\u0644\u0634\u0639\u064a\u0631) \u2013 Naturelle &#038; Nutritive"},"content":{"rendered":"<p style=\"text-align: justify;\" data-start=\"202\" data-end=\"472\">Optez pour une alimentation saine avec notre farine d\u2019orge 100% biologique, finement moulue pour pr\u00e9server toutes les qualit\u00e9s nutritionnelles de l\u2019orge. Id\u00e9ale pour des recettes traditionnelles ou modernes, elle apporte une texture douce et un go\u00fbt l\u00e9g\u00e8rement rustique.<\/p>\n<p style=\"text-align: justify;\" data-start=\"474\" data-end=\"747\">\u2714\ufe0f <strong data-start=\"477\" data-end=\"502\">100% bio et naturelle<\/strong> \u2013 Sans additifs ni conservateurs<br data-start=\"535\" data-end=\"538\" \/>\u2714\ufe0f <strong data-start=\"541\" data-end=\"560\">Riche en fibres<\/strong> \u2013 Contribue \u00e0 une bonne digestion<br data-start=\"594\" data-end=\"597\" \/>\u2714\ufe0f <strong data-start=\"600\" data-end=\"628\">Faible indice glyc\u00e9mique<\/strong> \u2013 Id\u00e9ale pour une alimentation \u00e9quilibr\u00e9e<br data-start=\"670\" data-end=\"673\" \/>\u2714\ufe0f <strong data-start=\"676\" data-end=\"691\">Polyvalente<\/strong> \u2013 Parfaite pour pain, galettes, cr\u00eapes ou p\u00e2tisseries<\/p>\n<p style=\"text-align: justify;\" data-start=\"749\" data-end=\"862\">La farine d\u2019orge est reconnue pour ses bienfaits nutritionnels et son apport en vitamines et min\u00e9raux essentiels.<\/p>\n","protected":false},"excerpt":{"rendered":"<p style=\"text-align: justify;\">Optez pour une alimentation saine avec notre farine d\u2019orge 100% biologique, finement moulue pour pr\u00e9server toutes les qualit\u00e9s nutritionnelles de l\u2019orge. Id\u00e9ale pour des recettes traditionnelles ou modernes, elle apporte une texture douce et un go\u00fbt l\u00e9g\u00e8rement rustique.<\/p>\n","protected":false},"featured_media":5299,"comment_status":"open","ping_status":"closed","template":"","meta":[],"product_brand":[],"product_cat":[106,105],"product_tag":[],"class_list":{"0":"post-5297","1":"product","2":"type-product","3":"status-publish","4":"has-post-thumbnail","6":"product_cat-farines-et-couscous","7":"product_cat-produits-du-terroir","9":"first","10":"instock","11":"shipping-taxable","12":"purchasable","13":"product-type-simple"},"_links":{"self":[{"href":"https:\/\/bilive.ma\/index.php\/wp-json\/wp\/v2\/product\/5297","targetHints":{"allow":["GET"]}}],"collection":[{"href":"https:\/\/bilive.ma\/index.php\/wp-json\/wp\/v2\/product"}],"about":[{"href":"https:\/\/bilive.ma\/index.php\/wp-json\/wp\/v2\/types\/product"}],"replies":[{"embeddable":true,"href":"https:\/\/bilive.ma\/index.php\/wp-json\/wp\/v2\/comments?post=5297"}],"version-history":[{"count":2,"href":"https:\/\/bilive.ma\/index.php\/wp-json\/wp\/v2\/product\/5297\/revisions"}],"predecessor-version":[{"id":5519,"href":"https:\/\/bilive.ma\/index.php\/wp-json\/wp\/v2\/product\/5297\/revisions\/5519"}],"wp:featuredmedia":[{"embeddable":true,"href":"https:\/\/bilive.ma\/index.php\/wp-json\/wp\/v2\/media\/5299"}],"wp:attachment":[{"href":"https:\/\/bilive.ma\/index.php\/wp-json\/wp\/v2\/media?parent=5297"}],"wp:term":[{"taxonomy":"product_brand","embeddable":true,"href":"https:\/\/bilive.ma\/index.php\/wp-json\/wp\/v2\/product_brand?post=5297"},{"taxonomy":"product_cat","embeddable":true,"href":"https:\/\/bilive.ma\/index.php\/wp-json\/wp\/v2\/product_cat?post=5297"},{"taxonomy":"product_tag","embeddable":true,"href":"https:\/\/bilive.ma\/index.php\/wp-json\/wp\/v2\/product_tag?post=5297"}],"curies":[{"name":"wp","href":"https:\/\/api.w.org\/{rel}","templated":true}]}}