{"id":5305,"date":"2026-03-25T11:58:39","date_gmt":"2026-03-25T10:58:39","guid":{"rendered":"https:\/\/bilive.ma\/?post_type=product&#038;p=5305"},"modified":"2026-03-28T11:17:01","modified_gmt":"2026-03-28T10:17:01","slug":"poivre-noir-moulu-200g-epice-aromatique-intense","status":"publish","type":"product","link":"https:\/\/bilive.ma\/index.php\/product\/poivre-noir-moulu-200g-epice-aromatique-intense\/","title":{"rendered":"Poivre Noir Moulu 200g \u2013 \u00c9pice Aromatique Intense"},"content":{"rendered":"<p style=\"text-align: justify;\" data-start=\"362\" data-end=\"580\">Apportez une touche de saveur intense \u00e0 votre cuisine avec notre poivre noir moulu de qualit\u00e9. Issu de grains soigneusement s\u00e9lectionn\u00e9s, il lib\u00e8re des ar\u00f4mes riches et l\u00e9g\u00e8rement piquants qui subliment tous vos plats.<\/p>\n<p style=\"text-align: justify;\" data-start=\"582\" data-end=\"770\">Indispensable en cuisine, le poivre noir s\u2019utilise aussi bien pour assaisonner les viandes, poissons, l\u00e9gumes, sauces ou salades. Sa mouture fine permet une diffusion homog\u00e8ne des saveurs.<\/p>\n<h4 style=\"text-align: justify;\" data-start=\"772\" data-end=\"801\"><span role=\"text\">\u2705 <strong data-start=\"779\" data-end=\"801\">Les points forts :<\/strong><\/span><\/h4>\n<ul style=\"text-align: justify;\" data-start=\"802\" data-end=\"983\">\n<li data-section-id=\"19x7feo\" data-start=\"802\" data-end=\"832\">Saveur intense et parfum\u00e9e<\/li>\n<li data-section-id=\"1nnz46u\" data-start=\"833\" data-end=\"857\">\u00c9pice 100% naturelle<\/li>\n<li data-section-id=\"lhuo6w\" data-start=\"858\" data-end=\"907\">Id\u00e9al pour toutes les pr\u00e9parations culinaires<\/li>\n<li data-section-id=\"zo5gxv\" data-start=\"908\" data-end=\"953\">Facile \u00e0 utiliser gr\u00e2ce \u00e0 sa mouture fine<\/li>\n<li data-section-id=\"1jrcvys\" data-start=\"954\" data-end=\"983\">Incontournable du quotidien<\/li>\n<\/ul>\n<h4 style=\"text-align: justify;\" data-start=\"985\" data-end=\"1011\"><span role=\"text\">\ud83c\udf7d\ufe0f <strong data-start=\"994\" data-end=\"1011\">Utilisation :<\/strong><\/span><\/h4>\n<p style=\"text-align: justify;\" data-start=\"1012\" data-end=\"1111\">\u00c0 ajouter en fin de cuisson ou directement dans vos pr\u00e9parations pour relever le go\u00fbt de vos plats.<\/p>\n<h4 style=\"text-align: justify;\" data-start=\"1113\" data-end=\"1147\"><span role=\"text\">\ud83d\udce6 <strong data-start=\"1121\" data-end=\"1147\">Informations produit :<\/strong><\/span><\/h4>\n<ul data-start=\"1148\" data-end=\"1318\">\n<li style=\"text-align: justify;\" data-section-id=\"1e8xtxi\" data-start=\"1148\" data-end=\"1164\">Poids : 200g<\/li>\n<li style=\"text-align: justify;\" data-section-id=\"1sd7ue7\" data-start=\"1165\" data-end=\"1205\">Ingr\u00e9dients : 100% poivre noir moulu<\/li>\n<li style=\"text-align: justify;\" data-section-id=\"16xb0tq\" data-start=\"1206\" data-end=\"1280\">Conservation : \u00c0 conserver dans un endroit sec, \u00e0 l\u2019abri de la lumi\u00e8re<\/li>\n<li style=\"text-align: justify;\" data-section-id=\"oannmh\" data-start=\"1281\" data-end=\"1318\">Origine : Selon approvisionnement<\/li>\n<\/ul>\n","protected":false},"excerpt":{"rendered":"<p style=\"text-align: justify;\">Ajoutez du caract\u00e8re \u00e0 vos plats avec notre poivre noir moulu, une \u00e9pice incontournable au go\u00fbt puissant et aromatique.<\/p>\n","protected":false},"featured_media":5306,"comment_status":"open","ping_status":"closed","template":"","meta":[],"product_brand":[],"product_cat":[82,105],"product_tag":[],"class_list":{"0":"post-5305","1":"product","2":"type-product","3":"status-publish","4":"has-post-thumbnail","6":"product_cat-epices-plantes-et-grains","7":"product_cat-produits-du-terroir","8":"pa_poids-100-g","9":"pa_poids-200-g","11":"first","12":"instock","13":"shipping-taxable","14":"purchasable","15":"product-type-variable","16":"wvs-archive-product-wrapper"},"_links":{"self":[{"href":"https:\/\/bilive.ma\/index.php\/wp-json\/wp\/v2\/product\/5305","targetHints":{"allow":["GET"]}}],"collection":[{"href":"https:\/\/bilive.ma\/index.php\/wp-json\/wp\/v2\/product"}],"about":[{"href":"https:\/\/bilive.ma\/index.php\/wp-json\/wp\/v2\/types\/product"}],"replies":[{"embeddable":true,"href":"https:\/\/bilive.ma\/index.php\/wp-json\/wp\/v2\/comments?post=5305"}],"version-history":[{"count":2,"href":"https:\/\/bilive.ma\/index.php\/wp-json\/wp\/v2\/product\/5305\/revisions"}],"predecessor-version":[{"id":5517,"href":"https:\/\/bilive.ma\/index.php\/wp-json\/wp\/v2\/product\/5305\/revisions\/5517"}],"wp:featuredmedia":[{"embeddable":true,"href":"https:\/\/bilive.ma\/index.php\/wp-json\/wp\/v2\/media\/5306"}],"wp:attachment":[{"href":"https:\/\/bilive.ma\/index.php\/wp-json\/wp\/v2\/media?parent=5305"}],"wp:term":[{"taxonomy":"product_brand","embeddable":true,"href":"https:\/\/bilive.ma\/index.php\/wp-json\/wp\/v2\/product_brand?post=5305"},{"taxonomy":"product_cat","embeddable":true,"href":"https:\/\/bilive.ma\/index.php\/wp-json\/wp\/v2\/product_cat?post=5305"},{"taxonomy":"product_tag","embeddable":true,"href":"https:\/\/bilive.ma\/index.php\/wp-json\/wp\/v2\/product_tag?post=5305"}],"curies":[{"name":"wp","href":"https:\/\/api.w.org\/{rel}","templated":true}]}}