{"id":5311,"date":"2026-03-25T12:15:19","date_gmt":"2026-03-25T11:15:19","guid":{"rendered":"https:\/\/bilive.ma\/?post_type=product&#038;p=5311"},"modified":"2026-03-28T11:10:17","modified_gmt":"2026-03-28T10:10:17","slug":"poivre-blanc-moulu","status":"publish","type":"product","link":"https:\/\/bilive.ma\/index.php\/product\/poivre-blanc-moulu\/","title":{"rendered":"Poivre Blanc Moulu"},"content":{"rendered":"<p style=\"text-align: justify;\" data-start=\"367\" data-end=\"638\">D\u00e9couvrez toute la finesse du poivre blanc moulu, une \u00e9pice d\u00e9licate appr\u00e9ci\u00e9e pour son go\u00fbt plus doux et subtil que le poivre noir. Issu de grains s\u00e9lectionn\u00e9s et finement moulus, il lib\u00e8re des ar\u00f4mes \u00e9l\u00e9gants qui rehaussent vos pr\u00e9parations sans en masquer les saveurs.<\/p>\n<p style=\"text-align: justify;\" data-start=\"640\" data-end=\"789\">Id\u00e9al pour les sauces blanches, les plats \u00e0 base de volaille, de poisson ou de l\u00e9gumes, le poivre blanc est un incontournable de la cuisine raffin\u00e9e.<\/p>\n<h4 style=\"text-align: justify;\" data-start=\"791\" data-end=\"821\"><span role=\"text\">\ud83c\udf3f <strong data-start=\"799\" data-end=\"821\">Les points forts :<\/strong><\/span><\/h4>\n<ul style=\"text-align: justify;\" data-start=\"822\" data-end=\"1001\">\n<li data-section-id=\"c0w9de\" data-start=\"822\" data-end=\"850\">Saveur douce et \u00e9l\u00e9gante<\/li>\n<li data-section-id=\"1nnz46u\" data-start=\"851\" data-end=\"875\">\u00c9pice 100% naturelle<\/li>\n<li data-section-id=\"cd6xpo\" data-start=\"876\" data-end=\"920\">Mouture fine pour une utilisation facile<\/li>\n<li data-section-id=\"h6ez0k\" data-start=\"921\" data-end=\"956\">Parfait pour les plats d\u00e9licats<\/li>\n<li data-section-id=\"eq35kq\" data-start=\"957\" data-end=\"1001\">Id\u00e9al pour cuisine fine et gastronomique<\/li>\n<\/ul>\n<h4 style=\"text-align: justify;\" data-start=\"1003\" data-end=\"1029\"><span role=\"text\">\ud83c\udf7d\ufe0f <strong data-start=\"1012\" data-end=\"1029\">Utilisation :<\/strong><\/span><\/h4>\n<p style=\"text-align: justify;\" data-start=\"1030\" data-end=\"1152\">\u00c0 utiliser en assaisonnement dans les sauces, soupes, pur\u00e9es ou plats d\u00e9licats. \u00c0 ajouter de pr\u00e9f\u00e9rence en fin de cuisson.<\/p>\n","protected":false},"excerpt":{"rendered":"<p style=\"text-align: justify;\">Apportez une touche subtile et raffin\u00e9e \u00e0 vos plats avec notre poivre blanc moulu, au go\u00fbt doux et l\u00e9g\u00e8rement piquant.<\/p>\n","protected":false},"featured_media":5312,"comment_status":"open","ping_status":"closed","template":"","meta":[],"product_brand":[],"product_cat":[82,105],"product_tag":[],"class_list":{"0":"post-5311","1":"product","2":"type-product","3":"status-publish","4":"has-post-thumbnail","6":"product_cat-epices-plantes-et-grains","7":"product_cat-produits-du-terroir","9":"first","10":"instock","11":"shipping-taxable","12":"purchasable","13":"product-type-simple"},"_links":{"self":[{"href":"https:\/\/bilive.ma\/index.php\/wp-json\/wp\/v2\/product\/5311","targetHints":{"allow":["GET"]}}],"collection":[{"href":"https:\/\/bilive.ma\/index.php\/wp-json\/wp\/v2\/product"}],"about":[{"href":"https:\/\/bilive.ma\/index.php\/wp-json\/wp\/v2\/types\/product"}],"replies":[{"embeddable":true,"href":"https:\/\/bilive.ma\/index.php\/wp-json\/wp\/v2\/comments?post=5311"}],"version-history":[{"count":2,"href":"https:\/\/bilive.ma\/index.php\/wp-json\/wp\/v2\/product\/5311\/revisions"}],"predecessor-version":[{"id":5515,"href":"https:\/\/bilive.ma\/index.php\/wp-json\/wp\/v2\/product\/5311\/revisions\/5515"}],"wp:featuredmedia":[{"embeddable":true,"href":"https:\/\/bilive.ma\/index.php\/wp-json\/wp\/v2\/media\/5312"}],"wp:attachment":[{"href":"https:\/\/bilive.ma\/index.php\/wp-json\/wp\/v2\/media?parent=5311"}],"wp:term":[{"taxonomy":"product_brand","embeddable":true,"href":"https:\/\/bilive.ma\/index.php\/wp-json\/wp\/v2\/product_brand?post=5311"},{"taxonomy":"product_cat","embeddable":true,"href":"https:\/\/bilive.ma\/index.php\/wp-json\/wp\/v2\/product_cat?post=5311"},{"taxonomy":"product_tag","embeddable":true,"href":"https:\/\/bilive.ma\/index.php\/wp-json\/wp\/v2\/product_tag?post=5311"}],"curies":[{"name":"wp","href":"https:\/\/api.w.org\/{rel}","templated":true}]}}