{"id":5317,"date":"2026-03-25T12:20:31","date_gmt":"2026-03-25T11:20:31","guid":{"rendered":"https:\/\/bilive.ma\/?post_type=product&#038;p=5317"},"modified":"2026-04-06T15:41:50","modified_gmt":"2026-04-06T13:41:50","slug":"pois-chiches","status":"publish","type":"product","link":"https:\/\/bilive.ma\/index.php\/product\/pois-chiches\/","title":{"rendered":"Pois chiches"},"content":{"rendered":"<p style=\"text-align: justify;\" data-start=\"60\" data-end=\"293\">Ajoutez une saveur douce, l\u00e9g\u00e8rement noisett\u00e9e et authentique \u00e0 vos recettes avec nos pois chiches soigneusement s\u00e9lectionn\u00e9s. Tr\u00e8s utilis\u00e9s dans les cuisines du monde, ils sont parfaits pour sublimer vos plats avec authenticit\u00e9.<\/p>\n<p data-start=\"295\" data-end=\"321\">\u2728 <strong data-start=\"297\" data-end=\"319\">Caract\u00e9ristiques :<\/strong><\/p>\n<ul data-start=\"322\" data-end=\"421\">\n<li data-section-id=\"1eymb3m\" data-start=\"322\" data-end=\"338\">Pois chiches<\/li>\n<li data-section-id=\"6xyq0q\" data-start=\"339\" data-end=\"357\">100 % naturels<\/li>\n<li data-section-id=\"1f9ls7o\" data-start=\"358\" data-end=\"392\">Sans additifs ni conservateurs<\/li>\n<li data-section-id=\"1q7ir0w\" data-start=\"393\" data-end=\"421\">Saveur douce et agr\u00e9able<\/li>\n<\/ul>\n<p data-start=\"423\" data-end=\"446\">\ud83c\udf7d\ufe0f <strong data-start=\"427\" data-end=\"444\">Utilisation :<\/strong><\/p>\n<ul data-start=\"447\" data-end=\"626\">\n<li data-section-id=\"n1srrc\" data-start=\"447\" data-end=\"476\">Id\u00e9aux pour les marinades<\/li>\n<li data-section-id=\"1dfkfcl\" data-start=\"477\" data-end=\"512\">Parfaits pour les plats mijot\u00e9s<\/li>\n<li data-section-id=\"1a9xxpk\" data-start=\"513\" data-end=\"563\">\u00c0 griller ou \u00e0 moudre pour varier les textures<\/li>\n<li data-section-id=\"1bikmg3\" data-start=\"564\" data-end=\"626\">Utilis\u00e9s en cuisine orientale, indienne et m\u00e9diterran\u00e9enne<\/li>\n<\/ul>\n<p data-start=\"628\" data-end=\"650\">\ud83d\udce6 <strong data-start=\"631\" data-end=\"642\">Poids :<\/strong> 250 g<\/p>\n<p data-start=\"652\" data-end=\"767\">\ud83c\udf3f <strong data-start=\"655\" data-end=\"668\">Conseil :<\/strong><br data-start=\"668\" data-end=\"671\" \/>Faites l\u00e9g\u00e8rement griller les pois chiches \u00e0 sec avant utilisation pour intensifier leur saveur.<\/p>\n","protected":false},"excerpt":{"rendered":"<p style=\"text-align: justify;\">Ajoutez une saveur douce, l\u00e9g\u00e8rement noisett\u00e9e et authentique \u00e0 vos recettes avec nos pois chiches soigneusement s\u00e9lectionn\u00e9s. Tr\u00e8s utilis\u00e9s dans les cuisines du monde, ils sont parfaits pour sublimer vos plats avec authenticit\u00e9.<\/p>\n","protected":false},"featured_media":5318,"comment_status":"open","ping_status":"closed","template":"","meta":[],"product_brand":[],"product_cat":[107,105],"product_tag":[],"class_list":{"0":"post-5317","1":"product","2":"type-product","3":"status-publish","4":"has-post-thumbnail","6":"product_cat-fruits-secs","7":"product_cat-produits-du-terroir","9":"first","10":"instock","11":"shipping-taxable","12":"purchasable","13":"product-type-simple"},"_links":{"self":[{"href":"https:\/\/bilive.ma\/index.php\/wp-json\/wp\/v2\/product\/5317","targetHints":{"allow":["GET"]}}],"collection":[{"href":"https:\/\/bilive.ma\/index.php\/wp-json\/wp\/v2\/product"}],"about":[{"href":"https:\/\/bilive.ma\/index.php\/wp-json\/wp\/v2\/types\/product"}],"replies":[{"embeddable":true,"href":"https:\/\/bilive.ma\/index.php\/wp-json\/wp\/v2\/comments?post=5317"}],"version-history":[{"count":5,"href":"https:\/\/bilive.ma\/index.php\/wp-json\/wp\/v2\/product\/5317\/revisions"}],"predecessor-version":[{"id":5777,"href":"https:\/\/bilive.ma\/index.php\/wp-json\/wp\/v2\/product\/5317\/revisions\/5777"}],"wp:featuredmedia":[{"embeddable":true,"href":"https:\/\/bilive.ma\/index.php\/wp-json\/wp\/v2\/media\/5318"}],"wp:attachment":[{"href":"https:\/\/bilive.ma\/index.php\/wp-json\/wp\/v2\/media?parent=5317"}],"wp:term":[{"taxonomy":"product_brand","embeddable":true,"href":"https:\/\/bilive.ma\/index.php\/wp-json\/wp\/v2\/product_brand?post=5317"},{"taxonomy":"product_cat","embeddable":true,"href":"https:\/\/bilive.ma\/index.php\/wp-json\/wp\/v2\/product_cat?post=5317"},{"taxonomy":"product_tag","embeddable":true,"href":"https:\/\/bilive.ma\/index.php\/wp-json\/wp\/v2\/product_tag?post=5317"}],"curies":[{"name":"wp","href":"https:\/\/api.w.org\/{rel}","templated":true}]}}