{"id":5320,"date":"2026-03-25T12:33:36","date_gmt":"2026-03-25T11:33:36","guid":{"rendered":"https:\/\/bilive.ma\/?post_type=product&#038;p=5320"},"modified":"2026-04-06T14:48:24","modified_gmt":"2026-04-06T12:48:24","slug":"pollen-dabeille-naturel","status":"publish","type":"product","link":"https:\/\/bilive.ma\/index.php\/product\/pollen-dabeille-naturel\/","title":{"rendered":"\u062d\u0628\u0648\u0628 \u0627\u0644\u0644\u0642\u0627\u062d \u2013 Pollen d\u2019Abeille Naturel"},"content":{"rendered":"<p style=\"text-align: justify;\" data-start=\"353\" data-end=\"554\">D\u00e9couvrez notre <strong data-start=\"369\" data-end=\"397\">pollen d\u2019abeille naturel frais<\/strong>, un v\u00e9ritable concentr\u00e9 de bienfaits. R\u00e9colt\u00e9 par les abeilles et soigneusement s\u00e9lectionn\u00e9, il est riche en vitamines, min\u00e9raux, prot\u00e9ines et antioxydants.<\/p>\n<p style=\"text-align: justify;\" data-start=\"556\" data-end=\"674\">Ce super-aliment est reconnu pour ses propri\u00e9t\u00e9s \u00e9nergisantes et son r\u00f4le dans le renforcement du syst\u00e8me immunitaire.<\/p>\n<p style=\"text-align: justify;\" data-start=\"676\" data-end=\"702\">\u2728 <strong data-start=\"678\" data-end=\"700\">Caract\u00e9ristiques :<\/strong><\/p>\n<ul style=\"text-align: justify;\" data-start=\"703\" data-end=\"838\">\n<li data-section-id=\"26pyjt\" data-start=\"703\" data-end=\"719\">100% naturel<\/li>\n<li data-section-id=\"irycmk\" data-start=\"720\" data-end=\"754\">Riche en vitamines et min\u00e9raux<\/li>\n<li data-section-id=\"ygz10v\" data-start=\"755\" data-end=\"785\">Source naturelle d\u2019\u00e9nergie<\/li>\n<li data-section-id=\"1f9ls7o\" data-start=\"786\" data-end=\"820\">Sans additifs ni conservateurs<\/li>\n<li data-section-id=\"1ho9zw8\" data-start=\"821\" data-end=\"838\">Haute qualit\u00e9<\/li>\n<\/ul>\n<p style=\"text-align: justify;\" data-start=\"840\" data-end=\"860\">\ud83d\udcaa <strong data-start=\"843\" data-end=\"858\">Bienfaits :<\/strong><\/p>\n<ul style=\"text-align: justify;\" data-start=\"861\" data-end=\"989\">\n<li data-section-id=\"t12445\" data-start=\"861\" data-end=\"890\">Aide \u00e0 r\u00e9duire la fatigue<\/li>\n<li data-section-id=\"1bufkdz\" data-start=\"891\" data-end=\"927\">Stimule l\u2019\u00e9nergie et la vitalit\u00e9<\/li>\n<li data-section-id=\"w5ml88\" data-start=\"928\" data-end=\"963\">Renforce le syst\u00e8me immunitaire<\/li>\n<li data-section-id=\"qbu7t2\" data-start=\"964\" data-end=\"989\">Riche en antioxydants<\/li>\n<\/ul>\n<p style=\"text-align: justify;\" data-start=\"991\" data-end=\"1025\">\ud83c\udf7d\ufe0f <strong data-start=\"995\" data-end=\"1023\">Conseils d\u2019utilisation :<\/strong><\/p>\n<ul style=\"text-align: justify;\" data-start=\"1026\" data-end=\"1121\">\n<li data-section-id=\"1rtf1gx\" data-start=\"1026\" data-end=\"1050\">\u00c0 consommer tel quel<\/li>\n<li data-section-id=\"8wimdo\" data-start=\"1051\" data-end=\"1093\">\u00c0 ajouter au miel, yaourt ou smoothies<\/li>\n<li data-section-id=\"rtd1yi\" data-start=\"1094\" data-end=\"1121\">Id\u00e9al au petit-d\u00e9jeuner<\/li>\n<\/ul>\n<p style=\"text-align: justify;\" data-start=\"1123\" data-end=\"1198\">\ud83d\udce6 <strong data-start=\"1126\" data-end=\"1147\">Conditionnement :<\/strong> Emballage herm\u00e9tique pour pr\u00e9server la fra\u00eecheur<\/p>\n<p style=\"text-align: justify;\" data-start=\"1200\" data-end=\"1283\">\ud83c\udf3f <strong data-start=\"1203\" data-end=\"1216\">Conseil :<\/strong><br data-start=\"1216\" data-end=\"1219\" \/>\u00c0 consommer de pr\u00e9f\u00e9rence le matin pour un maximum d\u2019efficacit\u00e9.<\/p>\n","protected":false},"excerpt":{"rendered":"<p style=\"text-align: justify;\">Un super-aliment naturel riche en nutriments, id\u00e9al pour booster votre \u00e9nergie et renforcer votre vitalit\u00e9 au quotidien.<\/p>\n","protected":false},"featured_media":5321,"comment_status":"open","ping_status":"closed","template":"","meta":[],"product_brand":[],"product_cat":[81,105],"product_tag":[],"class_list":{"0":"post-5320","1":"product","2":"type-product","3":"status-publish","4":"has-post-thumbnail","6":"product_cat-miels","7":"product_cat-produits-du-terroir","8":"pa_poids-100-g","9":"pa_poids-200-g","11":"first","12":"instock","13":"shipping-taxable","14":"purchasable","15":"product-type-variable","16":"wvs-archive-product-wrapper"},"_links":{"self":[{"href":"https:\/\/bilive.ma\/index.php\/wp-json\/wp\/v2\/product\/5320","targetHints":{"allow":["GET"]}}],"collection":[{"href":"https:\/\/bilive.ma\/index.php\/wp-json\/wp\/v2\/product"}],"about":[{"href":"https:\/\/bilive.ma\/index.php\/wp-json\/wp\/v2\/types\/product"}],"replies":[{"embeddable":true,"href":"https:\/\/bilive.ma\/index.php\/wp-json\/wp\/v2\/comments?post=5320"}],"version-history":[{"count":5,"href":"https:\/\/bilive.ma\/index.php\/wp-json\/wp\/v2\/product\/5320\/revisions"}],"predecessor-version":[{"id":5761,"href":"https:\/\/bilive.ma\/index.php\/wp-json\/wp\/v2\/product\/5320\/revisions\/5761"}],"wp:featuredmedia":[{"embeddable":true,"href":"https:\/\/bilive.ma\/index.php\/wp-json\/wp\/v2\/media\/5321"}],"wp:attachment":[{"href":"https:\/\/bilive.ma\/index.php\/wp-json\/wp\/v2\/media?parent=5320"}],"wp:term":[{"taxonomy":"product_brand","embeddable":true,"href":"https:\/\/bilive.ma\/index.php\/wp-json\/wp\/v2\/product_brand?post=5320"},{"taxonomy":"product_cat","embeddable":true,"href":"https:\/\/bilive.ma\/index.php\/wp-json\/wp\/v2\/product_cat?post=5320"},{"taxonomy":"product_tag","embeddable":true,"href":"https:\/\/bilive.ma\/index.php\/wp-json\/wp\/v2\/product_tag?post=5320"}],"curies":[{"name":"wp","href":"https:\/\/api.w.org\/{rel}","templated":true}]}}