{"id":5328,"date":"2026-03-25T12:48:16","date_gmt":"2026-03-25T11:48:16","guid":{"rendered":"https:\/\/bilive.ma\/?post_type=product&#038;p=5328"},"modified":"2026-04-06T14:38:25","modified_gmt":"2026-04-06T12:38:25","slug":"miel-de-jujubier","status":"publish","type":"product","link":"https:\/\/bilive.ma\/index.php\/product\/miel-de-jujubier\/","title":{"rendered":"Miel de Jujubier"},"content":{"rendered":"<p style=\"text-align: justify;\" data-start=\"376\" data-end=\"669\">Le miel de jujubier BiLive est un miel rare et pr\u00e9cieux, r\u00e9colt\u00e9 \u00e0 partir des fleurs du jujubier dans les r\u00e9gions pr\u00e9serv\u00e9es du Maroc. Tr\u00e8s appr\u00e9ci\u00e9 pour sa qualit\u00e9 sup\u00e9rieure, il se distingue par sa texture onctueuse, sa couleur ambr\u00e9e et son go\u00fbt d\u00e9licatement sucr\u00e9 avec des notes fruit\u00e9es.<\/p>\n<p style=\"text-align: justify;\" data-start=\"671\" data-end=\"710\">\ud83c\udf3f <strong data-start=\"674\" data-end=\"708\">Caract\u00e9ristiques principales :<\/strong><\/p>\n<ul style=\"text-align: justify;\" data-start=\"711\" data-end=\"829\">\n<li data-section-id=\"10yy94h\" data-start=\"711\" data-end=\"730\">Origine : Maroc<\/li>\n<li data-section-id=\"sq6x67\" data-start=\"748\" data-end=\"771\">100% pur et naturel<\/li>\n<li data-section-id=\"1f9ls7o\" data-start=\"772\" data-end=\"806\">Sans additifs ni conservateurs<\/li>\n<li data-section-id=\"1it6cm0\" data-start=\"807\" data-end=\"829\">R\u00e9colte artisanale<\/li>\n<\/ul>\n<p style=\"text-align: justify;\" data-start=\"831\" data-end=\"909\">\ud83c\udf6f <strong data-start=\"834\" data-end=\"849\">Bienfaits :<\/strong><br data-start=\"849\" data-end=\"852\" \/>Traditionnellement reconnu pour ses nombreuses vertus :<\/p>\n<ul data-start=\"910\" data-end=\"1049\">\n<li style=\"text-align: justify;\" data-section-id=\"w5ml88\" data-start=\"910\" data-end=\"945\">Renforce le syst\u00e8me immunitaire<\/li>\n<li style=\"text-align: justify;\" data-section-id=\"tv7ixi\" data-start=\"946\" data-end=\"971\">Favorise la digestion<\/li>\n<li style=\"text-align: justify;\" data-section-id=\"gzivfy\" data-start=\"972\" data-end=\"1007\">Aide \u00e0 lutter contre la fatigue<\/li>\n<li style=\"text-align: justify;\" data-section-id=\"1xe1bxb\" data-start=\"1008\" data-end=\"1049\">Propri\u00e9t\u00e9s apaisantes et \u00e9nergisantes<\/li>\n<\/ul>\n","protected":false},"excerpt":{"rendered":"<p style=\"text-align: justify;\">Savourez le miel de jujubier BiLive, un miel premium du Maroc reconnu pour sa douceur exceptionnelle et ses vertus naturelles.<\/p>\n","protected":false},"featured_media":5329,"comment_status":"open","ping_status":"closed","template":"","meta":[],"product_brand":[],"product_cat":[81,105],"product_tag":[],"class_list":{"0":"post-5328","1":"product","2":"type-product","3":"status-publish","4":"has-post-thumbnail","6":"product_cat-miels","7":"product_cat-produits-du-terroir","8":"pa_poids-1kg","9":"pa_poids-250g","10":"pa_poids-500g","12":"first","13":"instock","14":"shipping-taxable","15":"purchasable","16":"product-type-variable","17":"wvs-archive-product-wrapper"},"_links":{"self":[{"href":"https:\/\/bilive.ma\/index.php\/wp-json\/wp\/v2\/product\/5328","targetHints":{"allow":["GET"]}}],"collection":[{"href":"https:\/\/bilive.ma\/index.php\/wp-json\/wp\/v2\/product"}],"about":[{"href":"https:\/\/bilive.ma\/index.php\/wp-json\/wp\/v2\/types\/product"}],"replies":[{"embeddable":true,"href":"https:\/\/bilive.ma\/index.php\/wp-json\/wp\/v2\/comments?post=5328"}],"version-history":[{"count":3,"href":"https:\/\/bilive.ma\/index.php\/wp-json\/wp\/v2\/product\/5328\/revisions"}],"predecessor-version":[{"id":5758,"href":"https:\/\/bilive.ma\/index.php\/wp-json\/wp\/v2\/product\/5328\/revisions\/5758"}],"wp:featuredmedia":[{"embeddable":true,"href":"https:\/\/bilive.ma\/index.php\/wp-json\/wp\/v2\/media\/5329"}],"wp:attachment":[{"href":"https:\/\/bilive.ma\/index.php\/wp-json\/wp\/v2\/media?parent=5328"}],"wp:term":[{"taxonomy":"product_brand","embeddable":true,"href":"https:\/\/bilive.ma\/index.php\/wp-json\/wp\/v2\/product_brand?post=5328"},{"taxonomy":"product_cat","embeddable":true,"href":"https:\/\/bilive.ma\/index.php\/wp-json\/wp\/v2\/product_cat?post=5328"},{"taxonomy":"product_tag","embeddable":true,"href":"https:\/\/bilive.ma\/index.php\/wp-json\/wp\/v2\/product_tag?post=5328"}],"curies":[{"name":"wp","href":"https:\/\/api.w.org\/{rel}","templated":true}]}}