{"id":5332,"date":"2026-03-25T12:50:59","date_gmt":"2026-03-25T11:50:59","guid":{"rendered":"https:\/\/bilive.ma\/?post_type=product&#038;p=5332"},"modified":"2026-03-28T10:59:03","modified_gmt":"2026-03-28T09:59:03","slug":"cannelle-de-chine","status":"publish","type":"product","link":"https:\/\/bilive.ma\/index.php\/product\/cannelle-de-chine\/","title":{"rendered":"Cannelle de Chine"},"content":{"rendered":"<p style=\"text-align: justify;\" data-start=\"376\" data-end=\"598\">La cannelle de Chine BioLive est une \u00e9pice incontournable, reconnue pour son parfum puissant et ses notes l\u00e9g\u00e8rement sucr\u00e9es et bois\u00e9es. Finement moulue, elle est id\u00e9ale pour sublimer vos pr\u00e9parations sucr\u00e9es comme sal\u00e9es.<\/p>\n<p style=\"text-align: justify;\" data-start=\"600\" data-end=\"753\">S\u00e9lectionn\u00e9e avec soin, cette cannelle offre une qualit\u00e9 sup\u00e9rieure, parfaite pour une utilisation quotidienne en cuisine ou pour ses bienfaits naturels.<\/p>\n<p style=\"text-align: justify;\" data-start=\"755\" data-end=\"794\">\ud83c\udf3f <strong data-start=\"758\" data-end=\"792\">Caract\u00e9ristiques principales :<\/strong><\/p>\n<ul style=\"text-align: justify;\" data-start=\"795\" data-end=\"933\">\n<li data-section-id=\"frhvhm\" data-start=\"795\" data-end=\"814\">Origine : Chine<\/li>\n<li data-section-id=\"1e8xtxi\" data-start=\"815\" data-end=\"831\">Poids : 200g<\/li>\n<li data-section-id=\"vmwudf\" data-start=\"832\" data-end=\"858\">100% pure et naturelle<\/li>\n<li data-section-id=\"vwampx\" data-start=\"859\" data-end=\"898\">Texture fine et facile \u00e0 incorporer<\/li>\n<li data-section-id=\"1f9ls7o\" data-start=\"899\" data-end=\"933\">Sans additifs ni conservateurs<\/li>\n<\/ul>\n<p style=\"text-align: justify;\" data-start=\"935\" data-end=\"959\">\ud83c\udf7d\ufe0f <strong data-start=\"939\" data-end=\"957\">Utilisations :<\/strong><\/p>\n<ul style=\"text-align: justify;\" data-start=\"960\" data-end=\"1117\">\n<li data-section-id=\"1h7r76b\" data-start=\"960\" data-end=\"1003\">P\u00e2tisseries (g\u00e2teaux, biscuits, tartes)<\/li>\n<li data-section-id=\"18xatsq\" data-start=\"1004\" data-end=\"1042\">Boissons chaudes (th\u00e9, caf\u00e9, lait)<\/li>\n<li data-section-id=\"15oivyo\" data-start=\"1043\" data-end=\"1081\">Plats sal\u00e9s et recettes orientales<\/li>\n<li data-section-id=\"1izs883\" data-start=\"1082\" data-end=\"1117\">Smoothies et pr\u00e9parations sant\u00e9<\/li>\n<\/ul>\n<p style=\"text-align: justify;\" data-start=\"1119\" data-end=\"1176\">\ud83d\udcaa <strong data-start=\"1122\" data-end=\"1137\">Bienfaits :<\/strong><br data-start=\"1137\" data-end=\"1140\" \/>Traditionnellement utilis\u00e9e pour :<\/p>\n<ul data-start=\"1177\" data-end=\"1295\">\n<li style=\"text-align: justify;\" data-section-id=\"pwv3wk\" data-start=\"1177\" data-end=\"1203\">Favoriser la digestion<\/li>\n<li style=\"text-align: justify;\" data-section-id=\"1tbilke\" data-start=\"1204\" data-end=\"1227\">R\u00e9guler la glyc\u00e9mie<\/li>\n<li style=\"text-align: justify;\" data-section-id=\"pmb5f6\" data-start=\"1228\" data-end=\"1269\">Apporter un effet r\u00e9chauffant naturel<\/li>\n<li style=\"text-align: justify;\" data-section-id=\"qbu7t2\" data-start=\"1270\" data-end=\"1295\">Riche en antioxydants<\/li>\n<\/ul>\n","protected":false},"excerpt":{"rendered":"<p style=\"text-align: justify;\" data-start=\"204\" data-end=\"335\">Apportez une touche chaleureuse et parfum\u00e9e \u00e0 vos plats avec la cannelle de Chine BiLive, une \u00e9pice naturelle aux ar\u00f4mes intenses.<\/p>\n","protected":false},"featured_media":5333,"comment_status":"open","ping_status":"closed","template":"","meta":[],"product_brand":[],"product_cat":[82,105],"product_tag":[],"class_list":{"0":"post-5332","1":"product","2":"type-product","3":"status-publish","4":"has-post-thumbnail","6":"product_cat-epices-plantes-et-grains","7":"product_cat-produits-du-terroir","9":"first","10":"instock","11":"shipping-taxable","12":"purchasable","13":"product-type-simple"},"_links":{"self":[{"href":"https:\/\/bilive.ma\/index.php\/wp-json\/wp\/v2\/product\/5332","targetHints":{"allow":["GET"]}}],"collection":[{"href":"https:\/\/bilive.ma\/index.php\/wp-json\/wp\/v2\/product"}],"about":[{"href":"https:\/\/bilive.ma\/index.php\/wp-json\/wp\/v2\/types\/product"}],"replies":[{"embeddable":true,"href":"https:\/\/bilive.ma\/index.php\/wp-json\/wp\/v2\/comments?post=5332"}],"version-history":[{"count":2,"href":"https:\/\/bilive.ma\/index.php\/wp-json\/wp\/v2\/product\/5332\/revisions"}],"predecessor-version":[{"id":5503,"href":"https:\/\/bilive.ma\/index.php\/wp-json\/wp\/v2\/product\/5332\/revisions\/5503"}],"wp:featuredmedia":[{"embeddable":true,"href":"https:\/\/bilive.ma\/index.php\/wp-json\/wp\/v2\/media\/5333"}],"wp:attachment":[{"href":"https:\/\/bilive.ma\/index.php\/wp-json\/wp\/v2\/media?parent=5332"}],"wp:term":[{"taxonomy":"product_brand","embeddable":true,"href":"https:\/\/bilive.ma\/index.php\/wp-json\/wp\/v2\/product_brand?post=5332"},{"taxonomy":"product_cat","embeddable":true,"href":"https:\/\/bilive.ma\/index.php\/wp-json\/wp\/v2\/product_cat?post=5332"},{"taxonomy":"product_tag","embeddable":true,"href":"https:\/\/bilive.ma\/index.php\/wp-json\/wp\/v2\/product_tag?post=5332"}],"curies":[{"name":"wp","href":"https:\/\/api.w.org\/{rel}","templated":true}]}}