{"id":5335,"date":"2026-03-25T13:27:08","date_gmt":"2026-03-25T12:27:08","guid":{"rendered":"https:\/\/bilive.ma\/?post_type=product&#038;p=5335"},"modified":"2026-03-28T10:58:29","modified_gmt":"2026-03-28T09:58:29","slug":"poudre-de-crevette","status":"publish","type":"product","link":"https:\/\/bilive.ma\/index.php\/product\/poudre-de-crevette\/","title":{"rendered":"Poudre de Crevette"},"content":{"rendered":"<p style=\"text-align: justify;\" data-start=\"559\" data-end=\"819\">D\u00e9couvrez la <strong data-start=\"572\" data-end=\"602\">poudre de crevette Bilive<\/strong>, un ingr\u00e9dient incontournable pour sublimer vos plats au quotidien. Fabriqu\u00e9e \u00e0 partir de crevettes soigneusement s\u00e9lectionn\u00e9es, cette poudre fine et savoureuse est parfaite pour enrichir vos pr\u00e9parations culinaires.<\/p>\n<p style=\"text-align: justify;\" data-start=\"821\" data-end=\"930\">Son go\u00fbt intense et naturel apporte une profondeur unique \u00e0 vos recettes, tout en \u00e9tant simple d\u2019utilisation.<\/p>\n<p style=\"text-align: justify;\" data-start=\"932\" data-end=\"970\">\u2728 <strong data-start=\"934\" data-end=\"968\">Caract\u00e9ristiques principales :<\/strong><\/p>\n<ul style=\"text-align: justify;\" data-start=\"971\" data-end=\"1140\">\n<li data-section-id=\"1eo9wyr\" data-start=\"971\" data-end=\"1004\">100% naturelle, sans additifs<\/li>\n<li data-section-id=\"1amobg3\" data-start=\"1005\" data-end=\"1041\">Riche en prot\u00e9ines et nutriments<\/li>\n<li data-section-id=\"1ae6ddf\" data-start=\"1042\" data-end=\"1074\">Go\u00fbt authentique de crevette<\/li>\n<li data-section-id=\"10tn3g8\" data-start=\"1075\" data-end=\"1112\">Texture fine, facile \u00e0 incorporer<\/li>\n<li data-section-id=\"1atg0bk\" data-start=\"1113\" data-end=\"1140\">Format pratique de 200g<\/li>\n<\/ul>\n<p style=\"text-align: justify;\" data-start=\"1142\" data-end=\"1165\">\ud83c\udf7d\ufe0f <strong data-start=\"1146\" data-end=\"1163\">Id\u00e9ale pour :<\/strong><\/p>\n<ul data-start=\"1166\" data-end=\"1288\">\n<li style=\"text-align: justify;\" data-section-id=\"1cs4wr9\" data-start=\"1166\" data-end=\"1189\">Soupes et bouillons<\/li>\n<li style=\"text-align: justify;\" data-section-id=\"mz5866\" data-start=\"1190\" data-end=\"1217\">Sauces et plats mijot\u00e9s<\/li>\n<li style=\"text-align: justify;\" data-section-id=\"o8qcr\" data-start=\"1218\" data-end=\"1252\">Riz, p\u00e2tes et plats asiatiques<\/li>\n<li style=\"text-align: justify;\" data-section-id=\"12kui0v\" data-start=\"1253\" data-end=\"1288\">Assaisonnement de fruits de mer<\/li>\n<\/ul>\n","protected":false},"excerpt":{"rendered":"<p>Apportez une touche gourmande et authentique \u00e0 vos plats avec notre <strong data-start=\"397\" data-end=\"434\">poudre de crevette 100% naturelle<\/strong>. Id\u00e9ale pour relever vos recettes avec une saveur intense et d\u00e9licate de fruits de mer.<\/p>\n","protected":false},"featured_media":5336,"comment_status":"open","ping_status":"closed","template":"","meta":[],"product_brand":[],"product_cat":[82,105],"product_tag":[],"class_list":{"0":"post-5335","1":"product","2":"type-product","3":"status-publish","4":"has-post-thumbnail","6":"product_cat-epices-plantes-et-grains","7":"product_cat-produits-du-terroir","9":"first","10":"instock","11":"shipping-taxable","12":"purchasable","13":"product-type-simple"},"_links":{"self":[{"href":"https:\/\/bilive.ma\/index.php\/wp-json\/wp\/v2\/product\/5335","targetHints":{"allow":["GET"]}}],"collection":[{"href":"https:\/\/bilive.ma\/index.php\/wp-json\/wp\/v2\/product"}],"about":[{"href":"https:\/\/bilive.ma\/index.php\/wp-json\/wp\/v2\/types\/product"}],"replies":[{"embeddable":true,"href":"https:\/\/bilive.ma\/index.php\/wp-json\/wp\/v2\/comments?post=5335"}],"version-history":[{"count":2,"href":"https:\/\/bilive.ma\/index.php\/wp-json\/wp\/v2\/product\/5335\/revisions"}],"predecessor-version":[{"id":5502,"href":"https:\/\/bilive.ma\/index.php\/wp-json\/wp\/v2\/product\/5335\/revisions\/5502"}],"wp:featuredmedia":[{"embeddable":true,"href":"https:\/\/bilive.ma\/index.php\/wp-json\/wp\/v2\/media\/5336"}],"wp:attachment":[{"href":"https:\/\/bilive.ma\/index.php\/wp-json\/wp\/v2\/media?parent=5335"}],"wp:term":[{"taxonomy":"product_brand","embeddable":true,"href":"https:\/\/bilive.ma\/index.php\/wp-json\/wp\/v2\/product_brand?post=5335"},{"taxonomy":"product_cat","embeddable":true,"href":"https:\/\/bilive.ma\/index.php\/wp-json\/wp\/v2\/product_cat?post=5335"},{"taxonomy":"product_tag","embeddable":true,"href":"https:\/\/bilive.ma\/index.php\/wp-json\/wp\/v2\/product_tag?post=5335"}],"curies":[{"name":"wp","href":"https:\/\/api.w.org\/{rel}","templated":true}]}}