{"id":5348,"date":"2026-03-25T13:41:42","date_gmt":"2026-03-25T12:41:42","guid":{"rendered":"https:\/\/bilive.ma\/?post_type=product&#038;p=5348"},"modified":"2026-03-28T10:50:06","modified_gmt":"2026-03-28T09:50:06","slug":"the-vert-premium-chunmee-klass","status":"publish","type":"product","link":"https:\/\/bilive.ma\/index.php\/product\/the-vert-premium-chunmee-klass\/","title":{"rendered":"Th\u00e9 Vert Premium Chunmee KLASS"},"content":{"rendered":"<p style=\"text-align: justify;\" data-start=\"218\" data-end=\"478\">Offrez-vous une exp\u00e9rience raffin\u00e9e avec le <strong data-start=\"262\" data-end=\"288\">th\u00e9 vert Chunmee KLASS<\/strong>, un th\u00e9 chinois reconnu pour sa saveur d\u00e9licate et l\u00e9g\u00e8rement acidul\u00e9e. Pr\u00e9sent\u00e9 dans une \u00e9l\u00e9gante bo\u00eete m\u00e9tallique au design luxueux, ce th\u00e9 allie qualit\u00e9 sup\u00e9rieure et esth\u00e9tique moderne.<\/p>\n<p style=\"text-align: justify;\" data-start=\"480\" data-end=\"519\">\ud83c\udf3f <strong data-start=\"483\" data-end=\"517\">Caract\u00e9ristiques principales :<\/strong><\/p>\n<ul style=\"text-align: justify;\" data-start=\"520\" data-end=\"757\">\n<li data-section-id=\"mavfk2\" data-start=\"520\" data-end=\"561\">Th\u00e9 vert Chunmee authentique de Chine<\/li>\n<li data-section-id=\"yiv1rl\" data-start=\"562\" data-end=\"604\">Ar\u00f4me l\u00e9ger, frais et l\u00e9g\u00e8rement sucr\u00e9<\/li>\n<li data-section-id=\"1jnagv4\" data-start=\"605\" data-end=\"639\">Riche en antioxydants naturels<\/li>\n<li data-section-id=\"1lncmin\" data-start=\"640\" data-end=\"683\">Id\u00e9al pour une consommation quotidienne<\/li>\n<li data-section-id=\"ov7psy\" data-start=\"684\" data-end=\"757\">Conditionn\u00e9 dans une bo\u00eete herm\u00e9tique pour une meilleure conservation<\/li>\n<\/ul>\n<p style=\"text-align: justify;\" data-start=\"759\" data-end=\"931\">\ud83d\udc8e <strong data-start=\"762\" data-end=\"790\">Un produit d\u2019exception :<\/strong><br data-start=\"790\" data-end=\"793\" \/>Son packaging sophistiqu\u00e9 avec finition m\u00e9tallique et motif diamant en fait \u00e9galement une excellente id\u00e9e cadeau pour les amateurs de th\u00e9.<\/p>\n","protected":false},"excerpt":{"rendered":"<p style=\"text-align: justify;\">Offrez-vous une exp\u00e9rience raffin\u00e9e avec le <strong data-start=\"262\" data-end=\"288\">th\u00e9 vert Chunmee KLASS<\/strong>, un th\u00e9 chinois reconnu pour sa saveur d\u00e9licate et l\u00e9g\u00e8rement acidul\u00e9e. Pr\u00e9sent\u00e9 dans une \u00e9l\u00e9gante bo\u00eete m\u00e9tallique au design luxueux, ce th\u00e9 allie qualit\u00e9 sup\u00e9rieure et esth\u00e9tique moderne.<\/p>\n","protected":false},"featured_media":5349,"comment_status":"open","ping_status":"closed","template":"","meta":[],"product_brand":[],"product_cat":[111,105],"product_tag":[],"class_list":{"0":"post-5348","1":"product","2":"type-product","3":"status-publish","4":"has-post-thumbnail","6":"product_cat-dattes-et-the","7":"product_cat-produits-du-terroir","9":"first","10":"instock","11":"shipping-taxable","12":"purchasable","13":"product-type-simple"},"_links":{"self":[{"href":"https:\/\/bilive.ma\/index.php\/wp-json\/wp\/v2\/product\/5348","targetHints":{"allow":["GET"]}}],"collection":[{"href":"https:\/\/bilive.ma\/index.php\/wp-json\/wp\/v2\/product"}],"about":[{"href":"https:\/\/bilive.ma\/index.php\/wp-json\/wp\/v2\/types\/product"}],"replies":[{"embeddable":true,"href":"https:\/\/bilive.ma\/index.php\/wp-json\/wp\/v2\/comments?post=5348"}],"version-history":[{"count":2,"href":"https:\/\/bilive.ma\/index.php\/wp-json\/wp\/v2\/product\/5348\/revisions"}],"predecessor-version":[{"id":5496,"href":"https:\/\/bilive.ma\/index.php\/wp-json\/wp\/v2\/product\/5348\/revisions\/5496"}],"wp:featuredmedia":[{"embeddable":true,"href":"https:\/\/bilive.ma\/index.php\/wp-json\/wp\/v2\/media\/5349"}],"wp:attachment":[{"href":"https:\/\/bilive.ma\/index.php\/wp-json\/wp\/v2\/media?parent=5348"}],"wp:term":[{"taxonomy":"product_brand","embeddable":true,"href":"https:\/\/bilive.ma\/index.php\/wp-json\/wp\/v2\/product_brand?post=5348"},{"taxonomy":"product_cat","embeddable":true,"href":"https:\/\/bilive.ma\/index.php\/wp-json\/wp\/v2\/product_cat?post=5348"},{"taxonomy":"product_tag","embeddable":true,"href":"https:\/\/bilive.ma\/index.php\/wp-json\/wp\/v2\/product_tag?post=5348"}],"curies":[{"name":"wp","href":"https:\/\/api.w.org\/{rel}","templated":true}]}}