{"id":5351,"date":"2026-03-25T13:55:19","date_gmt":"2026-03-25T12:55:19","guid":{"rendered":"https:\/\/bilive.ma\/?post_type=product&#038;p=5351"},"modified":"2026-03-28T10:46:51","modified_gmt":"2026-03-28T09:46:51","slug":"akrich-khliia-msemmen","status":"publish","type":"product","link":"https:\/\/bilive.ma\/index.php\/product\/akrich-khliia-msemmen\/","title":{"rendered":"Akrich (Khliia Msemmen)"},"content":{"rendered":"<p style=\"text-align: justify;\" data-start=\"235\" data-end=\"581\">Savourez le go\u00fbt authentique du <strong data-start=\"267\" data-end=\"286\">Akrich marocain<\/strong>, \u00e9galement connu comme une pr\u00e9paration proche du <strong data-start=\"336\" data-end=\"345\">Khliia<\/strong>, une viande confite traditionnelle pr\u00e9par\u00e9e selon un savoir-faire ancestral. Riche en saveurs, ce produit est \u00e9labor\u00e9 \u00e0 base de viande marin\u00e9e, s\u00e9ch\u00e9e puis cuite lentement dans la graisse, offrant une texture tendre et un go\u00fbt intense.<\/p>\n<p style=\"text-align: justify;\" data-start=\"583\" data-end=\"798\">\ud83d\udd25 <strong data-start=\"586\" data-end=\"633\">Un incontournable de la cuisine marocaine :<\/strong><br data-start=\"633\" data-end=\"636\" \/>Le Akrich est souvent utilis\u00e9 pour accompagner le <strong data-start=\"686\" data-end=\"697\">msemmen<\/strong>, les \u0153ufs ou d&#8217;autres plats traditionnels, apportant une touche savoureuse et g\u00e9n\u00e9reuse \u00e0 vos repas.<\/p>\n<p style=\"text-align: justify;\" data-start=\"800\" data-end=\"839\">\ud83c\udf3f <strong data-start=\"803\" data-end=\"837\">Caract\u00e9ristiques principales :<\/strong><\/p>\n<ul style=\"text-align: justify;\" data-start=\"840\" data-end=\"1051\">\n<li data-section-id=\"1wq4y9j\" data-start=\"840\" data-end=\"872\">Recette artisanale marocaine<\/li>\n<li data-section-id=\"1l0zujh\" data-start=\"873\" data-end=\"921\">Viande soigneusement pr\u00e9par\u00e9e et assaisonn\u00e9e<\/li>\n<li data-section-id=\"1h1wxsk\" data-start=\"922\" data-end=\"964\">Conservation naturelle dans la graisse<\/li>\n<li data-section-id=\"1gsz5th\" data-start=\"965\" data-end=\"996\">Saveur riche et authentique<\/li>\n<li data-section-id=\"1pz10bz\" data-start=\"997\" data-end=\"1051\">Id\u00e9al pour petits-d\u00e9jeuners et plats traditionnels<\/li>\n<\/ul>\n<p style=\"text-align: justify;\" data-start=\"1053\" data-end=\"1188\">\ud83c\udf73 <strong data-start=\"1056\" data-end=\"1084\">Conseils d\u2019utilisation :<\/strong><br data-start=\"1084\" data-end=\"1087\" \/>Faire chauffer l\u00e9g\u00e8rement avec des \u0153ufs ou incorporer dans vos pr\u00e9parations (msemmen, tajines, etc.).<\/p>\n","protected":false},"excerpt":{"rendered":"<p style=\"text-align: justify;\">Savourez le go\u00fbt authentique du <strong data-start=\"267\" data-end=\"286\">Akrich marocain<\/strong>, \u00e9galement connu comme une pr\u00e9paration proche du <strong data-start=\"336\" data-end=\"345\">Khliia<\/strong>, une viande confite traditionnelle pr\u00e9par\u00e9e selon un savoir-faire ancestral. Riche en saveurs, ce produit est \u00e9labor\u00e9 \u00e0 base de viande marin\u00e9e, s\u00e9ch\u00e9e puis cuite lentement dans la graisse, offrant une texture tendre et un go\u00fbt intense.<\/p>\n","protected":false},"featured_media":5352,"comment_status":"open","ping_status":"closed","template":"","meta":[],"product_brand":[],"product_cat":[108,105],"product_tag":[],"class_list":{"0":"post-5351","1":"product","2":"type-product","3":"status-publish","4":"has-post-thumbnail","6":"product_cat-khliaa","7":"product_cat-produits-du-terroir","9":"first","10":"instock","11":"shipping-taxable","12":"purchasable","13":"product-type-simple"},"_links":{"self":[{"href":"https:\/\/bilive.ma\/index.php\/wp-json\/wp\/v2\/product\/5351","targetHints":{"allow":["GET"]}}],"collection":[{"href":"https:\/\/bilive.ma\/index.php\/wp-json\/wp\/v2\/product"}],"about":[{"href":"https:\/\/bilive.ma\/index.php\/wp-json\/wp\/v2\/types\/product"}],"replies":[{"embeddable":true,"href":"https:\/\/bilive.ma\/index.php\/wp-json\/wp\/v2\/comments?post=5351"}],"version-history":[{"count":2,"href":"https:\/\/bilive.ma\/index.php\/wp-json\/wp\/v2\/product\/5351\/revisions"}],"predecessor-version":[{"id":5495,"href":"https:\/\/bilive.ma\/index.php\/wp-json\/wp\/v2\/product\/5351\/revisions\/5495"}],"wp:featuredmedia":[{"embeddable":true,"href":"https:\/\/bilive.ma\/index.php\/wp-json\/wp\/v2\/media\/5352"}],"wp:attachment":[{"href":"https:\/\/bilive.ma\/index.php\/wp-json\/wp\/v2\/media?parent=5351"}],"wp:term":[{"taxonomy":"product_brand","embeddable":true,"href":"https:\/\/bilive.ma\/index.php\/wp-json\/wp\/v2\/product_brand?post=5351"},{"taxonomy":"product_cat","embeddable":true,"href":"https:\/\/bilive.ma\/index.php\/wp-json\/wp\/v2\/product_cat?post=5351"},{"taxonomy":"product_tag","embeddable":true,"href":"https:\/\/bilive.ma\/index.php\/wp-json\/wp\/v2\/product_tag?post=5351"}],"curies":[{"name":"wp","href":"https:\/\/api.w.org\/{rel}","templated":true}]}}