{"id":5354,"date":"2026-03-25T13:58:57","date_gmt":"2026-03-25T12:58:57","guid":{"rendered":"https:\/\/bilive.ma\/?post_type=product&#038;p=5354"},"modified":"2026-03-25T13:59:06","modified_gmt":"2026-03-25T12:59:06","slug":"amandes-naturelles-entieres","status":"publish","type":"product","link":"https:\/\/bilive.ma\/index.php\/product\/amandes-naturelles-entieres\/","title":{"rendered":"Amandes Naturelles Enti\u00e8res"},"content":{"rendered":"<p style=\"text-align: justify;\" data-start=\"198\" data-end=\"451\">Profitez de la qualit\u00e9 et de la fra\u00eecheur de nos <strong data-start=\"247\" data-end=\"278\">amandes naturelles enti\u00e8res<\/strong>, soigneusement s\u00e9lectionn\u00e9es pour leur go\u00fbt riche et leur texture croquante. Id\u00e9ales pour une alimentation saine, elles sont une excellente source de nutriments essentiels.<\/p>\n<p style=\"text-align: justify;\" data-start=\"453\" data-end=\"645\">\ud83c\udf30 <strong data-start=\"456\" data-end=\"487\">Un snack sain et gourmand :<\/strong><br data-start=\"487\" data-end=\"490\" \/>Les amandes sont parfaites pour une consommation quotidienne, que ce soit en collation, au petit-d\u00e9jeuner ou int\u00e9gr\u00e9es dans vos recettes sucr\u00e9es et sal\u00e9es.<\/p>\n<p style=\"text-align: justify;\" data-start=\"647\" data-end=\"681\">\ud83d\udcaa <strong data-start=\"650\" data-end=\"679\">Bienfaits nutritionnels :<\/strong><\/p>\n<ul data-start=\"682\" data-end=\"821\">\n<li style=\"text-align: justify;\" data-section-id=\"75z93u\" data-start=\"682\" data-end=\"715\">Riches en prot\u00e9ines v\u00e9g\u00e9tales<\/li>\n<li style=\"text-align: justify;\" data-section-id=\"ri4ugt\" data-start=\"716\" data-end=\"736\">Source de fibres<\/li>\n<li style=\"text-align: justify;\" data-section-id=\"1e5oigx\" data-start=\"737\" data-end=\"782\">Contiennent des vitamines (E) et min\u00e9raux<\/li>\n<\/ul>\n","protected":false},"excerpt":{"rendered":"<p style=\"text-align: justify;\">Profitez de la qualit\u00e9 et de la fra\u00eecheur de nos <strong data-start=\"247\" data-end=\"278\">amandes naturelles enti\u00e8res<\/strong>, soigneusement s\u00e9lectionn\u00e9es pour leur go\u00fbt riche et leur texture croquante. Id\u00e9ales pour une alimentation saine, elles sont une excellente source de nutriments essentiels.<\/p>\n","protected":false},"featured_media":5355,"comment_status":"open","ping_status":"closed","template":"","meta":[],"product_brand":[],"product_cat":[107,105],"product_tag":[],"class_list":{"0":"post-5354","1":"product","2":"type-product","3":"status-publish","4":"has-post-thumbnail","6":"product_cat-fruits-secs","7":"product_cat-produits-du-terroir","9":"first","10":"instock","11":"shipping-taxable","12":"purchasable","13":"product-type-simple"},"_links":{"self":[{"href":"https:\/\/bilive.ma\/index.php\/wp-json\/wp\/v2\/product\/5354","targetHints":{"allow":["GET"]}}],"collection":[{"href":"https:\/\/bilive.ma\/index.php\/wp-json\/wp\/v2\/product"}],"about":[{"href":"https:\/\/bilive.ma\/index.php\/wp-json\/wp\/v2\/types\/product"}],"replies":[{"embeddable":true,"href":"https:\/\/bilive.ma\/index.php\/wp-json\/wp\/v2\/comments?post=5354"}],"version-history":[{"count":2,"href":"https:\/\/bilive.ma\/index.php\/wp-json\/wp\/v2\/product\/5354\/revisions"}],"predecessor-version":[{"id":5494,"href":"https:\/\/bilive.ma\/index.php\/wp-json\/wp\/v2\/product\/5354\/revisions\/5494"}],"wp:featuredmedia":[{"embeddable":true,"href":"https:\/\/bilive.ma\/index.php\/wp-json\/wp\/v2\/media\/5355"}],"wp:attachment":[{"href":"https:\/\/bilive.ma\/index.php\/wp-json\/wp\/v2\/media?parent=5354"}],"wp:term":[{"taxonomy":"product_brand","embeddable":true,"href":"https:\/\/bilive.ma\/index.php\/wp-json\/wp\/v2\/product_brand?post=5354"},{"taxonomy":"product_cat","embeddable":true,"href":"https:\/\/bilive.ma\/index.php\/wp-json\/wp\/v2\/product_cat?post=5354"},{"taxonomy":"product_tag","embeddable":true,"href":"https:\/\/bilive.ma\/index.php\/wp-json\/wp\/v2\/product_tag?post=5354"}],"curies":[{"name":"wp","href":"https:\/\/api.w.org\/{rel}","templated":true}]}}