{"id":5358,"date":"2026-03-25T14:10:17","date_gmt":"2026-03-25T13:10:17","guid":{"rendered":"https:\/\/bilive.ma\/?post_type=product&#038;p=5358"},"modified":"2026-03-25T14:23:41","modified_gmt":"2026-03-25T13:23:41","slug":"sel-rose-de-lhimalaya-naturel-200g","status":"publish","type":"product","link":"https:\/\/bilive.ma\/index.php\/product\/sel-rose-de-lhimalaya-naturel-200g\/","title":{"rendered":"Sel rose de l\u2019Himalaya naturel \u2013 200g"},"content":{"rendered":"<div class=\"relative basis-auto flex-col -mb-(--composer-overlap-px) pb-(--composer-overlap-px) [--composer-overlap-px:28px] grow flex\">\n<div class=\"flex flex-col text-sm\">\n<section class=\"text-token-text-primary w-full focus:outline-none [--shadow-height:45px] has-data-writing-block:pointer-events-none has-data-writing-block:-mt-(--shadow-height) has-data-writing-block:pt-(--shadow-height) [&amp;:has([data-writing-block])&gt;*]:pointer-events-auto scroll-mt-[calc(var(--header-height)+min(200px,max(70px,20svh)))]\" dir=\"auto\" data-turn-id=\"request-WEB:9c68432f-70b7-471f-80f5-ac65fb9281b2-0\" data-testid=\"conversation-turn-2\" data-scroll-anchor=\"true\" data-turn=\"assistant\">\n<div class=\"text-base my-auto mx-auto pb-10 [--thread-content-margin:var(--thread-content-margin-xs,calc(var(--spacing)*4))] @w-sm\/main:[--thread-content-margin:var(--thread-content-margin-sm,calc(var(--spacing)*6))] @w-lg\/main:[--thread-content-margin:var(--thread-content-margin-lg,calc(var(--spacing)*16))] px-(--thread-content-margin)\">\n<div class=\"[--thread-content-max-width:40rem] @w-lg\/main:[--thread-content-max-width:48rem] mx-auto max-w-(--thread-content-max-width) flex-1 group\/turn-messages focus-visible:outline-hidden relative flex w-full min-w-0 flex-col agent-turn\">\n<div class=\"flex max-w-full flex-col gap-4 grow\">\n<div class=\"min-h-8 text-message relative flex w-full flex-col items-end gap-2 text-start break-words whitespace-normal outline-none keyboard-focused:focus-ring [.text-message+&amp;]:mt-1\" dir=\"auto\" tabindex=\"0\" data-message-author-role=\"assistant\" data-message-id=\"935f3945-7798-4616-9e1f-5400237351a5\" data-message-model-slug=\"gpt-5-3\" data-turn-start-message=\"true\">\n<div class=\"flex w-full flex-col gap-1 empty:hidden\">\n<div class=\"markdown prose dark:prose-invert w-full wrap-break-word light markdown-new-styling\">\n<p data-start=\"236\" data-end=\"483\">Apportez une touche d\u2019authenticit\u00e9 et de puret\u00e9 \u00e0 votre cuisine avec ce sel rose de l\u2019Himalaya 100 % naturel. R\u00e9colt\u00e9 \u00e0 la main dans les montagnes de l\u2019Himalaya, ce sel est r\u00e9put\u00e9 pour sa richesse en min\u00e9raux essentiels et sa couleur ros\u00e9e unique.<\/p>\n<p data-start=\"485\" data-end=\"614\">Gr\u00e2ce \u00e0 sa texture cristalline et son go\u00fbt d\u00e9licat, il sublime aussi bien vos plats du quotidien que vos recettes gastronomiques.<\/p>\n<h4 data-start=\"616\" data-end=\"646\"><span role=\"text\">\ud83c\udf3f <strong data-start=\"624\" data-end=\"646\">Caract\u00e9ristiques :<\/strong><\/span><\/h4>\n<ul data-start=\"647\" data-end=\"793\">\n<li data-section-id=\"1vcx9a3\" data-start=\"647\" data-end=\"669\">Origine : Himalaya<\/li>\n<li data-section-id=\"ofy6rq\" data-start=\"670\" data-end=\"687\">Poids : 200 g<\/li>\n<li data-section-id=\"1r1nfpa\" data-start=\"688\" data-end=\"724\">Sel non raffin\u00e9 et sans additifs<\/li>\n<li data-section-id=\"1ohd79p\" data-start=\"725\" data-end=\"755\">Riche en min\u00e9raux naturels<\/li>\n<li data-section-id=\"zna7hc\" data-start=\"756\" data-end=\"793\">Convient \u00e0 tous types de cuisines<\/li>\n<\/ul>\n<h4 data-start=\"795\" data-end=\"821\"><span role=\"text\">\ud83c\udf7d\ufe0f <strong data-start=\"804\" data-end=\"821\">Utilisation :<\/strong><\/span><\/h4>\n<p data-start=\"822\" data-end=\"922\">Id\u00e9al pour assaisonner viandes, poissons, l\u00e9gumes, salades ou encore pour une utilisation en moulin.<\/p>\n<h4 data-start=\"924\" data-end=\"954\"><span role=\"text\">\ud83d\udc9a <strong data-start=\"932\" data-end=\"954\">Les + du produit :<\/strong><\/span><\/h4>\n<ul data-start=\"955\" data-end=\"1082\">\n<li data-section-id=\"14tu6ag\" data-start=\"955\" data-end=\"986\">Saveur authentique et douce<\/li>\n<li data-section-id=\"1nhaov4\" data-start=\"987\" data-end=\"1039\">Aspect esth\u00e9tique pour la pr\u00e9sentation des plats<\/li>\n<li data-section-id=\"1gtm3df\" data-start=\"1040\" data-end=\"1082\">Alternative naturelle au sel classique<\/li>\n<\/ul>\n<\/div>\n<\/div>\n<\/div>\n<\/div>\n<div class=\"z-0 flex min-h-[46px] justify-start\"><\/div>\n<\/div>\n<\/div>\n<\/section>\n<\/div>\n<\/div>\n","protected":false},"excerpt":{"rendered":"<p>Apportez une touche d\u2019authenticit\u00e9 et de puret\u00e9 \u00e0 votre cuisine avec ce sel rose de l\u2019Himalaya 100 % naturel. R\u00e9colt\u00e9 \u00e0 la main dans les montagnes de l\u2019Himalaya, ce sel est r\u00e9put\u00e9 pour sa richesse en min\u00e9raux essentiels et sa couleur ros\u00e9e unique. Gr\u00e2ce \u00e0 sa texture cristalline et son go\u00fbt d\u00e9licat, il sublime aussi [&hellip;]<\/p>\n","protected":false},"featured_media":5359,"comment_status":"open","ping_status":"closed","template":"","meta":[],"product_brand":[],"product_cat":[82,105],"product_tag":[],"class_list":{"0":"post-5358","1":"product","2":"type-product","3":"status-publish","4":"has-post-thumbnail","6":"product_cat-epices-plantes-et-grains","7":"product_cat-produits-du-terroir","9":"first","10":"instock","11":"shipping-taxable","12":"purchasable","13":"product-type-simple"},"_links":{"self":[{"href":"https:\/\/bilive.ma\/index.php\/wp-json\/wp\/v2\/product\/5358","targetHints":{"allow":["GET"]}}],"collection":[{"href":"https:\/\/bilive.ma\/index.php\/wp-json\/wp\/v2\/product"}],"about":[{"href":"https:\/\/bilive.ma\/index.php\/wp-json\/wp\/v2\/types\/product"}],"replies":[{"embeddable":true,"href":"https:\/\/bilive.ma\/index.php\/wp-json\/wp\/v2\/comments?post=5358"}],"version-history":[{"count":2,"href":"https:\/\/bilive.ma\/index.php\/wp-json\/wp\/v2\/product\/5358\/revisions"}],"predecessor-version":[{"id":5493,"href":"https:\/\/bilive.ma\/index.php\/wp-json\/wp\/v2\/product\/5358\/revisions\/5493"}],"wp:featuredmedia":[{"embeddable":true,"href":"https:\/\/bilive.ma\/index.php\/wp-json\/wp\/v2\/media\/5359"}],"wp:attachment":[{"href":"https:\/\/bilive.ma\/index.php\/wp-json\/wp\/v2\/media?parent=5358"}],"wp:term":[{"taxonomy":"product_brand","embeddable":true,"href":"https:\/\/bilive.ma\/index.php\/wp-json\/wp\/v2\/product_brand?post=5358"},{"taxonomy":"product_cat","embeddable":true,"href":"https:\/\/bilive.ma\/index.php\/wp-json\/wp\/v2\/product_cat?post=5358"},{"taxonomy":"product_tag","embeddable":true,"href":"https:\/\/bilive.ma\/index.php\/wp-json\/wp\/v2\/product_tag?post=5358"}],"curies":[{"name":"wp","href":"https:\/\/api.w.org\/{rel}","templated":true}]}}