{"id":5365,"date":"2026-03-25T14:18:08","date_gmt":"2026-03-25T13:18:08","guid":{"rendered":"https:\/\/bilive.ma\/?post_type=product&#038;p=5365"},"modified":"2026-03-28T10:41:30","modified_gmt":"2026-03-28T09:41:30","slug":"eau-de-fleur-doranger-naturelle","status":"publish","type":"product","link":"https:\/\/bilive.ma\/index.php\/product\/eau-de-fleur-doranger-naturelle\/","title":{"rendered":"Eau de fleur d\u2019oranger naturelle"},"content":{"rendered":"<p style=\"text-align: justify;\" data-start=\"699\" data-end=\"916\">L\u2019eau de fleur d\u2019oranger est un produit naturel obtenu par distillation des fleurs d\u2019oranger. Appr\u00e9ci\u00e9e pour ses propri\u00e9t\u00e9s apaisantes et rafra\u00eechissantes, elle est utilis\u00e9e aussi bien en soin du visage qu\u2019en cuisine.<\/p>\n<p style=\"text-align: justify;\" data-start=\"918\" data-end=\"1035\">Son parfum doux et floral apporte une touche raffin\u00e9e \u00e0 vos desserts tout en prenant soin de votre peau au quotidien.<\/p>\n<h3 style=\"text-align: justify;\" data-section-id=\"i98wfr\" data-start=\"1042\" data-end=\"1071\"><span role=\"text\">\ud83c\udf3f <strong data-start=\"1049\" data-end=\"1071\">Caract\u00e9ristiques :<\/strong><\/span><\/h3>\n<ul style=\"text-align: justify;\" data-start=\"1072\" data-end=\"1177\">\n<li data-section-id=\"1arezbk\" data-start=\"1072\" data-end=\"1095\">Contenance : 250 ml<\/li>\n<li data-section-id=\"g11cm8\" data-start=\"1096\" data-end=\"1115\">100 % naturelle<\/li>\n<li data-section-id=\"1hkdzrb\" data-start=\"1116\" data-end=\"1133\">Sans additifs<\/li>\n<li data-section-id=\"1mk9ewa\" data-start=\"1134\" data-end=\"1177\">Double usage : cosm\u00e9tique &amp; alimentaire<\/li>\n<\/ul>\n<h3 style=\"text-align: justify;\" data-section-id=\"11eg5dx\" data-start=\"1184\" data-end=\"1208\"><span role=\"text\">\ud83d\udca7 <strong data-start=\"1191\" data-end=\"1208\">Utilisation :<\/strong><\/span><\/h3>\n<p style=\"text-align: justify;\" data-start=\"1210\" data-end=\"1231\"><strong data-start=\"1210\" data-end=\"1229\">\ud83c\udf38 Cosm\u00e9tique :<\/strong><\/p>\n<ul style=\"text-align: justify;\" data-start=\"1232\" data-end=\"1297\">\n<li data-section-id=\"68qyi4\" data-start=\"1232\" data-end=\"1261\">Apaise et tonifie la peau<\/li>\n<li data-section-id=\"v6spmt\" data-start=\"1262\" data-end=\"1297\">Id\u00e9ale pour les peaux sensibles<\/li>\n<\/ul>\n<p style=\"text-align: justify;\" data-start=\"1299\" data-end=\"1317\"><strong data-start=\"1299\" data-end=\"1315\">\ud83c\udf6e Cuisine :<\/strong><\/p>\n<ul data-start=\"1318\" data-end=\"1416\">\n<li style=\"text-align: justify;\" data-section-id=\"m5n3kn\" data-start=\"1318\" data-end=\"1353\">Parfume p\u00e2tisseries et desserts<\/li>\n<li style=\"text-align: justify;\" data-section-id=\"p0se8c\" data-start=\"1354\" data-end=\"1416\">Parfait pour recettes orientales (g\u00e2teaux, cr\u00eapes, boissons)<\/li>\n<\/ul>\n","protected":false},"excerpt":{"rendered":"<p style=\"text-align: justify;\">Eau de fleur d\u2019oranger 100 % naturelle, id\u00e9ale pour apaiser la peau et parfumer d\u00e9licatement vos recettes sucr\u00e9es.<\/p>\n","protected":false},"featured_media":5366,"comment_status":"open","ping_status":"closed","template":"","meta":[],"product_brand":[],"product_cat":[110,105],"product_tag":[],"class_list":{"0":"post-5365","1":"product","2":"type-product","3":"status-publish","4":"has-post-thumbnail","6":"product_cat-hydrolats-alimentaires","7":"product_cat-produits-du-terroir","9":"first","10":"instock","11":"shipping-taxable","12":"purchasable","13":"product-type-simple"},"_links":{"self":[{"href":"https:\/\/bilive.ma\/index.php\/wp-json\/wp\/v2\/product\/5365","targetHints":{"allow":["GET"]}}],"collection":[{"href":"https:\/\/bilive.ma\/index.php\/wp-json\/wp\/v2\/product"}],"about":[{"href":"https:\/\/bilive.ma\/index.php\/wp-json\/wp\/v2\/types\/product"}],"replies":[{"embeddable":true,"href":"https:\/\/bilive.ma\/index.php\/wp-json\/wp\/v2\/comments?post=5365"}],"version-history":[{"count":2,"href":"https:\/\/bilive.ma\/index.php\/wp-json\/wp\/v2\/product\/5365\/revisions"}],"predecessor-version":[{"id":5491,"href":"https:\/\/bilive.ma\/index.php\/wp-json\/wp\/v2\/product\/5365\/revisions\/5491"}],"wp:featuredmedia":[{"embeddable":true,"href":"https:\/\/bilive.ma\/index.php\/wp-json\/wp\/v2\/media\/5366"}],"wp:attachment":[{"href":"https:\/\/bilive.ma\/index.php\/wp-json\/wp\/v2\/media?parent=5365"}],"wp:term":[{"taxonomy":"product_brand","embeddable":true,"href":"https:\/\/bilive.ma\/index.php\/wp-json\/wp\/v2\/product_brand?post=5365"},{"taxonomy":"product_cat","embeddable":true,"href":"https:\/\/bilive.ma\/index.php\/wp-json\/wp\/v2\/product_cat?post=5365"},{"taxonomy":"product_tag","embeddable":true,"href":"https:\/\/bilive.ma\/index.php\/wp-json\/wp\/v2\/product_tag?post=5365"}],"curies":[{"name":"wp","href":"https:\/\/api.w.org\/{rel}","templated":true}]}}