{"id":5374,"date":"2026-03-25T14:25:20","date_gmt":"2026-03-25T13:25:20","guid":{"rendered":"https:\/\/bilive.ma\/?post_type=product&#038;p=5374"},"modified":"2026-03-28T10:38:47","modified_gmt":"2026-03-28T09:38:47","slug":"noisettes-grillees-naturelles-200g","status":"publish","type":"product","link":"https:\/\/bilive.ma\/index.php\/product\/noisettes-grillees-naturelles-200g\/","title":{"rendered":"Noisettes Grill\u00e9es Naturelles 200g"},"content":{"rendered":"<p style=\"text-align: justify;\" data-start=\"463\" data-end=\"688\">D\u00e9couvrez nos <strong data-start=\"477\" data-end=\"510\">noisettes grill\u00e9es naturelles<\/strong>, soigneusement s\u00e9lectionn\u00e9es pour leur qualit\u00e9 et leur go\u00fbt authentique. Riches en vitamines, min\u00e9raux et bonnes graisses, elles sont parfaites pour une alimentation \u00e9quilibr\u00e9e.<\/p>\n<p style=\"text-align: justify;\" data-start=\"690\" data-end=\"729\">\ud83d\udd25 <strong data-start=\"693\" data-end=\"729\">Pourquoi choisir nos noisettes ?<\/strong><\/p>\n<ul style=\"text-align: justify;\" data-start=\"730\" data-end=\"931\">\n<li data-section-id=\"9f5fij\" data-start=\"730\" data-end=\"767\">Go\u00fbt intense et texture croquante<\/li>\n<li data-section-id=\"ygz10v\" data-start=\"768\" data-end=\"798\">Source naturelle d\u2019\u00e9nergie<\/li>\n<li data-section-id=\"1cg7bh3\" data-start=\"799\" data-end=\"846\">Riches en fibres, vitamines et antioxydants<\/li>\n<li data-section-id=\"bzzaa1\" data-start=\"847\" data-end=\"896\">Id\u00e9ales pour les sportifs et les snacks sains<\/li>\n<li data-section-id=\"1f9ls7o\" data-start=\"897\" data-end=\"931\">Sans additifs ni conservateurs<\/li>\n<\/ul>\n<p style=\"text-align: justify;\" data-start=\"933\" data-end=\"953\">\ud83e\udd57 <strong data-start=\"936\" data-end=\"953\">Utilisation :<\/strong><\/p>\n<ul style=\"text-align: justify;\" data-start=\"954\" data-end=\"1092\">\n<li data-section-id=\"6tuie3\" data-start=\"954\" data-end=\"982\">\u00c0 consommer en collation<\/li>\n<li data-section-id=\"15tp7th\" data-start=\"983\" data-end=\"1038\">\u00c0 ajouter dans les desserts, salades ou p\u00e2tisseries<\/li>\n<li data-section-id=\"a0ydcy\" data-start=\"1039\" data-end=\"1092\">Parfaites pour accompagner un petit-d\u00e9jeuner sain<\/li>\n<\/ul>\n<p style=\"text-align: justify;\" data-start=\"1094\" data-end=\"1119\">\ud83d\udce6 <strong data-start=\"1097\" data-end=\"1119\">Caract\u00e9ristiques :<\/strong><\/p>\n<ul data-start=\"1120\" data-end=\"1231\">\n<li style=\"text-align: justify;\" data-section-id=\"ofy6rq\" data-start=\"1120\" data-end=\"1137\">Poids : 200 g<\/li>\n<li style=\"text-align: justify;\" data-section-id=\"wbbxj0\" data-start=\"1138\" data-end=\"1157\">Produit naturel<\/li>\n<li style=\"text-align: justify;\" data-section-id=\"et63x7\" data-start=\"1158\" data-end=\"1231\">Conditionn\u00e9 dans un sachet refermable pour une meilleure conservation<\/li>\n<\/ul>\n","protected":false},"excerpt":{"rendered":"<p style=\"text-align: justify;\">Savourez des noisettes grill\u00e9es croquantes et riches en nutriments. Id\u00e9ales pour une collation saine, pleine d\u2019\u00e9nergie et de saveur.<\/p>\n","protected":false},"featured_media":5375,"comment_status":"open","ping_status":"closed","template":"","meta":[],"product_brand":[],"product_cat":[107,105],"product_tag":[],"class_list":{"0":"post-5374","1":"product","2":"type-product","3":"status-publish","4":"has-post-thumbnail","6":"product_cat-fruits-secs","7":"product_cat-produits-du-terroir","9":"first","10":"instock","11":"shipping-taxable","12":"purchasable","13":"product-type-simple"},"_links":{"self":[{"href":"https:\/\/bilive.ma\/index.php\/wp-json\/wp\/v2\/product\/5374","targetHints":{"allow":["GET"]}}],"collection":[{"href":"https:\/\/bilive.ma\/index.php\/wp-json\/wp\/v2\/product"}],"about":[{"href":"https:\/\/bilive.ma\/index.php\/wp-json\/wp\/v2\/types\/product"}],"replies":[{"embeddable":true,"href":"https:\/\/bilive.ma\/index.php\/wp-json\/wp\/v2\/comments?post=5374"}],"version-history":[{"count":2,"href":"https:\/\/bilive.ma\/index.php\/wp-json\/wp\/v2\/product\/5374\/revisions"}],"predecessor-version":[{"id":5488,"href":"https:\/\/bilive.ma\/index.php\/wp-json\/wp\/v2\/product\/5374\/revisions\/5488"}],"wp:featuredmedia":[{"embeddable":true,"href":"https:\/\/bilive.ma\/index.php\/wp-json\/wp\/v2\/media\/5375"}],"wp:attachment":[{"href":"https:\/\/bilive.ma\/index.php\/wp-json\/wp\/v2\/media?parent=5374"}],"wp:term":[{"taxonomy":"product_brand","embeddable":true,"href":"https:\/\/bilive.ma\/index.php\/wp-json\/wp\/v2\/product_brand?post=5374"},{"taxonomy":"product_cat","embeddable":true,"href":"https:\/\/bilive.ma\/index.php\/wp-json\/wp\/v2\/product_cat?post=5374"},{"taxonomy":"product_tag","embeddable":true,"href":"https:\/\/bilive.ma\/index.php\/wp-json\/wp\/v2\/product_tag?post=5374"}],"curies":[{"name":"wp","href":"https:\/\/api.w.org\/{rel}","templated":true}]}}