{"id":5377,"date":"2026-03-25T14:30:43","date_gmt":"2026-03-25T13:30:43","guid":{"rendered":"https:\/\/bilive.ma\/?post_type=product&#038;p=5377"},"modified":"2026-03-28T10:38:19","modified_gmt":"2026-03-28T09:38:19","slug":"paprika-fume-premium","status":"publish","type":"product","link":"https:\/\/bilive.ma\/index.php\/product\/paprika-fume-premium\/","title":{"rendered":"Paprika Fum\u00e9 Premium"},"content":{"rendered":"<p style=\"text-align: justify;\" data-start=\"469\" data-end=\"726\">Ajoutez de la profondeur et du caract\u00e8re \u00e0 votre cuisine avec notre <strong data-start=\"537\" data-end=\"561\">paprika fum\u00e9 premium<\/strong>. \u00c9labor\u00e9 \u00e0 partir de piments soigneusement s\u00e9lectionn\u00e9s et lentement fum\u00e9s, il offre une saveur riche, douce et l\u00e9g\u00e8rement bois\u00e9e qui sublimera toutes vos recettes.<\/p>\n<p style=\"text-align: justify;\" data-start=\"728\" data-end=\"885\">Parfait pour les amateurs de cuisine authentique, ce paprika est un incontournable pour relever vos plats du quotidien comme vos recettes les plus \u00e9labor\u00e9es.<\/p>\n<h4 style=\"text-align: justify;\" data-start=\"887\" data-end=\"916\"><span role=\"text\">\u2728 <strong data-start=\"894\" data-end=\"916\">Caract\u00e9ristiques :<\/strong><\/span><\/h4>\n<ul data-start=\"917\" data-end=\"1117\">\n<li style=\"text-align: justify;\" data-section-id=\"1xy4g4a\" data-start=\"917\" data-end=\"958\">\ud83c\udf36\ufe0f Saveur fum\u00e9e intense et naturelle<\/li>\n<li style=\"text-align: justify;\" data-section-id=\"1kfqebl\" data-start=\"959\" data-end=\"982\">\ud83d\udce6 Poids net : 100g<\/li>\n<li style=\"text-align: justify;\" data-section-id=\"j55w0u\" data-start=\"983\" data-end=\"1037\">\ud83c\udf72 Id\u00e9al pour viandes, poissons, l\u00e9gumes et sauces<\/li>\n<li style=\"text-align: justify;\" data-section-id=\"mgev9m\" data-start=\"1038\" data-end=\"1079\">\ud83d\udd25 Parfait pour barbecue et grillades<\/li>\n<li style=\"text-align: justify;\" data-section-id=\"u3cpuf\" data-start=\"1080\" data-end=\"1117\">\ud83c\udf3f Sans additifs ni conservateurs<\/li>\n<\/ul>\n","protected":false},"excerpt":{"rendered":"<p style=\"text-align: justify;\" data-start=\"262\" data-end=\"415\">Apportez une touche fum\u00e9e et savoureuse \u00e0 vos plats avec notre paprika fum\u00e9 de qualit\u00e9 premium. Id\u00e9al pour relever viandes, l\u00e9gumes, sauces et grillades.<\/p>\n","protected":false},"featured_media":5378,"comment_status":"open","ping_status":"closed","template":"","meta":[],"product_brand":[],"product_cat":[82,105],"product_tag":[],"class_list":{"0":"post-5377","1":"product","2":"type-product","3":"status-publish","4":"has-post-thumbnail","6":"product_cat-epices-plantes-et-grains","7":"product_cat-produits-du-terroir","9":"first","10":"instock","11":"shipping-taxable","12":"purchasable","13":"product-type-simple"},"_links":{"self":[{"href":"https:\/\/bilive.ma\/index.php\/wp-json\/wp\/v2\/product\/5377","targetHints":{"allow":["GET"]}}],"collection":[{"href":"https:\/\/bilive.ma\/index.php\/wp-json\/wp\/v2\/product"}],"about":[{"href":"https:\/\/bilive.ma\/index.php\/wp-json\/wp\/v2\/types\/product"}],"replies":[{"embeddable":true,"href":"https:\/\/bilive.ma\/index.php\/wp-json\/wp\/v2\/comments?post=5377"}],"version-history":[{"count":2,"href":"https:\/\/bilive.ma\/index.php\/wp-json\/wp\/v2\/product\/5377\/revisions"}],"predecessor-version":[{"id":5487,"href":"https:\/\/bilive.ma\/index.php\/wp-json\/wp\/v2\/product\/5377\/revisions\/5487"}],"wp:featuredmedia":[{"embeddable":true,"href":"https:\/\/bilive.ma\/index.php\/wp-json\/wp\/v2\/media\/5378"}],"wp:attachment":[{"href":"https:\/\/bilive.ma\/index.php\/wp-json\/wp\/v2\/media?parent=5377"}],"wp:term":[{"taxonomy":"product_brand","embeddable":true,"href":"https:\/\/bilive.ma\/index.php\/wp-json\/wp\/v2\/product_brand?post=5377"},{"taxonomy":"product_cat","embeddable":true,"href":"https:\/\/bilive.ma\/index.php\/wp-json\/wp\/v2\/product_cat?post=5377"},{"taxonomy":"product_tag","embeddable":true,"href":"https:\/\/bilive.ma\/index.php\/wp-json\/wp\/v2\/product_tag?post=5377"}],"curies":[{"name":"wp","href":"https:\/\/api.w.org\/{rel}","templated":true}]}}