{"id":5380,"date":"2026-03-25T14:34:04","date_gmt":"2026-03-25T13:34:04","guid":{"rendered":"https:\/\/bilive.ma\/?post_type=product&#038;p=5380"},"modified":"2026-03-28T10:37:49","modified_gmt":"2026-03-28T09:37:49","slug":"pistaches-grillees-salees-premium","status":"publish","type":"product","link":"https:\/\/bilive.ma\/index.php\/product\/pistaches-grillees-salees-premium\/","title":{"rendered":"Pistaches Grill\u00e9es Sal\u00e9es Premium"},"content":{"rendered":"<p style=\"text-align: justify;\" data-start=\"467\" data-end=\"741\">Craquez pour nos <strong data-start=\"484\" data-end=\"521\">pistaches grill\u00e9es sal\u00e9es premium<\/strong>, s\u00e9lectionn\u00e9es avec soin pour leur qualit\u00e9 et leur go\u00fbt exceptionnel. Croquantes, savoureuses et naturellement riches en nutriments, elles sont id\u00e9ales pour un snack sain ou pour accompagner vos moments de convivialit\u00e9.<\/p>\n<p style=\"text-align: justify;\" data-start=\"743\" data-end=\"846\">Conditionn\u00e9es dans un sachet refermable pratique, elles conservent toute leur fra\u00eecheur et leur saveur.<\/p>\n<h4 style=\"text-align: justify;\" data-start=\"848\" data-end=\"877\"><span role=\"text\">\u2728 <strong data-start=\"855\" data-end=\"877\">Caract\u00e9ristiques :<\/strong><\/span><\/h4>\n<ul style=\"text-align: justify;\" data-start=\"878\" data-end=\"1054\">\n<li data-section-id=\"xxhmmv\" data-start=\"878\" data-end=\"911\">\ud83c\udf30 Pistaches de haute qualit\u00e9<\/li>\n<li data-section-id=\"184yil5\" data-start=\"912\" data-end=\"948\">\ud83d\udd25 Grill\u00e9es pour un go\u00fbt intense<\/li>\n<li data-section-id=\"1qvvnh6\" data-start=\"949\" data-end=\"973\">\ud83e\uddc2 L\u00e9g\u00e8rement sal\u00e9es<\/li>\n<li data-section-id=\"1kwrstj\" data-start=\"974\" data-end=\"997\">\ud83d\udce6 Poids net : 250g<\/li>\n<li data-section-id=\"d19csj\" data-start=\"998\" data-end=\"1054\">\ud83d\udd12 Sachet refermable pour une meilleure conservation<\/li>\n<\/ul>\n<h4 style=\"text-align: justify;\" data-start=\"1056\" data-end=\"1079\"><span role=\"text\">\ud83d\udcaa <strong data-start=\"1064\" data-end=\"1079\">Bienfaits :<\/strong><\/span><\/h4>\n<ul data-start=\"1080\" data-end=\"1180\">\n<li style=\"text-align: justify;\" data-section-id=\"190vge4\" data-start=\"1080\" data-end=\"1113\">Riches en prot\u00e9ines et fibres<\/li>\n<li style=\"text-align: justify;\" data-section-id=\"1lqgxm7\" data-start=\"1114\" data-end=\"1144\">Source d\u2019\u00e9nergie naturelle<\/li>\n<li style=\"text-align: justify;\" data-section-id=\"l01bjq\" data-start=\"1145\" data-end=\"1180\">Id\u00e9ales pour un encas \u00e9quilibr\u00e9<\/li>\n<\/ul>\n","protected":false},"excerpt":{"rendered":"<p style=\"text-align: justify;\">Savourez des pistaches grill\u00e9es et l\u00e9g\u00e8rement sal\u00e9es, riches en go\u00fbt et parfaites pour une pause saine et gourmande \u00e0 tout moment de la journ\u00e9e.<\/p>\n","protected":false},"featured_media":5381,"comment_status":"open","ping_status":"closed","template":"","meta":[],"product_brand":[],"product_cat":[107,105],"product_tag":[],"class_list":{"0":"post-5380","1":"product","2":"type-product","3":"status-publish","4":"has-post-thumbnail","6":"product_cat-fruits-secs","7":"product_cat-produits-du-terroir","9":"first","10":"instock","11":"shipping-taxable","12":"purchasable","13":"product-type-simple"},"_links":{"self":[{"href":"https:\/\/bilive.ma\/index.php\/wp-json\/wp\/v2\/product\/5380","targetHints":{"allow":["GET"]}}],"collection":[{"href":"https:\/\/bilive.ma\/index.php\/wp-json\/wp\/v2\/product"}],"about":[{"href":"https:\/\/bilive.ma\/index.php\/wp-json\/wp\/v2\/types\/product"}],"replies":[{"embeddable":true,"href":"https:\/\/bilive.ma\/index.php\/wp-json\/wp\/v2\/comments?post=5380"}],"version-history":[{"count":2,"href":"https:\/\/bilive.ma\/index.php\/wp-json\/wp\/v2\/product\/5380\/revisions"}],"predecessor-version":[{"id":5486,"href":"https:\/\/bilive.ma\/index.php\/wp-json\/wp\/v2\/product\/5380\/revisions\/5486"}],"wp:featuredmedia":[{"embeddable":true,"href":"https:\/\/bilive.ma\/index.php\/wp-json\/wp\/v2\/media\/5381"}],"wp:attachment":[{"href":"https:\/\/bilive.ma\/index.php\/wp-json\/wp\/v2\/media?parent=5380"}],"wp:term":[{"taxonomy":"product_brand","embeddable":true,"href":"https:\/\/bilive.ma\/index.php\/wp-json\/wp\/v2\/product_brand?post=5380"},{"taxonomy":"product_cat","embeddable":true,"href":"https:\/\/bilive.ma\/index.php\/wp-json\/wp\/v2\/product_cat?post=5380"},{"taxonomy":"product_tag","embeddable":true,"href":"https:\/\/bilive.ma\/index.php\/wp-json\/wp\/v2\/product_tag?post=5380"}],"curies":[{"name":"wp","href":"https:\/\/api.w.org\/{rel}","templated":true}]}}