{"id":5383,"date":"2026-03-25T14:36:29","date_gmt":"2026-03-25T13:36:29","guid":{"rendered":"https:\/\/bilive.ma\/?post_type=product&#038;p=5383"},"modified":"2026-04-06T14:29:52","modified_gmt":"2026-04-06T12:29:52","slug":"melange-naturel-recette-quadruple-au-miel","status":"publish","type":"product","link":"https:\/\/bilive.ma\/index.php\/product\/melange-naturel-recette-quadruple-au-miel\/","title":{"rendered":"M\u00e9lange Naturel \u201cRecette Quadruple\u201d au Miel"},"content":{"rendered":"<p style=\"text-align: justify;\" data-start=\"477\" data-end=\"660\">D\u00e9couvrez la <strong data-start=\"490\" data-end=\"529\">recette quadruple naturelle Bilive<\/strong>, un m\u00e9lange unique \u00e0 base de miel pur enrichi d\u2019ingr\u00e9dients naturels soigneusement s\u00e9lectionn\u00e9s pour leurs bienfaits sur la sant\u00e9.<\/p>\n<p style=\"text-align: justify;\" data-start=\"662\" data-end=\"805\">Ce produit est id\u00e9al pour renforcer votre syst\u00e8me immunitaire, booster votre \u00e9nergie et am\u00e9liorer votre bien-\u00eatre g\u00e9n\u00e9ral de mani\u00e8re naturelle.<\/p>\n<p style=\"text-align: justify;\" data-start=\"807\" data-end=\"929\">Gr\u00e2ce \u00e0 sa composition riche et \u00e9quilibr\u00e9e, il convient parfaitement \u00e0 une consommation quotidienne pour toute la famille.<\/p>\n<h4 style=\"text-align: justify;\" data-start=\"931\" data-end=\"960\"><span role=\"text\">\u2728 <strong data-start=\"938\" data-end=\"960\">Caract\u00e9ristiques :<\/strong><\/span><\/h4>\n<ul style=\"text-align: justify;\" data-start=\"961\" data-end=\"1170\">\n<li data-section-id=\"1mf75og\" data-start=\"961\" data-end=\"992\">\ud83c\udf6f Base de miel naturel pur<\/li>\n<li data-section-id=\"1by9oua\" data-start=\"993\" data-end=\"1055\">\ud83c\udf3f M\u00e9lange d\u2019ingr\u00e9dients naturels (recette traditionnelle)<\/li>\n<li data-section-id=\"1ai8n9o\" data-start=\"1056\" data-end=\"1096\">\ud83d\udcaa Favorise l\u2019\u00e9nergie et la vitalit\u00e9<\/li>\n<li data-section-id=\"1g4ul44\" data-start=\"1097\" data-end=\"1136\">\ud83d\udee1\ufe0f Soutient le syst\u00e8me immunitaire<\/li>\n<li data-section-id=\"1qkb44x\" data-start=\"1137\" data-end=\"1170\">\ud83d\udce6 Pot pratique et herm\u00e9tique<\/li>\n<\/ul>\n<h4 style=\"text-align: justify;\" data-start=\"1172\" data-end=\"1195\"><span role=\"text\">\ud83d\udcaa <strong data-start=\"1180\" data-end=\"1195\">Bienfaits :<\/strong><\/span><\/h4>\n<ul data-start=\"1196\" data-end=\"1340\">\n<li style=\"text-align: justify;\" data-section-id=\"gzivfy\" data-start=\"1196\" data-end=\"1231\">Aide \u00e0 lutter contre la fatigue<\/li>\n<li style=\"text-align: justify;\" data-section-id=\"10j90f0\" data-start=\"1232\" data-end=\"1268\">Renforce les d\u00e9fenses naturelles<\/li>\n<li style=\"text-align: justify;\" data-section-id=\"83yh6k\" data-start=\"1269\" data-end=\"1297\">Apporte \u00e9nergie et tonus<\/li>\n<li style=\"text-align: justify;\" data-section-id=\"1eu1iii\" data-start=\"1298\" data-end=\"1340\">Id\u00e9al en p\u00e9riode de froid ou de stress<\/li>\n<\/ul>\n","protected":false},"excerpt":{"rendered":"<p style=\"text-align: justify;\">Un m\u00e9lange naturel puissant \u00e0 base de miels et propolis et gel\u00e9e royale et pollen pour renforcer l\u2019\u00e9nergie et soutenir l\u2019immunit\u00e9 au quotidien.<\/p>\n","protected":false},"featured_media":5384,"comment_status":"open","ping_status":"closed","template":"","meta":[],"product_brand":[],"product_cat":[81,105],"product_tag":[],"class_list":{"0":"post-5383","1":"product","2":"type-product","3":"status-publish","4":"has-post-thumbnail","6":"product_cat-miels","7":"product_cat-produits-du-terroir","9":"first","10":"instock","11":"shipping-taxable","12":"purchasable","13":"product-type-simple"},"_links":{"self":[{"href":"https:\/\/bilive.ma\/index.php\/wp-json\/wp\/v2\/product\/5383","targetHints":{"allow":["GET"]}}],"collection":[{"href":"https:\/\/bilive.ma\/index.php\/wp-json\/wp\/v2\/product"}],"about":[{"href":"https:\/\/bilive.ma\/index.php\/wp-json\/wp\/v2\/types\/product"}],"replies":[{"embeddable":true,"href":"https:\/\/bilive.ma\/index.php\/wp-json\/wp\/v2\/comments?post=5383"}],"version-history":[{"count":5,"href":"https:\/\/bilive.ma\/index.php\/wp-json\/wp\/v2\/product\/5383\/revisions"}],"predecessor-version":[{"id":5485,"href":"https:\/\/bilive.ma\/index.php\/wp-json\/wp\/v2\/product\/5383\/revisions\/5485"}],"wp:featuredmedia":[{"embeddable":true,"href":"https:\/\/bilive.ma\/index.php\/wp-json\/wp\/v2\/media\/5384"}],"wp:attachment":[{"href":"https:\/\/bilive.ma\/index.php\/wp-json\/wp\/v2\/media?parent=5383"}],"wp:term":[{"taxonomy":"product_brand","embeddable":true,"href":"https:\/\/bilive.ma\/index.php\/wp-json\/wp\/v2\/product_brand?post=5383"},{"taxonomy":"product_cat","embeddable":true,"href":"https:\/\/bilive.ma\/index.php\/wp-json\/wp\/v2\/product_cat?post=5383"},{"taxonomy":"product_tag","embeddable":true,"href":"https:\/\/bilive.ma\/index.php\/wp-json\/wp\/v2\/product_tag?post=5383"}],"curies":[{"name":"wp","href":"https:\/\/api.w.org\/{rel}","templated":true}]}}