{"id":5386,"date":"2026-03-25T14:42:14","date_gmt":"2026-03-25T13:42:14","guid":{"rendered":"https:\/\/bilive.ma\/?post_type=product&#038;p=5386"},"modified":"2026-04-06T13:52:00","modified_gmt":"2026-04-06T11:52:00","slug":"epices-pour-soupe-de-poisson-bio","status":"publish","type":"product","link":"https:\/\/bilive.ma\/index.php\/product\/epices-pour-soupe-de-poisson-bio\/","title":{"rendered":"\u00c9pices pour soupe de poisson"},"content":{"rendered":"<p style=\"text-align: justify;\" data-start=\"235\" data-end=\"525\">Apportez une saveur authentique et raffin\u00e9e \u00e0 vos plats avec notre m\u00e9lange d\u2019\u00e9pices bio sp\u00e9cialement con\u00e7u pour la soupe de poisson. \u00c9labor\u00e9 \u00e0 partir d\u2019ingr\u00e9dients naturels soigneusement s\u00e9lectionn\u00e9s, ce m\u00e9lange rehausse le go\u00fbt de vos recettes marines avec des notes riches et \u00e9quilibr\u00e9es.<\/p>\n<p style=\"text-align: justify;\" data-start=\"527\" data-end=\"693\">Parfait pour pr\u00e9parer une d\u00e9licieuse soupe de poisson maison, ce m\u00e9lange peut \u00e9galement \u00eatre utilis\u00e9 pour assaisonner vos sauces, bouillons ou plats de fruits de mer.<\/p>\n<h4 style=\"text-align: justify;\" data-start=\"695\" data-end=\"724\"><span role=\"text\">\u2705 <strong data-start=\"702\" data-end=\"724\">Caract\u00e9ristiques :<\/strong><\/span><\/h4>\n<ul data-start=\"725\" data-end=\"913\">\n<li style=\"text-align: justify;\" data-section-id=\"12yl3br\" data-start=\"725\" data-end=\"747\">\ud83c\udf3f 100% biologique<\/li>\n<li style=\"text-align: justify;\" data-section-id=\"i9vt18\" data-start=\"748\" data-end=\"798\">\ud83c\udf72 Id\u00e9al pour soupe de poisson et plats marins<\/li>\n<li style=\"text-align: justify;\" data-section-id=\"10xyn15\" data-start=\"799\" data-end=\"836\">\ud83c\udf31 Sans additifs ni conservateurs<\/li>\n<li style=\"text-align: justify;\" data-section-id=\"1l1nwrm\" data-start=\"837\" data-end=\"860\">\ud83d\udce6 Poids net : 200g<\/li>\n<\/ul>\n","protected":false},"excerpt":{"rendered":"<p style=\"text-align: justify;\">Apportez une saveur authentique et raffin\u00e9e \u00e0 vos plats avec notre m\u00e9lange d\u2019\u00e9pices bio sp\u00e9cialement con\u00e7u pour la soupe de poisson. \u00c9labor\u00e9 \u00e0 partir d\u2019ingr\u00e9dients naturels soigneusement s\u00e9lectionn\u00e9s, ce m\u00e9lange rehausse le go\u00fbt de vos recettes marines avec des notes riches et \u00e9quilibr\u00e9es.<\/p>\n","protected":false},"featured_media":5387,"comment_status":"open","ping_status":"closed","template":"","meta":[],"product_brand":[],"product_cat":[82,105],"product_tag":[],"class_list":{"0":"post-5386","1":"product","2":"type-product","3":"status-publish","4":"has-post-thumbnail","6":"product_cat-epices-plantes-et-grains","7":"product_cat-produits-du-terroir","9":"first","10":"instock","11":"shipping-taxable","12":"purchasable","13":"product-type-simple"},"_links":{"self":[{"href":"https:\/\/bilive.ma\/index.php\/wp-json\/wp\/v2\/product\/5386","targetHints":{"allow":["GET"]}}],"collection":[{"href":"https:\/\/bilive.ma\/index.php\/wp-json\/wp\/v2\/product"}],"about":[{"href":"https:\/\/bilive.ma\/index.php\/wp-json\/wp\/v2\/types\/product"}],"replies":[{"embeddable":true,"href":"https:\/\/bilive.ma\/index.php\/wp-json\/wp\/v2\/comments?post=5386"}],"version-history":[{"count":5,"href":"https:\/\/bilive.ma\/index.php\/wp-json\/wp\/v2\/product\/5386\/revisions"}],"predecessor-version":[{"id":5751,"href":"https:\/\/bilive.ma\/index.php\/wp-json\/wp\/v2\/product\/5386\/revisions\/5751"}],"wp:featuredmedia":[{"embeddable":true,"href":"https:\/\/bilive.ma\/index.php\/wp-json\/wp\/v2\/media\/5387"}],"wp:attachment":[{"href":"https:\/\/bilive.ma\/index.php\/wp-json\/wp\/v2\/media?parent=5386"}],"wp:term":[{"taxonomy":"product_brand","embeddable":true,"href":"https:\/\/bilive.ma\/index.php\/wp-json\/wp\/v2\/product_brand?post=5386"},{"taxonomy":"product_cat","embeddable":true,"href":"https:\/\/bilive.ma\/index.php\/wp-json\/wp\/v2\/product_cat?post=5386"},{"taxonomy":"product_tag","embeddable":true,"href":"https:\/\/bilive.ma\/index.php\/wp-json\/wp\/v2\/product_tag?post=5386"}],"curies":[{"name":"wp","href":"https:\/\/api.w.org\/{rel}","templated":true}]}}