{"id":5392,"date":"2026-03-25T14:48:54","date_gmt":"2026-03-25T13:48:54","guid":{"rendered":"https:\/\/bilive.ma\/?post_type=product&#038;p=5392"},"modified":"2026-04-06T13:51:29","modified_gmt":"2026-04-06T11:51:29","slug":"epices-pour-viande-bio","status":"publish","type":"product","link":"https:\/\/bilive.ma\/index.php\/product\/epices-pour-viande-bio\/","title":{"rendered":"\u00c9pices pour viande"},"content":{"rendered":"<p style=\"text-align: justify;\" data-start=\"243\" data-end=\"454\">Sublimez vos plats avec notre m\u00e9lange d\u2019\u00e9pices bio sp\u00e9cialement con\u00e7u pour la viande. Ce savant assemblage d\u2019aromates naturels apporte une saveur riche, \u00e9quilibr\u00e9e et l\u00e9g\u00e8rement \u00e9pic\u00e9e \u00e0 toutes vos pr\u00e9parations.<\/p>\n<p style=\"text-align: justify;\" data-start=\"456\" data-end=\"611\">Id\u00e9al pour assaisonner viandes rouges, blanches, grillades ou plats mijot\u00e9s, ce m\u00e9lange vous garantit un go\u00fbt authentique et gourmand \u00e0 chaque utilisation.<\/p>\n<h4 style=\"text-align: justify;\" data-start=\"613\" data-end=\"642\"><span role=\"text\">\u2705 <strong data-start=\"620\" data-end=\"642\">Caract\u00e9ristiques :<\/strong><\/span><\/h4>\n<ul data-start=\"643\" data-end=\"833\">\n<li style=\"text-align: justify;\" data-section-id=\"12yl3br\" data-start=\"643\" data-end=\"665\">\ud83c\udf3f 100% biologique<\/li>\n<li style=\"text-align: justify;\" data-section-id=\"kd4bix\" data-start=\"666\" data-end=\"717\">\ud83c\udf56 Parfait pour viandes, grillades et marinades<\/li>\n<li style=\"text-align: justify;\" data-section-id=\"10xyn15\" data-start=\"718\" data-end=\"755\">\ud83c\udf31 Sans additifs ni conservateurs<\/li>\n<li style=\"text-align: justify;\" data-section-id=\"1l1nwrm\" data-start=\"756\" data-end=\"779\">\ud83d\udce6 Poids net : 200g<\/li>\n<li style=\"text-align: justify;\" data-section-id=\"4qbcx\" data-start=\"780\" data-end=\"833\">\ud83d\udc68\u200d\ud83c\udf73 M\u00e9lange inspir\u00e9 de recettes traditionnelles<\/li>\n<\/ul>\n","protected":false},"excerpt":{"rendered":"<p style=\"text-align: justify;\">Sublimez vos plats avec notre m\u00e9lange d\u2019\u00e9pices bio sp\u00e9cialement con\u00e7u pour la viande. Ce savant assemblage d\u2019aromates naturels apporte une saveur riche, \u00e9quilibr\u00e9e et l\u00e9g\u00e8rement \u00e9pic\u00e9e \u00e0 toutes vos pr\u00e9parations.<\/p>\n","protected":false},"featured_media":5393,"comment_status":"open","ping_status":"closed","template":"","meta":[],"product_brand":[],"product_cat":[82,105],"product_tag":[],"class_list":{"0":"post-5392","1":"product","2":"type-product","3":"status-publish","4":"has-post-thumbnail","6":"product_cat-epices-plantes-et-grains","7":"product_cat-produits-du-terroir","9":"first","10":"instock","11":"shipping-taxable","12":"purchasable","13":"product-type-simple"},"_links":{"self":[{"href":"https:\/\/bilive.ma\/index.php\/wp-json\/wp\/v2\/product\/5392","targetHints":{"allow":["GET"]}}],"collection":[{"href":"https:\/\/bilive.ma\/index.php\/wp-json\/wp\/v2\/product"}],"about":[{"href":"https:\/\/bilive.ma\/index.php\/wp-json\/wp\/v2\/types\/product"}],"replies":[{"embeddable":true,"href":"https:\/\/bilive.ma\/index.php\/wp-json\/wp\/v2\/comments?post=5392"}],"version-history":[{"count":3,"href":"https:\/\/bilive.ma\/index.php\/wp-json\/wp\/v2\/product\/5392\/revisions"}],"predecessor-version":[{"id":5750,"href":"https:\/\/bilive.ma\/index.php\/wp-json\/wp\/v2\/product\/5392\/revisions\/5750"}],"wp:featuredmedia":[{"embeddable":true,"href":"https:\/\/bilive.ma\/index.php\/wp-json\/wp\/v2\/media\/5393"}],"wp:attachment":[{"href":"https:\/\/bilive.ma\/index.php\/wp-json\/wp\/v2\/media?parent=5392"}],"wp:term":[{"taxonomy":"product_brand","embeddable":true,"href":"https:\/\/bilive.ma\/index.php\/wp-json\/wp\/v2\/product_brand?post=5392"},{"taxonomy":"product_cat","embeddable":true,"href":"https:\/\/bilive.ma\/index.php\/wp-json\/wp\/v2\/product_cat?post=5392"},{"taxonomy":"product_tag","embeddable":true,"href":"https:\/\/bilive.ma\/index.php\/wp-json\/wp\/v2\/product_tag?post=5392"}],"curies":[{"name":"wp","href":"https:\/\/api.w.org\/{rel}","templated":true}]}}