{"id":5399,"date":"2026-03-25T14:57:39","date_gmt":"2026-03-25T13:57:39","guid":{"rendered":"https:\/\/bilive.ma\/?post_type=product&#038;p=5399"},"modified":"2026-03-25T14:57:46","modified_gmt":"2026-03-25T13:57:46","slug":"the-vert-ajmaa-41022a-qualite-superieure","status":"publish","type":"product","link":"https:\/\/bilive.ma\/index.php\/product\/the-vert-ajmaa-41022a-qualite-superieure\/","title":{"rendered":"Th\u00e9 Vert Ajmaa 41022A"},"content":{"rendered":"<p style=\"text-align: justify;\" data-start=\"367\" data-end=\"615\">Le <strong data-start=\"370\" data-end=\"395\">th\u00e9 vert Ajmaa 41022A<\/strong> est un th\u00e9 de haute qualit\u00e9, s\u00e9lectionn\u00e9 avec soin pour offrir une infusion riche, \u00e9quilibr\u00e9e et pleine de caract\u00e8re. Appr\u00e9ci\u00e9 pour sa fra\u00eecheur et son go\u00fbt d\u00e9licat, il est parfait pour les amateurs de th\u00e9 traditionnel.<\/p>\n<p style=\"text-align: justify;\" data-start=\"617\" data-end=\"791\">Son emballage \u00e9l\u00e9gant prot\u00e8ge parfaitement les feuilles de th\u00e9 afin de pr\u00e9server toute leur intensit\u00e9 aromatique. Id\u00e9al pour pr\u00e9parer un th\u00e9 \u00e0 la menthe ou \u00e0 d\u00e9guster nature.<\/p>\n<h4 style=\"text-align: justify;\" data-start=\"793\" data-end=\"822\"><span role=\"text\">\u2705 <strong data-start=\"800\" data-end=\"822\">Caract\u00e9ristiques :<\/strong><\/span><\/h4>\n<ul style=\"text-align: justify;\" data-start=\"823\" data-end=\"973\">\n<li data-section-id=\"add4dm\" data-start=\"823\" data-end=\"842\">Type : Th\u00e9 vert<\/li>\n<li data-section-id=\"1ujx2q3\" data-start=\"843\" data-end=\"861\">Marque : Ajmaa<\/li>\n<li data-section-id=\"eumh8t\" data-start=\"862\" data-end=\"884\">R\u00e9f\u00e9rence : 41022A<\/li>\n<li data-section-id=\"158obho\" data-start=\"885\" data-end=\"909\">Qualit\u00e9 : Sup\u00e9rieure<\/li>\n<li data-section-id=\"frhvhm\" data-start=\"910\" data-end=\"929\">Origine : Chine<\/li>\n<li data-section-id=\"125fobw\" data-start=\"930\" data-end=\"973\">Saveur : Fra\u00eeche et l\u00e9g\u00e8rement herbac\u00e9e<\/li>\n<\/ul>\n<h4 style=\"text-align: justify;\" data-start=\"975\" data-end=\"1011\"><span role=\"text\">\u2615 <strong data-start=\"982\" data-end=\"1011\">Conseils de pr\u00e9paration :<\/strong><\/span><\/h4>\n<ol data-start=\"1012\" data-end=\"1201\">\n<li style=\"text-align: justify;\" data-section-id=\"2w67ci\" data-start=\"1012\" data-end=\"1059\">Chauffer l\u2019eau (sans \u00e9bullition excessive)<\/li>\n<li style=\"text-align: justify;\" data-section-id=\"xamtpd\" data-start=\"1060\" data-end=\"1092\">Ajouter une cuill\u00e8re de th\u00e9<\/li>\n<li style=\"text-align: justify;\" data-section-id=\"sh275z\" data-start=\"1093\" data-end=\"1127\">Laisser infuser 2 \u00e0 3 minutes<\/li>\n<li style=\"text-align: justify;\" data-section-id=\"vkvvy4\" data-start=\"1128\" data-end=\"1201\">Servir nature ou avec de la menthe et du sucre selon vos pr\u00e9f\u00e9rences<\/li>\n<\/ol>\n","protected":false},"excerpt":{"rendered":"<p style=\"text-align: justify;\">Savourez le th\u00e9 vert Ajmaa, un th\u00e9 raffin\u00e9 aux ar\u00f4mes authentiques, id\u00e9al pour une exp\u00e9rience traditionnelle riche en saveurs.<\/p>\n","protected":false},"featured_media":5400,"comment_status":"open","ping_status":"closed","template":"","meta":[],"product_brand":[],"product_cat":[111,105],"product_tag":[],"class_list":{"0":"post-5399","1":"product","2":"type-product","3":"status-publish","4":"has-post-thumbnail","6":"product_cat-dattes-et-the","7":"product_cat-produits-du-terroir","9":"first","10":"instock","11":"shipping-taxable","12":"purchasable","13":"product-type-simple"},"_links":{"self":[{"href":"https:\/\/bilive.ma\/index.php\/wp-json\/wp\/v2\/product\/5399","targetHints":{"allow":["GET"]}}],"collection":[{"href":"https:\/\/bilive.ma\/index.php\/wp-json\/wp\/v2\/product"}],"about":[{"href":"https:\/\/bilive.ma\/index.php\/wp-json\/wp\/v2\/types\/product"}],"replies":[{"embeddable":true,"href":"https:\/\/bilive.ma\/index.php\/wp-json\/wp\/v2\/comments?post=5399"}],"version-history":[{"count":2,"href":"https:\/\/bilive.ma\/index.php\/wp-json\/wp\/v2\/product\/5399\/revisions"}],"predecessor-version":[{"id":5402,"href":"https:\/\/bilive.ma\/index.php\/wp-json\/wp\/v2\/product\/5399\/revisions\/5402"}],"wp:featuredmedia":[{"embeddable":true,"href":"https:\/\/bilive.ma\/index.php\/wp-json\/wp\/v2\/media\/5400"}],"wp:attachment":[{"href":"https:\/\/bilive.ma\/index.php\/wp-json\/wp\/v2\/media?parent=5399"}],"wp:term":[{"taxonomy":"product_brand","embeddable":true,"href":"https:\/\/bilive.ma\/index.php\/wp-json\/wp\/v2\/product_brand?post=5399"},{"taxonomy":"product_cat","embeddable":true,"href":"https:\/\/bilive.ma\/index.php\/wp-json\/wp\/v2\/product_cat?post=5399"},{"taxonomy":"product_tag","embeddable":true,"href":"https:\/\/bilive.ma\/index.php\/wp-json\/wp\/v2\/product_tag?post=5399"}],"curies":[{"name":"wp","href":"https:\/\/api.w.org\/{rel}","templated":true}]}}