{"id":5403,"date":"2026-03-25T14:59:44","date_gmt":"2026-03-25T13:59:44","guid":{"rendered":"https:\/\/bilive.ma\/?post_type=product&#038;p=5403"},"modified":"2026-03-28T10:32:32","modified_gmt":"2026-03-28T09:32:32","slug":"the-vert-al-hakem-500g","status":"publish","type":"product","link":"https:\/\/bilive.ma\/index.php\/product\/the-vert-al-hakem-500g\/","title":{"rendered":"Th\u00e9 Vert Al Hakem 500g"},"content":{"rendered":"<p style=\"text-align: justify;\" data-start=\"348\" data-end=\"596\">D\u00e9couvrez le <strong data-start=\"361\" data-end=\"382\">th\u00e9 vert Al Hakem<\/strong>, un th\u00e9 de Chine soigneusement s\u00e9lectionn\u00e9 pour offrir une infusion raffin\u00e9e et \u00e9quilibr\u00e9e. Class\u00e9 <strong data-start=\"482\" data-end=\"509\">th\u00e9 de premi\u00e8re qualit\u00e9<\/strong>, il se distingue par son go\u00fbt d\u00e9licat, sa fra\u00eecheur et ses notes l\u00e9g\u00e8rement herbac\u00e9es.<\/p>\n<p style=\"text-align: justify;\" data-start=\"598\" data-end=\"819\">Pr\u00e9sent\u00e9 dans une <strong data-start=\"616\" data-end=\"659\">bo\u00eete m\u00e9tallique \u00e9l\u00e9gante et herm\u00e9tique<\/strong>, ce th\u00e9 conserve parfaitement ses ar\u00f4mes et sa qualit\u00e9 dans le temps. Id\u00e9al pour une consommation quotidienne ou pour pr\u00e9parer un th\u00e9 traditionnel \u00e0 la menthe.<\/p>\n<h4 style=\"text-align: justify;\" data-start=\"821\" data-end=\"850\"><span role=\"text\">\u2705 <strong data-start=\"828\" data-end=\"850\">Caract\u00e9ristiques :<\/strong><\/span><\/h4>\n<ul data-start=\"851\" data-end=\"1064\">\n<li style=\"text-align: justify;\" data-section-id=\"add4dm\" data-start=\"851\" data-end=\"870\">Type : Th\u00e9 vert<\/li>\n<li style=\"text-align: justify;\" data-section-id=\"vm4ezu\" data-start=\"871\" data-end=\"892\">Marque : Al Hakem<\/li>\n<li style=\"text-align: justify;\" data-section-id=\"iuze6w\" data-start=\"893\" data-end=\"922\">Qualit\u00e9 : Premi\u00e8re classe<\/li>\n<li style=\"text-align: justify;\" data-section-id=\"frhvhm\" data-start=\"923\" data-end=\"942\">Origine : Chine<\/li>\n<li style=\"text-align: justify;\" data-section-id=\"jj3uda\" data-start=\"943\" data-end=\"963\">Poids net : 500g<\/li>\n<li style=\"text-align: justify;\" data-section-id=\"1ysic6s\" data-start=\"964\" data-end=\"1013\">Conditionnement : Bo\u00eete m\u00e9tallique herm\u00e9tique<\/li>\n<li style=\"text-align: justify;\" data-section-id=\"1xcnmg\" data-start=\"1014\" data-end=\"1064\">Saveur : Douce, fra\u00eeche et l\u00e9g\u00e8rement herbac\u00e9e<\/li>\n<\/ul>\n","protected":false},"excerpt":{"rendered":"<p style=\"text-align: justify;\">Th\u00e9 vert Al Hakem de premi\u00e8re qualit\u00e9, conditionn\u00e9 en bo\u00eete m\u00e9tallique pour pr\u00e9server toute sa fra\u00eecheur et ses ar\u00f4mes.<\/p>\n","protected":false},"featured_media":5404,"comment_status":"open","ping_status":"closed","template":"","meta":[],"product_brand":[],"product_cat":[111,105],"product_tag":[],"class_list":{"0":"post-5403","1":"product","2":"type-product","3":"status-publish","4":"has-post-thumbnail","6":"product_cat-dattes-et-the","7":"product_cat-produits-du-terroir","9":"first","10":"instock","11":"shipping-taxable","12":"purchasable","13":"product-type-simple"},"_links":{"self":[{"href":"https:\/\/bilive.ma\/index.php\/wp-json\/wp\/v2\/product\/5403","targetHints":{"allow":["GET"]}}],"collection":[{"href":"https:\/\/bilive.ma\/index.php\/wp-json\/wp\/v2\/product"}],"about":[{"href":"https:\/\/bilive.ma\/index.php\/wp-json\/wp\/v2\/types\/product"}],"replies":[{"embeddable":true,"href":"https:\/\/bilive.ma\/index.php\/wp-json\/wp\/v2\/comments?post=5403"}],"version-history":[{"count":2,"href":"https:\/\/bilive.ma\/index.php\/wp-json\/wp\/v2\/product\/5403\/revisions"}],"predecessor-version":[{"id":5406,"href":"https:\/\/bilive.ma\/index.php\/wp-json\/wp\/v2\/product\/5403\/revisions\/5406"}],"wp:featuredmedia":[{"embeddable":true,"href":"https:\/\/bilive.ma\/index.php\/wp-json\/wp\/v2\/media\/5404"}],"wp:attachment":[{"href":"https:\/\/bilive.ma\/index.php\/wp-json\/wp\/v2\/media?parent=5403"}],"wp:term":[{"taxonomy":"product_brand","embeddable":true,"href":"https:\/\/bilive.ma\/index.php\/wp-json\/wp\/v2\/product_brand?post=5403"},{"taxonomy":"product_cat","embeddable":true,"href":"https:\/\/bilive.ma\/index.php\/wp-json\/wp\/v2\/product_cat?post=5403"},{"taxonomy":"product_tag","embeddable":true,"href":"https:\/\/bilive.ma\/index.php\/wp-json\/wp\/v2\/product_tag?post=5403"}],"curies":[{"name":"wp","href":"https:\/\/api.w.org\/{rel}","templated":true}]}}