{"id":5473,"date":"2026-03-27T13:23:24","date_gmt":"2026-03-27T12:23:24","guid":{"rendered":"https:\/\/bilive.ma\/?post_type=product&#038;p=5473"},"modified":"2026-03-27T13:23:24","modified_gmt":"2026-03-27T12:23:24","slug":"citrons","status":"publish","type":"product","link":"https:\/\/bilive.ma\/index.php\/product\/citrons\/","title":{"rendered":"Citrons"},"content":{"rendered":"<p style=\"text-align: justify;\" data-start=\"443\" data-end=\"674\">Apportez une touche d\u2019authenticit\u00e9 et de saveur \u00e0 vos plats avec ces citrons confits de qualit\u00e9 sup\u00e9rieure. Conditionn\u00e9s sous vide pour garantir une conservation optimale, ils conservent leur ar\u00f4me naturel et leur texture fondante.<\/p>\n<p style=\"text-align: justify;\" data-start=\"676\" data-end=\"818\">Id\u00e9als pour la cuisine m\u00e9diterran\u00e9enne et orientale, ces citrons confits subliment vos tajines, poissons, salades ou encore vos sauces maison.<\/p>\n<p style=\"text-align: justify;\" data-start=\"820\" data-end=\"842\"><strong data-start=\"820\" data-end=\"842\">Caract\u00e9ristiques :<\/strong><\/p>\n<ul data-start=\"843\" data-end=\"996\">\n<li style=\"text-align: justify;\" data-section-id=\"1iqkx41\" data-start=\"843\" data-end=\"859\">Poids : 500g<\/li>\n<li style=\"text-align: justify;\" data-section-id=\"1uny2fw\" data-start=\"860\" data-end=\"891\">Conditionnement : sous vide<\/li>\n<li style=\"text-align: justify;\" data-section-id=\"1e2nl0i\" data-start=\"892\" data-end=\"933\">Saveur : acidul\u00e9e et l\u00e9g\u00e8rement sal\u00e9e<\/li>\n<li style=\"text-align: justify;\" data-section-id=\"1gkpqyp\" data-start=\"934\" data-end=\"996\">Conservation : longue dur\u00e9e gr\u00e2ce \u00e0 l\u2019emballage herm\u00e9tique<\/li>\n<\/ul>\n","protected":false},"excerpt":{"rendered":"<p style=\"text-align: justify;\">Savourez ces d\u00e9licieux citrons confits soigneusement emball\u00e9s sous vide pour pr\u00e9server toute leur fra\u00eecheur et leur go\u00fbt intense. Parfaits pour vos recettes sucr\u00e9es et sal\u00e9es.<\/p>\n","protected":false},"featured_media":5474,"comment_status":"open","ping_status":"closed","template":"","meta":[],"product_brand":[],"product_cat":[80,105],"product_tag":[],"class_list":{"0":"post-5473","1":"product","2":"type-product","3":"status-publish","4":"has-post-thumbnail","6":"product_cat-huiles-et-olive","7":"product_cat-produits-du-terroir","9":"first","10":"instock","11":"shipping-taxable","12":"purchasable","13":"product-type-simple"},"_links":{"self":[{"href":"https:\/\/bilive.ma\/index.php\/wp-json\/wp\/v2\/product\/5473","targetHints":{"allow":["GET"]}}],"collection":[{"href":"https:\/\/bilive.ma\/index.php\/wp-json\/wp\/v2\/product"}],"about":[{"href":"https:\/\/bilive.ma\/index.php\/wp-json\/wp\/v2\/types\/product"}],"replies":[{"embeddable":true,"href":"https:\/\/bilive.ma\/index.php\/wp-json\/wp\/v2\/comments?post=5473"}],"version-history":[{"count":1,"href":"https:\/\/bilive.ma\/index.php\/wp-json\/wp\/v2\/product\/5473\/revisions"}],"predecessor-version":[{"id":5475,"href":"https:\/\/bilive.ma\/index.php\/wp-json\/wp\/v2\/product\/5473\/revisions\/5475"}],"wp:featuredmedia":[{"embeddable":true,"href":"https:\/\/bilive.ma\/index.php\/wp-json\/wp\/v2\/media\/5474"}],"wp:attachment":[{"href":"https:\/\/bilive.ma\/index.php\/wp-json\/wp\/v2\/media?parent=5473"}],"wp:term":[{"taxonomy":"product_brand","embeddable":true,"href":"https:\/\/bilive.ma\/index.php\/wp-json\/wp\/v2\/product_brand?post=5473"},{"taxonomy":"product_cat","embeddable":true,"href":"https:\/\/bilive.ma\/index.php\/wp-json\/wp\/v2\/product_cat?post=5473"},{"taxonomy":"product_tag","embeddable":true,"href":"https:\/\/bilive.ma\/index.php\/wp-json\/wp\/v2\/product_tag?post=5473"}],"curies":[{"name":"wp","href":"https:\/\/api.w.org\/{rel}","templated":true}]}}