{"id":5476,"date":"2026-03-27T13:25:11","date_gmt":"2026-03-27T12:25:11","guid":{"rendered":"https:\/\/bilive.ma\/?post_type=product&#038;p=5476"},"modified":"2026-04-06T13:57:17","modified_gmt":"2026-04-06T11:57:17","slug":"olives-rouge-baldi","status":"publish","type":"product","link":"https:\/\/bilive.ma\/index.php\/product\/olives-rouge-baldi\/","title":{"rendered":"Olives rouge baldi"},"content":{"rendered":"<p style=\"text-align: justify;\" data-start=\"234\" data-end=\"543\">D\u00e9couvrez ces d\u00e9licieuses olives marin\u00e9es, soigneusement pr\u00e9par\u00e9es et conserv\u00e9es dans un sachet sous vide pour pr\u00e9server toute leur fra\u00eecheur et leurs ar\u00f4mes. M\u00e9lange d\u2019olives tendres relev\u00e9es par une marinade savoureuse au citron et aux herbes, ce produit offre un \u00e9quilibre parfait entre acidit\u00e9 et douceur.<\/p>\n<p style=\"text-align: justify;\" data-start=\"545\" data-end=\"717\">Id\u00e9ales pour l\u2019ap\u00e9ritif, en accompagnement de plats m\u00e9diterran\u00e9ens ou pour agr\u00e9menter vos salades, ces olives apporteront une touche gourmande et authentique \u00e0 votre table.<\/p>\n","protected":false},"excerpt":{"rendered":"<p data-start=\"234\" data-end=\"543\">D\u00e9couvrez ces d\u00e9licieuses olives marin\u00e9es, soigneusement pr\u00e9par\u00e9es et conserv\u00e9es dans un sachet sous vide pour pr\u00e9server toute leur fra\u00eecheur et leurs ar\u00f4mes. M\u00e9lange d\u2019olives tendres relev\u00e9es par une marinade savoureuse au citron et aux herbes, ce produit offre un \u00e9quilibre parfait entre acidit\u00e9 et douceur.<\/p>\n","protected":false},"featured_media":5477,"comment_status":"open","ping_status":"closed","template":"","meta":[],"product_brand":[],"product_cat":[80,105],"product_tag":[],"class_list":{"0":"post-5476","1":"product","2":"type-product","3":"status-publish","4":"has-post-thumbnail","6":"product_cat-huiles-et-olive","7":"product_cat-produits-du-terroir","9":"first","10":"instock","11":"shipping-taxable","12":"purchasable","13":"product-type-simple"},"_links":{"self":[{"href":"https:\/\/bilive.ma\/index.php\/wp-json\/wp\/v2\/product\/5476","targetHints":{"allow":["GET"]}}],"collection":[{"href":"https:\/\/bilive.ma\/index.php\/wp-json\/wp\/v2\/product"}],"about":[{"href":"https:\/\/bilive.ma\/index.php\/wp-json\/wp\/v2\/types\/product"}],"replies":[{"embeddable":true,"href":"https:\/\/bilive.ma\/index.php\/wp-json\/wp\/v2\/comments?post=5476"}],"version-history":[{"count":2,"href":"https:\/\/bilive.ma\/index.php\/wp-json\/wp\/v2\/product\/5476\/revisions"}],"predecessor-version":[{"id":5753,"href":"https:\/\/bilive.ma\/index.php\/wp-json\/wp\/v2\/product\/5476\/revisions\/5753"}],"wp:featuredmedia":[{"embeddable":true,"href":"https:\/\/bilive.ma\/index.php\/wp-json\/wp\/v2\/media\/5477"}],"wp:attachment":[{"href":"https:\/\/bilive.ma\/index.php\/wp-json\/wp\/v2\/media?parent=5476"}],"wp:term":[{"taxonomy":"product_brand","embeddable":true,"href":"https:\/\/bilive.ma\/index.php\/wp-json\/wp\/v2\/product_brand?post=5476"},{"taxonomy":"product_cat","embeddable":true,"href":"https:\/\/bilive.ma\/index.php\/wp-json\/wp\/v2\/product_cat?post=5476"},{"taxonomy":"product_tag","embeddable":true,"href":"https:\/\/bilive.ma\/index.php\/wp-json\/wp\/v2\/product_tag?post=5476"}],"curies":[{"name":"wp","href":"https:\/\/api.w.org\/{rel}","templated":true}]}}