{"id":5479,"date":"2026-03-27T13:27:01","date_gmt":"2026-03-27T12:27:01","guid":{"rendered":"https:\/\/bilive.ma\/?post_type=product&#038;p=5479"},"modified":"2026-04-06T13:59:39","modified_gmt":"2026-04-06T11:59:39","slug":"olives-marinees-aux-legumes-et-epices","status":"publish","type":"product","link":"https:\/\/bilive.ma\/index.php\/product\/olives-marinees-aux-legumes-et-epices\/","title":{"rendered":"Olives rouge marin\u00e9es aux l\u00e9gumes et \u00e9pices"},"content":{"rendered":"<p style=\"text-align: justify;\" data-start=\"224\" data-end=\"532\">Savourez un d\u00e9licieux m\u00e9lange d\u2019olives marin\u00e9es accompagn\u00e9 de l\u00e9gumes croquants, soigneusement s\u00e9lectionn\u00e9s pour offrir une explosion de saveurs. Pr\u00e9par\u00e9es avec des carottes, chou-fleur et \u00e9pices dans une marinade riche et parfum\u00e9e, ces olives sont conditionn\u00e9es sous vide pour garantir fra\u00eecheur et qualit\u00e9.<\/p>\n<p style=\"text-align: justify;\" data-start=\"534\" data-end=\"637\">Ce m\u00e9lange m\u00e9diterran\u00e9en est parfait pour vos ap\u00e9ritifs, vos entr\u00e9es ou pour sublimer vos plats maison.<\/p>\n<h4 style=\"text-align: justify;\" data-start=\"639\" data-end=\"665\">\u2714\ufe0f Caract\u00e9ristiques :<\/h4>\n<ul style=\"text-align: justify;\" data-start=\"666\" data-end=\"819\">\n<li data-section-id=\"1w71x6s\" data-start=\"666\" data-end=\"734\">M\u00e9lange d\u2019olives et l\u00e9gumes marin\u00e9s (carottes, chou-fleur, etc.)<\/li>\n<li data-section-id=\"t34il1\" data-start=\"735\" data-end=\"768\">Marinade \u00e9pic\u00e9e et savoureuse<\/li>\n<li data-section-id=\"115ipqe\" data-start=\"769\" data-end=\"798\">Conditionnement sous vide<\/li>\n<li data-section-id=\"s8xf31\" data-start=\"799\" data-end=\"819\">Pr\u00eat \u00e0 consommer<\/li>\n<\/ul>\n<h4 style=\"text-align: justify;\" data-start=\"821\" data-end=\"854\">\ud83c\udf7d\ufe0f Conseils d\u2019utilisation :<\/h4>\n<p style=\"text-align: justify;\" data-start=\"855\" data-end=\"951\">\u00c0 d\u00e9guster en ap\u00e9ritif, en accompagnement ou \u00e0 int\u00e9grer dans vos salades et plats traditionnels.<\/p>\n","protected":false},"excerpt":{"rendered":"<p style=\"text-align: justify;\">Savourez un d\u00e9licieux m\u00e9lange d\u2019olives marin\u00e9es accompagn\u00e9 de l\u00e9gumes croquants, soigneusement s\u00e9lectionn\u00e9s pour offrir une explosion de saveurs. Pr\u00e9par\u00e9es avec des carottes, chou-fleur et \u00e9pices dans une marinade riche et parfum\u00e9e, ces olives sont conditionn\u00e9es sous vide pour garantir fra\u00eecheur et qualit\u00e9.<\/p>\n","protected":false},"featured_media":5480,"comment_status":"open","ping_status":"closed","template":"","meta":[],"product_brand":[],"product_cat":[80,105],"product_tag":[],"class_list":{"0":"post-5479","1":"product","2":"type-product","3":"status-publish","4":"has-post-thumbnail","6":"product_cat-huiles-et-olive","7":"product_cat-produits-du-terroir","9":"first","10":"instock","11":"shipping-taxable","12":"purchasable","13":"product-type-simple"},"_links":{"self":[{"href":"https:\/\/bilive.ma\/index.php\/wp-json\/wp\/v2\/product\/5479","targetHints":{"allow":["GET"]}}],"collection":[{"href":"https:\/\/bilive.ma\/index.php\/wp-json\/wp\/v2\/product"}],"about":[{"href":"https:\/\/bilive.ma\/index.php\/wp-json\/wp\/v2\/types\/product"}],"replies":[{"embeddable":true,"href":"https:\/\/bilive.ma\/index.php\/wp-json\/wp\/v2\/comments?post=5479"}],"version-history":[{"count":2,"href":"https:\/\/bilive.ma\/index.php\/wp-json\/wp\/v2\/product\/5479\/revisions"}],"predecessor-version":[{"id":5754,"href":"https:\/\/bilive.ma\/index.php\/wp-json\/wp\/v2\/product\/5479\/revisions\/5754"}],"wp:featuredmedia":[{"embeddable":true,"href":"https:\/\/bilive.ma\/index.php\/wp-json\/wp\/v2\/media\/5480"}],"wp:attachment":[{"href":"https:\/\/bilive.ma\/index.php\/wp-json\/wp\/v2\/media?parent=5479"}],"wp:term":[{"taxonomy":"product_brand","embeddable":true,"href":"https:\/\/bilive.ma\/index.php\/wp-json\/wp\/v2\/product_brand?post=5479"},{"taxonomy":"product_cat","embeddable":true,"href":"https:\/\/bilive.ma\/index.php\/wp-json\/wp\/v2\/product_cat?post=5479"},{"taxonomy":"product_tag","embeddable":true,"href":"https:\/\/bilive.ma\/index.php\/wp-json\/wp\/v2\/product_tag?post=5479"}],"curies":[{"name":"wp","href":"https:\/\/api.w.org\/{rel}","templated":true}]}}