{"id":5780,"date":"2026-04-06T21:01:05","date_gmt":"2026-04-06T19:01:05","guid":{"rendered":"https:\/\/bilive.ma\/?post_type=product&#038;p=5780"},"modified":"2026-04-06T21:01:49","modified_gmt":"2026-04-06T19:01:49","slug":"super-fudgio-cookies-cacao-vegan-130g","status":"publish","type":"product","link":"https:\/\/bilive.ma\/index.php\/product\/super-fudgio-cookies-cacao-vegan-130g\/","title":{"rendered":"Super Fudgio Cookies Cacao Vegan 130G"},"content":{"rendered":"<p style=\"text-align: justify;\">Savourez les <strong data-start=\"132\" data-end=\"173\">cookies cacao vegan Super Fudgio 130g<\/strong>, des biscuits bio gourmands et croustillants, 100% v\u00e9g\u00e9taux, sans produits laitiers ni \u0153ufs. Id\u00e9als pour une pause sucr\u00e9e saine et naturelle.<\/p>\n","protected":false},"excerpt":{"rendered":"<p style=\"text-align: justify;\">Savourez les <strong data-start=\"132\" data-end=\"173\">cookies cacao vegan Super Fudgio 130g<\/strong>, des biscuits bio gourmands et croustillants, 100% v\u00e9g\u00e9taux, sans produits laitiers ni \u0153ufs. Id\u00e9als pour une pause sucr\u00e9e saine et naturelle.<\/p>\n<p style=\"text-align: justify;\">\u2714\ufe0f <strong data-start=\"911\" data-end=\"925\">100% vegan<\/strong> \u2013 sans ingr\u00e9dients d\u2019origine animale<br data-start=\"962\" data-end=\"965\" \/>\u2714\ufe0f <strong data-start=\"968\" data-end=\"985\">Bio &amp; naturel<\/strong> \u2013 sans conservateurs artificiels<br data-start=\"1018\" data-end=\"1021\" \/>\u2714\ufe0f <strong data-start=\"1024\" data-end=\"1044\">Riches en fibres<\/strong> \u2013 pour une collation \u00e9quilibr\u00e9e<br data-start=\"1076\" data-end=\"1079\" \/>\u2714\ufe0f <strong data-start=\"1082\" data-end=\"1104\">Go\u00fbt cacao intense<\/strong> \u2013 gourmand et savoureux<br data-start=\"1128\" data-end=\"1131\" \/>\u2714\ufe0f <strong data-start=\"1134\" data-end=\"1160\">Format pratique (130g)<\/strong> \u2013 id\u00e9al \u00e0 emporter<\/p>\n","protected":false},"featured_media":5781,"comment_status":"open","ping_status":"closed","template":"","meta":[],"product_brand":[],"product_cat":[75,77],"product_tag":[],"class_list":{"0":"post-5780","1":"product","2":"type-product","3":"status-publish","4":"has-post-thumbnail","6":"product_cat-regimes-speciaux","7":"product_cat-vegan","9":"first","10":"instock","11":"shipping-taxable","12":"purchasable","13":"product-type-simple"},"_links":{"self":[{"href":"https:\/\/bilive.ma\/index.php\/wp-json\/wp\/v2\/product\/5780","targetHints":{"allow":["GET"]}}],"collection":[{"href":"https:\/\/bilive.ma\/index.php\/wp-json\/wp\/v2\/product"}],"about":[{"href":"https:\/\/bilive.ma\/index.php\/wp-json\/wp\/v2\/types\/product"}],"replies":[{"embeddable":true,"href":"https:\/\/bilive.ma\/index.php\/wp-json\/wp\/v2\/comments?post=5780"}],"version-history":[{"count":3,"href":"https:\/\/bilive.ma\/index.php\/wp-json\/wp\/v2\/product\/5780\/revisions"}],"predecessor-version":[{"id":5784,"href":"https:\/\/bilive.ma\/index.php\/wp-json\/wp\/v2\/product\/5780\/revisions\/5784"}],"wp:featuredmedia":[{"embeddable":true,"href":"https:\/\/bilive.ma\/index.php\/wp-json\/wp\/v2\/media\/5781"}],"wp:attachment":[{"href":"https:\/\/bilive.ma\/index.php\/wp-json\/wp\/v2\/media?parent=5780"}],"wp:term":[{"taxonomy":"product_brand","embeddable":true,"href":"https:\/\/bilive.ma\/index.php\/wp-json\/wp\/v2\/product_brand?post=5780"},{"taxonomy":"product_cat","embeddable":true,"href":"https:\/\/bilive.ma\/index.php\/wp-json\/wp\/v2\/product_cat?post=5780"},{"taxonomy":"product_tag","embeddable":true,"href":"https:\/\/bilive.ma\/index.php\/wp-json\/wp\/v2\/product_tag?post=5780"}],"curies":[{"name":"wp","href":"https:\/\/api.w.org\/{rel}","templated":true}]}}