{"id":5785,"date":"2026-04-06T21:07:36","date_gmt":"2026-04-06T19:07:36","guid":{"rendered":"https:\/\/bilive.ma\/?post_type=product&#038;p=5785"},"modified":"2026-04-06T21:07:36","modified_gmt":"2026-04-06T19:07:36","slug":"fleurs-des-bles-biscuits-nappes-de-chocolat-au-lait-200g","status":"publish","type":"product","link":"https:\/\/bilive.ma\/index.php\/product\/fleurs-des-bles-biscuits-nappes-de-chocolat-au-lait-200g\/","title":{"rendered":"Fleurs des Bl\u00e9s Biscuits Napp\u00e9s de Chocolat au Lait 200G"},"content":{"rendered":"<p>Biscuits Napp\u00e9s de Chocolat au Lait Bio.<\/p>\n","protected":false},"excerpt":{"rendered":"<p>Biscuits Napp\u00e9s de Chocolat au Lait Bio.<\/p>\n","protected":false},"featured_media":5786,"comment_status":"open","ping_status":"closed","template":"","meta":[],"product_brand":[],"product_cat":[103],"product_tag":[],"class_list":{"0":"post-5785","1":"product","2":"type-product","3":"status-publish","4":"has-post-thumbnail","6":"product_cat-sans-lactose","8":"first","9":"instock","10":"shipping-taxable","11":"purchasable","12":"product-type-simple"},"_links":{"self":[{"href":"https:\/\/bilive.ma\/index.php\/wp-json\/wp\/v2\/product\/5785","targetHints":{"allow":["GET"]}}],"collection":[{"href":"https:\/\/bilive.ma\/index.php\/wp-json\/wp\/v2\/product"}],"about":[{"href":"https:\/\/bilive.ma\/index.php\/wp-json\/wp\/v2\/types\/product"}],"replies":[{"embeddable":true,"href":"https:\/\/bilive.ma\/index.php\/wp-json\/wp\/v2\/comments?post=5785"}],"version-history":[{"count":1,"href":"https:\/\/bilive.ma\/index.php\/wp-json\/wp\/v2\/product\/5785\/revisions"}],"predecessor-version":[{"id":5787,"href":"https:\/\/bilive.ma\/index.php\/wp-json\/wp\/v2\/product\/5785\/revisions\/5787"}],"wp:featuredmedia":[{"embeddable":true,"href":"https:\/\/bilive.ma\/index.php\/wp-json\/wp\/v2\/media\/5786"}],"wp:attachment":[{"href":"https:\/\/bilive.ma\/index.php\/wp-json\/wp\/v2\/media?parent=5785"}],"wp:term":[{"taxonomy":"product_brand","embeddable":true,"href":"https:\/\/bilive.ma\/index.php\/wp-json\/wp\/v2\/product_brand?post=5785"},{"taxonomy":"product_cat","embeddable":true,"href":"https:\/\/bilive.ma\/index.php\/wp-json\/wp\/v2\/product_cat?post=5785"},{"taxonomy":"product_tag","embeddable":true,"href":"https:\/\/bilive.ma\/index.php\/wp-json\/wp\/v2\/product_tag?post=5785"}],"curies":[{"name":"wp","href":"https:\/\/api.w.org\/{rel}","templated":true}]}}