{"id":5788,"date":"2026-04-06T21:11:03","date_gmt":"2026-04-06T19:11:03","guid":{"rendered":"https:\/\/bilive.ma\/?post_type=product&#038;p=5788"},"modified":"2026-04-06T21:13:18","modified_gmt":"2026-04-06T19:13:18","slug":"fleurs-des-bles-galettes-pur-beurre-125g","status":"publish","type":"product","link":"https:\/\/bilive.ma\/index.php\/product\/fleurs-des-bles-galettes-pur-beurre-125g\/","title":{"rendered":"Fleurs des Bl\u00e9s Galettes Pur Beurre 125G"},"content":{"rendered":"<p><strong><span class=\"field\">Ingr\u00e9dients:<\/span><\/strong><\/p>\n<div id=\"ingredients_list\">Farine de\u00a0<span class=\"allergen\">bl\u00e9*<\/span>, sucre de canne* ,\u00a0<span class=\"allergen\">beurre*<\/span>\u00a025,5%, oeufs entiers en poudre*, sel marin, ar\u00f4me naturel de vanille, poudre \u00e0 lever : carbonates d\u2019ammonium, poudre de lait \u00e9cr\u00e9m\u00e9*. *Ingr\u00e9dients issus de l\u2019Agriculture Biologique.<\/div>\n<div>Peut contenir des traces de\u00a0<span class=\"allergen\">fruits \u00e0 coque<\/span>, de\u00a0<span class=\"allergen\">soja<\/span>, de\u00a0<span class=\"allergen\">s\u00e9same<\/span>\u00a0et d\u2019<span class=\"allergen\">arachide<\/span>.<\/div>\n<div><\/div>\n<div>\n<h5><strong><span class=\"field\">Informations nutritionnelles:<\/span><\/strong><\/h5>\n<p>21 g Mati\u00e8res grasses \/ Lipides<br \/>\n14 g Acides gras satur\u00e9s<br \/>\n25 g Sucres<br \/>\n0.57 g Sel<\/p>\n<\/div>\n","protected":false},"excerpt":{"rendered":"<p>Ces biscuits galettes accompagneront vos enfants pour leur go\u00fbter.<\/p>\n","protected":false},"featured_media":5791,"comment_status":"open","ping_status":"closed","template":"","meta":[],"product_brand":[],"product_cat":[76],"product_tag":[],"class_list":{"0":"post-5788","1":"product","2":"type-product","3":"status-publish","4":"has-post-thumbnail","6":"product_cat-sans-gluten","8":"first","9":"instock","10":"shipping-taxable","11":"purchasable","12":"product-type-simple"},"_links":{"self":[{"href":"https:\/\/bilive.ma\/index.php\/wp-json\/wp\/v2\/product\/5788","targetHints":{"allow":["GET"]}}],"collection":[{"href":"https:\/\/bilive.ma\/index.php\/wp-json\/wp\/v2\/product"}],"about":[{"href":"https:\/\/bilive.ma\/index.php\/wp-json\/wp\/v2\/types\/product"}],"replies":[{"embeddable":true,"href":"https:\/\/bilive.ma\/index.php\/wp-json\/wp\/v2\/comments?post=5788"}],"version-history":[{"count":1,"href":"https:\/\/bilive.ma\/index.php\/wp-json\/wp\/v2\/product\/5788\/revisions"}],"predecessor-version":[{"id":5790,"href":"https:\/\/bilive.ma\/index.php\/wp-json\/wp\/v2\/product\/5788\/revisions\/5790"}],"wp:featuredmedia":[{"embeddable":true,"href":"https:\/\/bilive.ma\/index.php\/wp-json\/wp\/v2\/media\/5791"}],"wp:attachment":[{"href":"https:\/\/bilive.ma\/index.php\/wp-json\/wp\/v2\/media?parent=5788"}],"wp:term":[{"taxonomy":"product_brand","embeddable":true,"href":"https:\/\/bilive.ma\/index.php\/wp-json\/wp\/v2\/product_brand?post=5788"},{"taxonomy":"product_cat","embeddable":true,"href":"https:\/\/bilive.ma\/index.php\/wp-json\/wp\/v2\/product_cat?post=5788"},{"taxonomy":"product_tag","embeddable":true,"href":"https:\/\/bilive.ma\/index.php\/wp-json\/wp\/v2\/product_tag?post=5788"}],"curies":[{"name":"wp","href":"https:\/\/api.w.org\/{rel}","templated":true}]}}