{"id":5793,"date":"2026-04-06T21:20:19","date_gmt":"2026-04-06T19:20:19","guid":{"rendered":"https:\/\/bilive.ma\/?post_type=product&#038;p=5793"},"modified":"2026-04-06T21:23:16","modified_gmt":"2026-04-06T19:23:16","slug":"biscuits-cookies-chocolat-fleurs-de-bles-paquet-200g","status":"publish","type":"product","link":"https:\/\/bilive.ma\/index.php\/product\/biscuits-cookies-chocolat-fleurs-de-bles-paquet-200g\/","title":{"rendered":"Biscuits Cookies Chocolat &#8211; Fleurs De Bl\u00e9s &#8211; Paquet 200g"},"content":{"rendered":"<p>Ces biscuits croquants ont un d\u00e9licieux go\u00fbt de chocolat et surprennent \u00e0 chaque bouch\u00e9e avec de tendres p\u00e9pites de chocolats.<\/p>\n","protected":false},"excerpt":{"rendered":"<p>Ces biscuits croquants ont un d\u00e9licieux go\u00fbt de chocolat et surprennent \u00e0 chaque bouch\u00e9e avec de tendres p\u00e9pites de chocolats.<\/p>\n","protected":false},"featured_media":5794,"comment_status":"open","ping_status":"closed","template":"","meta":[],"product_brand":[],"product_cat":[75],"product_tag":[],"class_list":{"0":"post-5793","1":"product","2":"type-product","3":"status-publish","4":"has-post-thumbnail","6":"product_cat-regimes-speciaux","8":"first","9":"instock","10":"shipping-taxable","11":"purchasable","12":"product-type-simple"},"_links":{"self":[{"href":"https:\/\/bilive.ma\/index.php\/wp-json\/wp\/v2\/product\/5793","targetHints":{"allow":["GET"]}}],"collection":[{"href":"https:\/\/bilive.ma\/index.php\/wp-json\/wp\/v2\/product"}],"about":[{"href":"https:\/\/bilive.ma\/index.php\/wp-json\/wp\/v2\/types\/product"}],"replies":[{"embeddable":true,"href":"https:\/\/bilive.ma\/index.php\/wp-json\/wp\/v2\/comments?post=5793"}],"version-history":[{"count":1,"href":"https:\/\/bilive.ma\/index.php\/wp-json\/wp\/v2\/product\/5793\/revisions"}],"predecessor-version":[{"id":5795,"href":"https:\/\/bilive.ma\/index.php\/wp-json\/wp\/v2\/product\/5793\/revisions\/5795"}],"wp:featuredmedia":[{"embeddable":true,"href":"https:\/\/bilive.ma\/index.php\/wp-json\/wp\/v2\/media\/5794"}],"wp:attachment":[{"href":"https:\/\/bilive.ma\/index.php\/wp-json\/wp\/v2\/media?parent=5793"}],"wp:term":[{"taxonomy":"product_brand","embeddable":true,"href":"https:\/\/bilive.ma\/index.php\/wp-json\/wp\/v2\/product_brand?post=5793"},{"taxonomy":"product_cat","embeddable":true,"href":"https:\/\/bilive.ma\/index.php\/wp-json\/wp\/v2\/product_cat?post=5793"},{"taxonomy":"product_tag","embeddable":true,"href":"https:\/\/bilive.ma\/index.php\/wp-json\/wp\/v2\/product_tag?post=5793"}],"curies":[{"name":"wp","href":"https:\/\/api.w.org\/{rel}","templated":true}]}}