{"id":5796,"date":"2026-04-06T21:33:39","date_gmt":"2026-04-06T19:33:39","guid":{"rendered":"https:\/\/bilive.ma\/?post_type=product&#038;p=5796"},"modified":"2026-04-06T21:33:39","modified_gmt":"2026-04-06T19:33:39","slug":"cookies-noisettes-200g-fleurs-des-bles","status":"publish","type":"product","link":"https:\/\/bilive.ma\/index.php\/product\/cookies-noisettes-200g-fleurs-des-bles\/","title":{"rendered":"Cookies noisettes &#8211; 200g &#8211; Fleurs des bl\u00e9s"},"content":{"rendered":"<p>D\u00e9couvrez nos irr\u00e9sistibles\u00a0<strong>Cookies noisettes aux p\u00e9pites de chocolat<\/strong>. Issus de l\u2019agriculture biologique. D\u00e9gustez nos\u00a0<strong>cookies bio<\/strong>,\u00a0<strong>d\u00e9licieux<\/strong>, bien\u00a0<strong>croustillants<\/strong>\u00a0et\u00a0<strong>tr\u00e8s savoureux<\/strong>.<\/p>\n","protected":false},"excerpt":{"rendered":"<p>D\u00e9couvrez nos irr\u00e9sistibles\u00a0<strong>Cookies noisettes aux p\u00e9pites de chocolat<\/strong>. Issus de l\u2019agriculture biologique. D\u00e9gustez nos\u00a0<strong>cookies bio<\/strong>,\u00a0<strong>d\u00e9licieux<\/strong>, bien\u00a0<strong>croustillants<\/strong>\u00a0et\u00a0<strong>tr\u00e8s savoureux<\/strong>.<\/p>\n","protected":false},"featured_media":5797,"comment_status":"open","ping_status":"closed","template":"","meta":[],"product_brand":[],"product_cat":[76],"product_tag":[],"class_list":{"0":"post-5796","1":"product","2":"type-product","3":"status-publish","4":"has-post-thumbnail","6":"product_cat-sans-gluten","8":"first","9":"instock","10":"shipping-taxable","11":"purchasable","12":"product-type-simple"},"_links":{"self":[{"href":"https:\/\/bilive.ma\/index.php\/wp-json\/wp\/v2\/product\/5796","targetHints":{"allow":["GET"]}}],"collection":[{"href":"https:\/\/bilive.ma\/index.php\/wp-json\/wp\/v2\/product"}],"about":[{"href":"https:\/\/bilive.ma\/index.php\/wp-json\/wp\/v2\/types\/product"}],"replies":[{"embeddable":true,"href":"https:\/\/bilive.ma\/index.php\/wp-json\/wp\/v2\/comments?post=5796"}],"version-history":[{"count":1,"href":"https:\/\/bilive.ma\/index.php\/wp-json\/wp\/v2\/product\/5796\/revisions"}],"predecessor-version":[{"id":5798,"href":"https:\/\/bilive.ma\/index.php\/wp-json\/wp\/v2\/product\/5796\/revisions\/5798"}],"wp:featuredmedia":[{"embeddable":true,"href":"https:\/\/bilive.ma\/index.php\/wp-json\/wp\/v2\/media\/5797"}],"wp:attachment":[{"href":"https:\/\/bilive.ma\/index.php\/wp-json\/wp\/v2\/media?parent=5796"}],"wp:term":[{"taxonomy":"product_brand","embeddable":true,"href":"https:\/\/bilive.ma\/index.php\/wp-json\/wp\/v2\/product_brand?post=5796"},{"taxonomy":"product_cat","embeddable":true,"href":"https:\/\/bilive.ma\/index.php\/wp-json\/wp\/v2\/product_cat?post=5796"},{"taxonomy":"product_tag","embeddable":true,"href":"https:\/\/bilive.ma\/index.php\/wp-json\/wp\/v2\/product_tag?post=5796"}],"curies":[{"name":"wp","href":"https:\/\/api.w.org\/{rel}","templated":true}]}}