{"id":5799,"date":"2026-04-06T21:38:15","date_gmt":"2026-04-06T19:38:15","guid":{"rendered":"https:\/\/bilive.ma\/?post_type=product&#038;p=5799"},"modified":"2026-04-06T21:38:15","modified_gmt":"2026-04-06T19:38:15","slug":"ecomil-boisson-amande-barista-1l","status":"publish","type":"product","link":"https:\/\/bilive.ma\/index.php\/product\/ecomil-boisson-amande-barista-1l\/","title":{"rendered":"Ecomil Boisson Amande Barista 1L"},"content":{"rendered":"<div class=\"w-post-elm post_content\">\n<p style=\"text-align: justify;\"><strong>Ingr\u00e9dients:<\/strong><br \/>\nEau, amandes*(2.5%), sucre de canne*, amidon de tapioca*, huile de tournesol*, prot\u00e9ine de pois*, stabilisant : gomme gellane, ar\u00f4me naturel de vanille*. *Issus de l\u2019agriculture biologique Ce produit est fabriqu\u00e9 dans une usine o\u00f9 sont manipul\u00e9s des fruits \u00e0 coque<br \/>\n<strong>Mode d\u2019emploi:<\/strong><br \/>\nBien agiter avant utilisation. Ecomil a r\u00e9uni tous les ingr\u00e9dients pour vous aider \u00e0 obtenir une mousse cr\u00e9meuse et onctueuse dans vos cappuccinos, mochaccinos, latte macchiatos et caf\u00e9s frapp\u00e9s. \u00c0 utiliser avec une machine \u00e0 caf\u00e9 professionnelle comprenant une buse vapeur. Faire mousser \u00e0 une temp\u00e9rature maximale de 60\u00baC. Ne pas faire mousser plusieurs fois. A conserver au frais apr\u00e8s ouverture et consommer dans les 5 jours.<\/p>\n<p style=\"text-align: justify;\"><strong>Valeurs nutritionnelles pour 100g:<\/strong><br \/>\n\u00c9nergie 156.0 kJ<br \/>\n\u00c9nergie 37 kcal<br \/>\nGraisses 2.10 g<br \/>\ndont acides gras satur\u00e9s 0.2 g<br \/>\nGlucides 3.8 g<br \/>\ndont sucres 2.50 g<br \/>\nProt\u00e9ines 0.9 g<br \/>\nSel 0.10 g<\/p>\n<\/div>\n","protected":false},"excerpt":{"rendered":"<div class=\"w-post-elm post_content\">\n<p>Lait d\u2019amande bio pour barista \u00e0 faible teneur en sucres, Tetra Brik 1L.<\/p>\n<\/div>\n","protected":false},"featured_media":5800,"comment_status":"open","ping_status":"closed","template":"","meta":[],"product_brand":[],"product_cat":[77],"product_tag":[],"class_list":{"0":"post-5799","1":"product","2":"type-product","3":"status-publish","4":"has-post-thumbnail","6":"product_cat-vegan","8":"first","9":"instock","10":"shipping-taxable","11":"purchasable","12":"product-type-simple"},"_links":{"self":[{"href":"https:\/\/bilive.ma\/index.php\/wp-json\/wp\/v2\/product\/5799","targetHints":{"allow":["GET"]}}],"collection":[{"href":"https:\/\/bilive.ma\/index.php\/wp-json\/wp\/v2\/product"}],"about":[{"href":"https:\/\/bilive.ma\/index.php\/wp-json\/wp\/v2\/types\/product"}],"replies":[{"embeddable":true,"href":"https:\/\/bilive.ma\/index.php\/wp-json\/wp\/v2\/comments?post=5799"}],"version-history":[{"count":1,"href":"https:\/\/bilive.ma\/index.php\/wp-json\/wp\/v2\/product\/5799\/revisions"}],"predecessor-version":[{"id":5801,"href":"https:\/\/bilive.ma\/index.php\/wp-json\/wp\/v2\/product\/5799\/revisions\/5801"}],"wp:featuredmedia":[{"embeddable":true,"href":"https:\/\/bilive.ma\/index.php\/wp-json\/wp\/v2\/media\/5800"}],"wp:attachment":[{"href":"https:\/\/bilive.ma\/index.php\/wp-json\/wp\/v2\/media?parent=5799"}],"wp:term":[{"taxonomy":"product_brand","embeddable":true,"href":"https:\/\/bilive.ma\/index.php\/wp-json\/wp\/v2\/product_brand?post=5799"},{"taxonomy":"product_cat","embeddable":true,"href":"https:\/\/bilive.ma\/index.php\/wp-json\/wp\/v2\/product_cat?post=5799"},{"taxonomy":"product_tag","embeddable":true,"href":"https:\/\/bilive.ma\/index.php\/wp-json\/wp\/v2\/product_tag?post=5799"}],"curies":[{"name":"wp","href":"https:\/\/api.w.org\/{rel}","templated":true}]}}