{"id":5806,"date":"2026-04-06T21:52:12","date_gmt":"2026-04-06T19:52:12","guid":{"rendered":"https:\/\/bilive.ma\/?post_type=product&#038;p=5806"},"modified":"2026-04-06T21:52:13","modified_gmt":"2026-04-06T19:52:13","slug":"nature-green-boisson-amande-calcium-nature-1l-lait-vegetal-amande-bio-enrichi-calcium-sans-lactose-naturel","status":"publish","type":"product","link":"https:\/\/bilive.ma\/index.php\/product\/nature-green-boisson-amande-calcium-nature-1l-lait-vegetal-amande-bio-enrichi-calcium-sans-lactose-naturel\/","title":{"rendered":"NATURE GREEN Boisson Amande Calcium Nature 1L Lait V\u00e9g\u00e9tal Amande Bio Enrichi Calcium Sans Lactose Naturel"},"content":{"rendered":"<p style=\"text-align: justify;\">d\u2019amande sans sucre avec calcium <em data-start=\"218\" data-end=\"230\">NaturGreen<\/em> est une alternative v\u00e9g\u00e9tale saine et l\u00e9g\u00e8re, id\u00e9ale pour les personnes recherchant une alimentation \u00e9quilibr\u00e9e sans sucres ajout\u00e9s. \u00c9labor\u00e9e \u00e0 partir d\u2019ingr\u00e9dients d\u2019origine naturelle, elle associe la douceur de l\u2019amande \u00e0 un apport en calcium d\u2019origine marine.<\/p>\n","protected":false},"excerpt":{"rendered":"<p>d\u2019amande sans sucre avec calcium <em data-start=\"218\" data-end=\"230\">NaturGreen<\/em> est une alternative v\u00e9g\u00e9tale saine et l\u00e9g\u00e8re, id\u00e9ale pour les personnes recherchant une alimentation \u00e9quilibr\u00e9e sans sucres ajout\u00e9s. \u00c9labor\u00e9e \u00e0 partir d\u2019ingr\u00e9dients d\u2019origine naturelle, elle associe la douceur de l\u2019amande \u00e0 un apport en calcium d\u2019origine marine.<\/p>\n","protected":false},"featured_media":5808,"comment_status":"open","ping_status":"closed","template":"","meta":[],"product_brand":[],"product_cat":[77],"product_tag":[],"class_list":{"0":"post-5806","1":"product","2":"type-product","3":"status-publish","4":"has-post-thumbnail","6":"product_cat-vegan","8":"first","9":"instock","10":"shipping-taxable","11":"purchasable","12":"product-type-simple"},"_links":{"self":[{"href":"https:\/\/bilive.ma\/index.php\/wp-json\/wp\/v2\/product\/5806","targetHints":{"allow":["GET"]}}],"collection":[{"href":"https:\/\/bilive.ma\/index.php\/wp-json\/wp\/v2\/product"}],"about":[{"href":"https:\/\/bilive.ma\/index.php\/wp-json\/wp\/v2\/types\/product"}],"replies":[{"embeddable":true,"href":"https:\/\/bilive.ma\/index.php\/wp-json\/wp\/v2\/comments?post=5806"}],"version-history":[{"count":1,"href":"https:\/\/bilive.ma\/index.php\/wp-json\/wp\/v2\/product\/5806\/revisions"}],"predecessor-version":[{"id":5809,"href":"https:\/\/bilive.ma\/index.php\/wp-json\/wp\/v2\/product\/5806\/revisions\/5809"}],"wp:featuredmedia":[{"embeddable":true,"href":"https:\/\/bilive.ma\/index.php\/wp-json\/wp\/v2\/media\/5808"}],"wp:attachment":[{"href":"https:\/\/bilive.ma\/index.php\/wp-json\/wp\/v2\/media?parent=5806"}],"wp:term":[{"taxonomy":"product_brand","embeddable":true,"href":"https:\/\/bilive.ma\/index.php\/wp-json\/wp\/v2\/product_brand?post=5806"},{"taxonomy":"product_cat","embeddable":true,"href":"https:\/\/bilive.ma\/index.php\/wp-json\/wp\/v2\/product_cat?post=5806"},{"taxonomy":"product_tag","embeddable":true,"href":"https:\/\/bilive.ma\/index.php\/wp-json\/wp\/v2\/product_tag?post=5806"}],"curies":[{"name":"wp","href":"https:\/\/api.w.org\/{rel}","templated":true}]}}