{"id":5810,"date":"2026-04-06T21:58:32","date_gmt":"2026-04-06T19:58:32","guid":{"rendered":"https:\/\/bilive.ma\/?post_type=product&#038;p=5810"},"modified":"2026-04-06T21:58:32","modified_gmt":"2026-04-06T19:58:32","slug":"ecomil-boisson-coco-agave-1l","status":"publish","type":"product","link":"https:\/\/bilive.ma\/index.php\/product\/ecomil-boisson-coco-agave-1l\/","title":{"rendered":"Ecomil Boisson Coco Agave 1L"},"content":{"rendered":"<div class=\"w-post-elm post_content\">\n<p style=\"text-align: justify;\"><strong>Ngr\u00e9dients :<\/strong><br \/>\nEau, lait de coco* (8,5%), sirop d\u2019agave*, amidon de tapioca*, ar\u00f4me naturel de coco*, sel marin.<\/p>\n<p style=\"text-align: justify;\">*Issus de l\u2019agriculture biologique.<\/p>\n<p style=\"text-align: justify;\"><strong>Mode d\u2019emploi :<\/strong><br \/>\nBien agiter avant d\u2019ouvrir. A conserver au r\u00e9frig\u00e9rateur apr\u00e8s ouverture et consommer dans les 5 jours.<br \/>\nLes laits de coco bio Ecomil se consomment tel que \u00e0 tout moment de la journ\u00e9e, froids ou chauds, dans le th\u00e9 ou le caf\u00e9; et peuvent \u00eatre aussi utilis\u00e9s dans la pr\u00e9paration de vos recettes: sauces, g\u00e2teaux, cr\u00eapes, flans\u2026<\/p>\n<p style=\"text-align: justify;\"><strong>Valeurs nutritionnelles pour 100g :<\/strong><br \/>\n\u00c9nergie 203.0 kJ<br \/>\n\u00c9nergie 49 kcal<br \/>\nGraisses 3.30 g<br \/>\ndont acides gras satur\u00e9s 3.0 g<br \/>\nGlucides 4.6 g<br \/>\ndont sucres 3.20 g<br \/>\nProt\u00e9ines 0.1 g<br \/>\nSel 0.10 g<\/p>\n<\/div>\n","protected":false},"excerpt":{"rendered":"<div class=\"w-post-elm post_content\">\n<p>Lait de coco original, sans lactose comme les autres laits de coco, mais aussi sans gluten !<\/p>\n<\/div>\n","protected":false},"featured_media":5811,"comment_status":"open","ping_status":"closed","template":"","meta":[],"product_brand":[],"product_cat":[77],"product_tag":[],"class_list":{"0":"post-5810","1":"product","2":"type-product","3":"status-publish","4":"has-post-thumbnail","6":"product_cat-vegan","8":"first","9":"instock","10":"shipping-taxable","11":"purchasable","12":"product-type-simple"},"_links":{"self":[{"href":"https:\/\/bilive.ma\/index.php\/wp-json\/wp\/v2\/product\/5810","targetHints":{"allow":["GET"]}}],"collection":[{"href":"https:\/\/bilive.ma\/index.php\/wp-json\/wp\/v2\/product"}],"about":[{"href":"https:\/\/bilive.ma\/index.php\/wp-json\/wp\/v2\/types\/product"}],"replies":[{"embeddable":true,"href":"https:\/\/bilive.ma\/index.php\/wp-json\/wp\/v2\/comments?post=5810"}],"version-history":[{"count":1,"href":"https:\/\/bilive.ma\/index.php\/wp-json\/wp\/v2\/product\/5810\/revisions"}],"predecessor-version":[{"id":5812,"href":"https:\/\/bilive.ma\/index.php\/wp-json\/wp\/v2\/product\/5810\/revisions\/5812"}],"wp:featuredmedia":[{"embeddable":true,"href":"https:\/\/bilive.ma\/index.php\/wp-json\/wp\/v2\/media\/5811"}],"wp:attachment":[{"href":"https:\/\/bilive.ma\/index.php\/wp-json\/wp\/v2\/media?parent=5810"}],"wp:term":[{"taxonomy":"product_brand","embeddable":true,"href":"https:\/\/bilive.ma\/index.php\/wp-json\/wp\/v2\/product_brand?post=5810"},{"taxonomy":"product_cat","embeddable":true,"href":"https:\/\/bilive.ma\/index.php\/wp-json\/wp\/v2\/product_cat?post=5810"},{"taxonomy":"product_tag","embeddable":true,"href":"https:\/\/bilive.ma\/index.php\/wp-json\/wp\/v2\/product_tag?post=5810"}],"curies":[{"name":"wp","href":"https:\/\/api.w.org\/{rel}","templated":true}]}}