{"id":5813,"date":"2026-04-06T22:02:55","date_gmt":"2026-04-06T20:02:55","guid":{"rendered":"https:\/\/bilive.ma\/?post_type=product&#038;p=5813"},"modified":"2026-04-06T22:02:55","modified_gmt":"2026-04-06T20:02:55","slug":"ecomil-barista-coco-sans-sucre-1l","status":"publish","type":"product","link":"https:\/\/bilive.ma\/index.php\/product\/ecomil-barista-coco-sans-sucre-1l\/","title":{"rendered":"ECOMIL BARISTA COCO SANS SUCRE 1L"},"content":{"rendered":"<p>Lait de coco bio pour barista \u00e0 faible teneur en sucres, Tetra Brik 1 L<\/p>\n<h3>Ingr\u00e9dients<\/h3>\n<p>Eau, coco* (7%), sucre de canne*, prot\u00e9ine de pois*, amidon de tapioca*, ar\u00f4me naturel de<br \/>\nCOco*, sel marin<br \/>\n(*Ingr\u00e9dients issus de l\u2019agriculture biologique).<\/p>\n<h3 class=\"modo-empleo\">Mode d\u2019emploi<\/h3>\n<p>Bien agiter avant utilisation. Ecomil a r\u00e9uni tous les ingr\u00e9dients por vous aider \u00e0 obtenir une<br \/>\nmousse cr\u00e9meuse et onctueuse dans vos cappuccinos, mochaccinos, latte macchiatos et<br \/>\ncaf\u00e9s frapp\u00e9s.<br \/>\n\u00c0 utiliser avec une machine \u00e0 caf\u00e9 professionnelle comprenant une buse vapeur. Faire<br \/>\nmousser \u00e0 une temp\u00e9rature maximale de 60\u00b0C. Ne pas faire mousser plusieurs fois.<\/p>\n","protected":false},"excerpt":{"rendered":"<p>Lait de coco bio pour barista \u00e0 faible teneur en sucres, Tetra Brik 1 L<\/p>\n","protected":false},"featured_media":5814,"comment_status":"open","ping_status":"closed","template":"","meta":[],"product_brand":[],"product_cat":[77],"product_tag":[],"class_list":{"0":"post-5813","1":"product","2":"type-product","3":"status-publish","4":"has-post-thumbnail","6":"product_cat-vegan","8":"first","9":"instock","10":"shipping-taxable","11":"purchasable","12":"product-type-simple"},"_links":{"self":[{"href":"https:\/\/bilive.ma\/index.php\/wp-json\/wp\/v2\/product\/5813","targetHints":{"allow":["GET"]}}],"collection":[{"href":"https:\/\/bilive.ma\/index.php\/wp-json\/wp\/v2\/product"}],"about":[{"href":"https:\/\/bilive.ma\/index.php\/wp-json\/wp\/v2\/types\/product"}],"replies":[{"embeddable":true,"href":"https:\/\/bilive.ma\/index.php\/wp-json\/wp\/v2\/comments?post=5813"}],"version-history":[{"count":1,"href":"https:\/\/bilive.ma\/index.php\/wp-json\/wp\/v2\/product\/5813\/revisions"}],"predecessor-version":[{"id":5815,"href":"https:\/\/bilive.ma\/index.php\/wp-json\/wp\/v2\/product\/5813\/revisions\/5815"}],"wp:featuredmedia":[{"embeddable":true,"href":"https:\/\/bilive.ma\/index.php\/wp-json\/wp\/v2\/media\/5814"}],"wp:attachment":[{"href":"https:\/\/bilive.ma\/index.php\/wp-json\/wp\/v2\/media?parent=5813"}],"wp:term":[{"taxonomy":"product_brand","embeddable":true,"href":"https:\/\/bilive.ma\/index.php\/wp-json\/wp\/v2\/product_brand?post=5813"},{"taxonomy":"product_cat","embeddable":true,"href":"https:\/\/bilive.ma\/index.php\/wp-json\/wp\/v2\/product_cat?post=5813"},{"taxonomy":"product_tag","embeddable":true,"href":"https:\/\/bilive.ma\/index.php\/wp-json\/wp\/v2\/product_tag?post=5813"}],"curies":[{"name":"wp","href":"https:\/\/api.w.org\/{rel}","templated":true}]}}