{"id":5816,"date":"2026-04-06T22:09:42","date_gmt":"2026-04-06T20:09:42","guid":{"rendered":"https:\/\/bilive.ma\/?post_type=product&#038;p=5816"},"modified":"2026-04-06T22:09:42","modified_gmt":"2026-04-06T20:09:42","slug":"lait-de-noix-de-coco-nature-coconut-ecomil-1-l","status":"publish","type":"product","link":"https:\/\/bilive.ma\/index.php\/product\/lait-de-noix-de-coco-nature-coconut-ecomil-1-l\/","title":{"rendered":"Lait de Noix de COCO Nature COCONUT ECOMIL 1 L"},"content":{"rendered":"<p style=\"text-align: justify;\">La boisson v\u00e9g\u00e9tale \u00e0 la noix de coco nature <em data-start=\"220\" data-end=\"228\">Ecomil<\/em> est une alternative l\u00e9g\u00e8re et savoureuse au lait traditionnel, id\u00e9ale pour une alimentation saine et \u00e9quilibr\u00e9e. \u00c9labor\u00e9e \u00e0 partir d\u2019ingr\u00e9dients issus de l\u2019agriculture biologique, elle offre une texture douce et un go\u00fbt d\u00e9licatement exotique.<\/p>\n","protected":false},"excerpt":{"rendered":"<p style=\"text-align: justify;\">La boisson v\u00e9g\u00e9tale \u00e0 la noix de coco nature <em data-start=\"220\" data-end=\"228\">Ecomil<\/em> est une alternative l\u00e9g\u00e8re et savoureuse au lait traditionnel, id\u00e9ale pour une alimentation saine et \u00e9quilibr\u00e9e. \u00c9labor\u00e9e \u00e0 partir d\u2019ingr\u00e9dients issus de l\u2019agriculture biologique, elle offre une texture douce et un go\u00fbt d\u00e9licatement exotique.<\/p>\n","protected":false},"featured_media":5817,"comment_status":"open","ping_status":"closed","template":"","meta":[],"product_brand":[],"product_cat":[77],"product_tag":[],"class_list":{"0":"post-5816","1":"product","2":"type-product","3":"status-publish","4":"has-post-thumbnail","6":"product_cat-vegan","8":"first","9":"instock","10":"shipping-taxable","11":"purchasable","12":"product-type-simple"},"_links":{"self":[{"href":"https:\/\/bilive.ma\/index.php\/wp-json\/wp\/v2\/product\/5816","targetHints":{"allow":["GET"]}}],"collection":[{"href":"https:\/\/bilive.ma\/index.php\/wp-json\/wp\/v2\/product"}],"about":[{"href":"https:\/\/bilive.ma\/index.php\/wp-json\/wp\/v2\/types\/product"}],"replies":[{"embeddable":true,"href":"https:\/\/bilive.ma\/index.php\/wp-json\/wp\/v2\/comments?post=5816"}],"version-history":[{"count":1,"href":"https:\/\/bilive.ma\/index.php\/wp-json\/wp\/v2\/product\/5816\/revisions"}],"predecessor-version":[{"id":5818,"href":"https:\/\/bilive.ma\/index.php\/wp-json\/wp\/v2\/product\/5816\/revisions\/5818"}],"wp:featuredmedia":[{"embeddable":true,"href":"https:\/\/bilive.ma\/index.php\/wp-json\/wp\/v2\/media\/5817"}],"wp:attachment":[{"href":"https:\/\/bilive.ma\/index.php\/wp-json\/wp\/v2\/media?parent=5816"}],"wp:term":[{"taxonomy":"product_brand","embeddable":true,"href":"https:\/\/bilive.ma\/index.php\/wp-json\/wp\/v2\/product_brand?post=5816"},{"taxonomy":"product_cat","embeddable":true,"href":"https:\/\/bilive.ma\/index.php\/wp-json\/wp\/v2\/product_cat?post=5816"},{"taxonomy":"product_tag","embeddable":true,"href":"https:\/\/bilive.ma\/index.php\/wp-json\/wp\/v2\/product_tag?post=5816"}],"curies":[{"name":"wp","href":"https:\/\/api.w.org\/{rel}","templated":true}]}}