{"id":5824,"date":"2026-04-06T23:09:56","date_gmt":"2026-04-06T21:09:56","guid":{"rendered":"https:\/\/bilive.ma\/?post_type=product&#038;p=5824"},"modified":"2026-04-06T23:09:56","modified_gmt":"2026-04-06T21:09:56","slug":"oatly-boisson-a-lavoine-chocolat-1l","status":"publish","type":"product","link":"https:\/\/bilive.ma\/index.php\/product\/oatly-boisson-a-lavoine-chocolat-1l\/","title":{"rendered":"Oatly &#8211; Boisson \u00e0 l\u2019avoine chocolat 1L"},"content":{"rendered":"<p style=\"text-align: justify;\">Celui-ci enfreint la r\u00e8gle \u00ab lait + cacao \u00bb \u2014 \u00e0 sa mani\u00e8re. \u00c9paisse, chocolat\u00e9e, avec une touche d\u2019avoine qui ne g\u00eane pas mais ajoute du charme.<\/p>\n<p style=\"text-align: justify;\">Ce n\u2019est pas trop sucr\u00e9, pas cette ambiance d\u2019enfance dans une bo\u00eete, plut\u00f4t comme un retour \u00e0 l\u2019\u00e2ge adulte \u2014 mais avec un meilleur go\u00fbt et de meilleurs ingr\u00e9dients.<\/p>\n<p style=\"text-align: justify;\">Buvez-le seul, au petit-d\u00e9jeuner, m\u00e9langez-le dans un smoothie ou versez-le sur le dessert \u2014 cela ne d\u00e9\u00e7oit jamais. \u00c0 appr\u00e9cier mieux quand on ne sait pas si on veut quelque chose de sucr\u00e9, ou si on le m\u00e9rite quand m\u00eame.<\/p>\n","protected":false},"excerpt":{"rendered":"<p style=\"text-align: justify;\">Celui-ci enfreint la r\u00e8gle \u00ab lait + cacao \u00bb \u2014 \u00e0 sa mani\u00e8re. \u00c9paisse, chocolat\u00e9e, avec une touche d\u2019avoine qui ne g\u00eane pas mais ajoute du charme.<\/p>\n","protected":false},"featured_media":5825,"comment_status":"open","ping_status":"closed","template":"","meta":[],"product_brand":[],"product_cat":[77],"product_tag":[],"class_list":{"0":"post-5824","1":"product","2":"type-product","3":"status-publish","4":"has-post-thumbnail","6":"product_cat-vegan","8":"first","9":"instock","10":"shipping-taxable","11":"purchasable","12":"product-type-simple"},"_links":{"self":[{"href":"https:\/\/bilive.ma\/index.php\/wp-json\/wp\/v2\/product\/5824","targetHints":{"allow":["GET"]}}],"collection":[{"href":"https:\/\/bilive.ma\/index.php\/wp-json\/wp\/v2\/product"}],"about":[{"href":"https:\/\/bilive.ma\/index.php\/wp-json\/wp\/v2\/types\/product"}],"replies":[{"embeddable":true,"href":"https:\/\/bilive.ma\/index.php\/wp-json\/wp\/v2\/comments?post=5824"}],"version-history":[{"count":1,"href":"https:\/\/bilive.ma\/index.php\/wp-json\/wp\/v2\/product\/5824\/revisions"}],"predecessor-version":[{"id":5826,"href":"https:\/\/bilive.ma\/index.php\/wp-json\/wp\/v2\/product\/5824\/revisions\/5826"}],"wp:featuredmedia":[{"embeddable":true,"href":"https:\/\/bilive.ma\/index.php\/wp-json\/wp\/v2\/media\/5825"}],"wp:attachment":[{"href":"https:\/\/bilive.ma\/index.php\/wp-json\/wp\/v2\/media?parent=5824"}],"wp:term":[{"taxonomy":"product_brand","embeddable":true,"href":"https:\/\/bilive.ma\/index.php\/wp-json\/wp\/v2\/product_brand?post=5824"},{"taxonomy":"product_cat","embeddable":true,"href":"https:\/\/bilive.ma\/index.php\/wp-json\/wp\/v2\/product_cat?post=5824"},{"taxonomy":"product_tag","embeddable":true,"href":"https:\/\/bilive.ma\/index.php\/wp-json\/wp\/v2\/product_tag?post=5824"}],"curies":[{"name":"wp","href":"https:\/\/api.w.org\/{rel}","templated":true}]}}