{"id":5827,"date":"2026-04-07T00:12:20","date_gmt":"2026-04-06T22:12:20","guid":{"rendered":"https:\/\/bilive.ma\/?post_type=product&#038;p=5827"},"modified":"2026-04-07T00:12:20","modified_gmt":"2026-04-06T22:12:20","slug":"the-original-oatly-boisson-avoine-barista-1-l","status":"publish","type":"product","link":"https:\/\/bilive.ma\/index.php\/product\/the-original-oatly-boisson-avoine-barista-1-l\/","title":{"rendered":"THE ORIGINAL OATLY BOISSON AVOINE BARISTA 1 L"},"content":{"rendered":"<p>D\u00e9couvrez la\u00a0<strong>Boisson \u00e0 l&#8217;Avoine Barista Edition de The Original Oatly<\/strong>, une alternative savoureuse et parfaitement adapt\u00e9e pour tous vos caf\u00e9s et boissons chaudes. Con\u00e7ue sp\u00e9cialement pour les baristas et les amateurs de caf\u00e9 cr\u00e9meux, cette boisson d&#8217;avoine permet de r\u00e9aliser une mousse onctueuse et stable, id\u00e9ale pour cr\u00e9er de magnifiques motifs latte art, comme un joli c\u0153ur sur votre cappuccino. Elle se substitue ais\u00e9ment au lait traditionnel en apportant une texture riche et une saveur subtile qui rehausse vos boissons pr\u00e9f\u00e9r\u00e9es.<\/p>\n","protected":false},"excerpt":{"rendered":"<p>D\u00e9couvrez la\u00a0<strong>Boisson \u00e0 l&#8217;Avoine Barista Edition de The Original Oatly<\/strong>, une alternative savoureuse et parfaitement adapt\u00e9e pour tous vos caf\u00e9s et boissons chaudes. Con\u00e7ue sp\u00e9cialement pour les baristas et les amateurs de caf\u00e9 cr\u00e9meux, cette boisson d&#8217;avoine permet de r\u00e9aliser une mousse onctueuse et stable, id\u00e9ale pour cr\u00e9er de magnifiques motifs latte art, comme un joli c\u0153ur sur votre cappuccino. Elle se substitue ais\u00e9ment au lait traditionnel en apportant une texture riche et une saveur subtile qui rehausse vos boissons pr\u00e9f\u00e9r\u00e9es.<\/p>\n","protected":false},"featured_media":5828,"comment_status":"open","ping_status":"closed","template":"","meta":[],"product_brand":[],"product_cat":[77],"product_tag":[],"class_list":{"0":"post-5827","1":"product","2":"type-product","3":"status-publish","4":"has-post-thumbnail","6":"product_cat-vegan","8":"first","9":"instock","10":"shipping-taxable","11":"purchasable","12":"product-type-simple"},"_links":{"self":[{"href":"https:\/\/bilive.ma\/index.php\/wp-json\/wp\/v2\/product\/5827","targetHints":{"allow":["GET"]}}],"collection":[{"href":"https:\/\/bilive.ma\/index.php\/wp-json\/wp\/v2\/product"}],"about":[{"href":"https:\/\/bilive.ma\/index.php\/wp-json\/wp\/v2\/types\/product"}],"replies":[{"embeddable":true,"href":"https:\/\/bilive.ma\/index.php\/wp-json\/wp\/v2\/comments?post=5827"}],"version-history":[{"count":1,"href":"https:\/\/bilive.ma\/index.php\/wp-json\/wp\/v2\/product\/5827\/revisions"}],"predecessor-version":[{"id":5829,"href":"https:\/\/bilive.ma\/index.php\/wp-json\/wp\/v2\/product\/5827\/revisions\/5829"}],"wp:featuredmedia":[{"embeddable":true,"href":"https:\/\/bilive.ma\/index.php\/wp-json\/wp\/v2\/media\/5828"}],"wp:attachment":[{"href":"https:\/\/bilive.ma\/index.php\/wp-json\/wp\/v2\/media?parent=5827"}],"wp:term":[{"taxonomy":"product_brand","embeddable":true,"href":"https:\/\/bilive.ma\/index.php\/wp-json\/wp\/v2\/product_brand?post=5827"},{"taxonomy":"product_cat","embeddable":true,"href":"https:\/\/bilive.ma\/index.php\/wp-json\/wp\/v2\/product_cat?post=5827"},{"taxonomy":"product_tag","embeddable":true,"href":"https:\/\/bilive.ma\/index.php\/wp-json\/wp\/v2\/product_tag?post=5827"}],"curies":[{"name":"wp","href":"https:\/\/api.w.org\/{rel}","templated":true}]}}