{"id":5834,"date":"2026-04-08T10:17:20","date_gmt":"2026-04-08T08:17:20","guid":{"rendered":"https:\/\/bilive.ma\/?post_type=product&#038;p=5834"},"modified":"2026-04-08T10:17:20","modified_gmt":"2026-04-08T08:17:20","slug":"culinat-poudre-a-lever-sans-phosphate-sans-gluten-8x10g","status":"publish","type":"product","link":"https:\/\/bilive.ma\/index.php\/product\/culinat-poudre-a-lever-sans-phosphate-sans-gluten-8x10g\/","title":{"rendered":"Culinat Poudre \u00e0 Lever sans Phosphate sans Gluten 8X10G"},"content":{"rendered":"<p><strong>Ingr\u00e9dients:<\/strong><br \/>\nAmidon de ma\u00efs*, bicarbonate de sodium, tartrate monopotassique.<br \/>\n* Ingr\u00e9dients issus de l\u2019agriculture biologique.<br \/>\nCertifi\u00e9 AFDIAG, sans gluten<\/p>\n<p><strong>Poids net:<\/strong>\u00a080 g (8 sachets de 10 g)<\/p>\n<p><strong>Conseils d\u2019utilisation:<\/strong><br \/>\nA conserver au frais et au sec.<br \/>\nDosage conseill\u00e9 : 1 sachet pour 300 g de farine<\/p>\n","protected":false},"excerpt":{"rendered":"<p>Poudre \u00e0 lever sans phosphate et sans gluten bio, parfaite pour donner de la hauteur \u00e0 vos g\u00e2teaux, muffins, cakes et leur donner une texture moelleuse. Sans gluten, \u00e0 base d\u2019amidon de ma\u00efs issu de l\u2019agriculture biologique. 8 sachets de 10 g.<\/p>\n","protected":false},"featured_media":5835,"comment_status":"open","ping_status":"closed","template":"","meta":[],"product_brand":[],"product_cat":[75,76],"product_tag":[],"class_list":{"0":"post-5834","1":"product","2":"type-product","3":"status-publish","4":"has-post-thumbnail","6":"product_cat-regimes-speciaux","7":"product_cat-sans-gluten","9":"first","10":"instock","11":"shipping-taxable","12":"purchasable","13":"product-type-simple"},"_links":{"self":[{"href":"https:\/\/bilive.ma\/index.php\/wp-json\/wp\/v2\/product\/5834","targetHints":{"allow":["GET"]}}],"collection":[{"href":"https:\/\/bilive.ma\/index.php\/wp-json\/wp\/v2\/product"}],"about":[{"href":"https:\/\/bilive.ma\/index.php\/wp-json\/wp\/v2\/types\/product"}],"replies":[{"embeddable":true,"href":"https:\/\/bilive.ma\/index.php\/wp-json\/wp\/v2\/comments?post=5834"}],"version-history":[{"count":1,"href":"https:\/\/bilive.ma\/index.php\/wp-json\/wp\/v2\/product\/5834\/revisions"}],"predecessor-version":[{"id":5836,"href":"https:\/\/bilive.ma\/index.php\/wp-json\/wp\/v2\/product\/5834\/revisions\/5836"}],"wp:featuredmedia":[{"embeddable":true,"href":"https:\/\/bilive.ma\/index.php\/wp-json\/wp\/v2\/media\/5835"}],"wp:attachment":[{"href":"https:\/\/bilive.ma\/index.php\/wp-json\/wp\/v2\/media?parent=5834"}],"wp:term":[{"taxonomy":"product_brand","embeddable":true,"href":"https:\/\/bilive.ma\/index.php\/wp-json\/wp\/v2\/product_brand?post=5834"},{"taxonomy":"product_cat","embeddable":true,"href":"https:\/\/bilive.ma\/index.php\/wp-json\/wp\/v2\/product_cat?post=5834"},{"taxonomy":"product_tag","embeddable":true,"href":"https:\/\/bilive.ma\/index.php\/wp-json\/wp\/v2\/product_tag?post=5834"}],"curies":[{"name":"wp","href":"https:\/\/api.w.org\/{rel}","templated":true}]}}