{"id":5837,"date":"2026-04-08T10:20:14","date_gmt":"2026-04-08T08:20:14","guid":{"rendered":"https:\/\/bilive.ma\/?post_type=product&#038;p=5837"},"modified":"2026-04-08T10:20:40","modified_gmt":"2026-04-08T08:20:40","slug":"celiane-mix-patisserie-500g","status":"publish","type":"product","link":"https:\/\/bilive.ma\/index.php\/product\/celiane-mix-patisserie-500g\/","title":{"rendered":"C\u00e9liane Mix P\u00e2tisserie 500G"},"content":{"rendered":"<div class=\"w-post-elm post_content\">\n<p style=\"text-align: justify;\"><strong>Ingr\u00e9dients:<\/strong><br \/>\nFarine de riz*, amidon de ma\u00efs*, f\u00e9cule de pomme de terre*, fibre de psyllium*, \u00e9paississant : gomme de guar*. *Ingr\u00e9dients issus de l\u2019agriculture biologique.<\/p>\n<p style=\"text-align: justify;\"><strong>Valeurs nutritionnelles pour 100g:<\/strong><br \/>\n\u00c9nergie : 341 kcal \/ 1449 kJ<br \/>\nMati\u00e8res grasses : 0,5 g<br \/>\ndont acides gras satur\u00e9s : 0,1 g<br \/>\nGlucides : 78,6 g<br \/>\ndont sucres : 0,2 g<br \/>\nFibres : 2,4 g<br \/>\nProt\u00e9ines : 4,5 g<br \/>\nSel : 0,02 g<\/p>\n<\/div>\n","protected":false},"excerpt":{"rendered":"<div class=\"w-post-elm post_content\" style=\"text-align: justify;\">Ingr\u00e9dients: Farine de riz*, amidon de ma\u00efs*, f\u00e9cule de pomme de terre*, fibre de psyllium*, \u00e9paississant : gomme de guar*. *Ingr\u00e9dients issus de l\u2019agriculture biologique. Valeurs nutritionnelles pour 100g: \u00c9nergie\u2026<\/div>\n","protected":false},"featured_media":5838,"comment_status":"open","ping_status":"closed","template":"","meta":[],"product_brand":[],"product_cat":[75,76],"product_tag":[],"class_list":{"0":"post-5837","1":"product","2":"type-product","3":"status-publish","4":"has-post-thumbnail","6":"product_cat-regimes-speciaux","7":"product_cat-sans-gluten","9":"first","10":"instock","11":"shipping-taxable","12":"purchasable","13":"product-type-simple"},"_links":{"self":[{"href":"https:\/\/bilive.ma\/index.php\/wp-json\/wp\/v2\/product\/5837","targetHints":{"allow":["GET"]}}],"collection":[{"href":"https:\/\/bilive.ma\/index.php\/wp-json\/wp\/v2\/product"}],"about":[{"href":"https:\/\/bilive.ma\/index.php\/wp-json\/wp\/v2\/types\/product"}],"replies":[{"embeddable":true,"href":"https:\/\/bilive.ma\/index.php\/wp-json\/wp\/v2\/comments?post=5837"}],"version-history":[{"count":2,"href":"https:\/\/bilive.ma\/index.php\/wp-json\/wp\/v2\/product\/5837\/revisions"}],"predecessor-version":[{"id":5840,"href":"https:\/\/bilive.ma\/index.php\/wp-json\/wp\/v2\/product\/5837\/revisions\/5840"}],"wp:featuredmedia":[{"embeddable":true,"href":"https:\/\/bilive.ma\/index.php\/wp-json\/wp\/v2\/media\/5838"}],"wp:attachment":[{"href":"https:\/\/bilive.ma\/index.php\/wp-json\/wp\/v2\/media?parent=5837"}],"wp:term":[{"taxonomy":"product_brand","embeddable":true,"href":"https:\/\/bilive.ma\/index.php\/wp-json\/wp\/v2\/product_brand?post=5837"},{"taxonomy":"product_cat","embeddable":true,"href":"https:\/\/bilive.ma\/index.php\/wp-json\/wp\/v2\/product_cat?post=5837"},{"taxonomy":"product_tag","embeddable":true,"href":"https:\/\/bilive.ma\/index.php\/wp-json\/wp\/v2\/product_tag?post=5837"}],"curies":[{"name":"wp","href":"https:\/\/api.w.org\/{rel}","templated":true}]}}