{"id":5841,"date":"2026-04-08T10:23:44","date_gmt":"2026-04-08T08:23:44","guid":{"rendered":"https:\/\/bilive.ma\/?post_type=product&#038;p=5841"},"modified":"2026-04-08T10:36:40","modified_gmt":"2026-04-08T08:36:40","slug":"ma-vie-sans-gluten-mixgom-60g","status":"publish","type":"product","link":"https:\/\/bilive.ma\/index.php\/product\/ma-vie-sans-gluten-mixgom-60g\/","title":{"rendered":"Ma Vie Sans Gluten Mix\u2019Gom 60G"},"content":{"rendered":"<div class=\"vc_col-sm-7 wpb_column vc_column_container\">\n<div class=\"vc_column-inner\">\n<div class=\"wpb_wrapper\">\n<div class=\"w-tabs layout_hor style_simple3 switch_click has_scrolling initialized\">\n<div class=\"w-tabs-sections titles-align_none icon_chevron cpos_right\">\n<div id=\"tdc0\" class=\"w-tabs-section active\">\n<div id=\"content-tdc0\" class=\"w-tabs-section-content\" aria-expanded=\"true\">\n<div class=\"w-tabs-section-content-h i-cf\">\n<div class=\"w-post-elm post_content\">\n<p style=\"text-align: justify;\"><strong>Ingr\u00e9dients :<\/strong><\/p>\n<p style=\"text-align: justify;\">Psyllium blond* (vari\u00e9t\u00e9 de plantain), gomme d\u2019acacia* (s\u00e8ve d\u2019acacia du S\u00e9negal).<\/p>\n<p style=\"text-align: justify;\">*issus de l\u2019agriculture biologique<\/p>\n<p style=\"text-align: justify;\"><strong>Conseils d\u2019utilisation :<\/strong><\/p>\n<p style=\"text-align: justify;\">Ajout\u00e9 \u00e0 vos\u00a0farines sans gluten, le\u00a0mix\u2019gom\u00a0va gonfler en pr\u00e9sence d\u2019eau,\u00a0aider \u00e0 structurer votre p\u00e2te, l\u2019assouplir et donner une mie moelleuse, a\u00e9r\u00e9e et non collante.<\/p>\n<p style=\"text-align: justify;\">Pour une\u00a0p\u00e2te \u00e0 pain sans gluten\u00a0r\u00e9ussie avec une bonne tenue, souple et d\u00e9veloppant une mie a\u00e9r\u00e9e: compter une cueill\u00e8re \u00e0 caf\u00e9 (environ 5g) pour 200g de farine(s).<\/p>\n<p style=\"text-align: justify;\">Pour une\u00a0p\u00e2te \u00e0 g\u00e2teaux sans gluten\u00a0moelleuse qui reste souple dans le temps: compter 1\/2 cuill\u00e8re \u00e0 caf\u00e9, voire 1 cuill\u00e8re si votre recette ne contient pas d\u2019oeuf, pour 200g de farine(s) Pour \u00e9paissir un liquide \u00e0 froid (sauce, cr\u00e8me): compter 1 cuill\u00e8re \u00e0 caf\u00e9 pour 200mL, bien m\u00e9langer et attendre quelques minutes que la pr\u00e9paration \u00e9paississe.<\/p>\n<p style=\"text-align: justify;\"><strong>Analyse nutritionnelle :<\/strong><\/p>\n<p style=\"text-align: justify;\">Energie (Kcal)\u00a0\u00a0\u00a0 13<br \/>\nEnergie (Kj)\u00a0\u00a0\u00a0\u00a0\u00a0\u00a0\u00a0 53<br \/>\nMati\u00e8res grasses (g)\u00a0\u00a0\u00a0\u00a0\u00a0\u00a0 0,5<br \/>\n-dont gras satur\u00e9s (g)\u00a0\u00a0\u00a0\u00a0 0,1<br \/>\nGlucides (g)\u00a0\u00a0\u00a0\u00a0\u00a0\u00a0\u00a0 1,7<br \/>\nFibres (g)\u00a0\u00a0\u00a0\u00a0\u00a0\u00a0\u00a0\u00a0\u00a0\u00a0\u00a0\u00a0 85,2<br \/>\nProt\u00e9nies (g)\u00a0\u00a0\u00a0\u00a0 1,8<br \/>\nSel (g)\u00a0\u00a0 0.63<\/p>\n<\/div>\n<\/div>\n<\/div>\n<\/div>\n<\/div>\n<\/div>\n<\/div>\n<\/div>\n<\/div>\n<div class=\"vc_col-sm-5 wpb_column vc_column_container\">\n<div class=\"vc_column-inner us_custom_85ca1f68 type_sticky\">\n<div class=\"wpb_wrapper\">\n<div class=\"w-post-elm post_taxonomy style_badge color_link_inherit\" style=\"text-align: justify;\"><\/div>\n<\/div>\n<\/div>\n<\/div>\n","protected":false},"excerpt":{"rendered":"<div class=\"w-post-elm post_content\">\n<p style=\"text-align: justify;\">Le Mix\u2019Gom est une aide culinaire bio sans gluten pour pains et p\u00e2tisseries. Il peut s\u2019utiliser dans les pr\u00e9parations \u00e0 cuire mais aussi dans des recettes \u00e0 cuisiner \u00e0 froid.<\/p>\n<\/div>\n","protected":false},"featured_media":5842,"comment_status":"open","ping_status":"closed","template":"","meta":[],"product_brand":[],"product_cat":[75,76],"product_tag":[],"class_list":{"0":"post-5841","1":"product","2":"type-product","3":"status-publish","4":"has-post-thumbnail","6":"product_cat-regimes-speciaux","7":"product_cat-sans-gluten","9":"first","10":"instock","11":"shipping-taxable","12":"purchasable","13":"product-type-simple"},"_links":{"self":[{"href":"https:\/\/bilive.ma\/index.php\/wp-json\/wp\/v2\/product\/5841","targetHints":{"allow":["GET"]}}],"collection":[{"href":"https:\/\/bilive.ma\/index.php\/wp-json\/wp\/v2\/product"}],"about":[{"href":"https:\/\/bilive.ma\/index.php\/wp-json\/wp\/v2\/types\/product"}],"replies":[{"embeddable":true,"href":"https:\/\/bilive.ma\/index.php\/wp-json\/wp\/v2\/comments?post=5841"}],"version-history":[{"count":1,"href":"https:\/\/bilive.ma\/index.php\/wp-json\/wp\/v2\/product\/5841\/revisions"}],"predecessor-version":[{"id":5843,"href":"https:\/\/bilive.ma\/index.php\/wp-json\/wp\/v2\/product\/5841\/revisions\/5843"}],"wp:featuredmedia":[{"embeddable":true,"href":"https:\/\/bilive.ma\/index.php\/wp-json\/wp\/v2\/media\/5842"}],"wp:attachment":[{"href":"https:\/\/bilive.ma\/index.php\/wp-json\/wp\/v2\/media?parent=5841"}],"wp:term":[{"taxonomy":"product_brand","embeddable":true,"href":"https:\/\/bilive.ma\/index.php\/wp-json\/wp\/v2\/product_brand?post=5841"},{"taxonomy":"product_cat","embeddable":true,"href":"https:\/\/bilive.ma\/index.php\/wp-json\/wp\/v2\/product_cat?post=5841"},{"taxonomy":"product_tag","embeddable":true,"href":"https:\/\/bilive.ma\/index.php\/wp-json\/wp\/v2\/product_tag?post=5841"}],"curies":[{"name":"wp","href":"https:\/\/api.w.org\/{rel}","templated":true}]}}