{"id":5867,"date":"2026-04-08T10:46:27","date_gmt":"2026-04-08T08:46:27","guid":{"rendered":"https:\/\/bilive.ma\/?post_type=product&#038;p=5867"},"modified":"2026-04-08T10:53:55","modified_gmt":"2026-04-08T08:53:55","slug":"ma-vie-sans-gluten-lasagnes-aux-lentilles-jaunes-250g","status":"publish","type":"product","link":"https:\/\/bilive.ma\/index.php\/product\/ma-vie-sans-gluten-lasagnes-aux-lentilles-jaunes-250g\/","title":{"rendered":"Ma Vie Sans Gluten Lasagnes aux Lentilles Jaunes 250G"},"content":{"rendered":"<p style=\"text-align: justify;\"><strong>Ingr\u00e9dients:<\/strong><br \/>\nFarine de lentilles jaunes* (90%), farine de riz complet*.<br \/>\n*Ingr\u00e9dient issu de l\u2019agriculture biologique<br \/>\nAllerg\u00e8nes : Absence<\/p>\n<p style=\"text-align: justify;\"><strong>Analyse nutritionnelle pour 100g de produit:<\/strong><br \/>\nValeur \u00e9nerg\u00e9tique 1451 kj \/ 343 kcal<br \/>\nMati\u00e8res grasses 2,20 g<br \/>\n(dont acides gras satur\u00e9s : 0,50 g)<br \/>\nGlucides 56,70 g<br \/>\n(dont sucres : 1,10 g)<br \/>\nFibres 5,20 g<br \/>\nProt\u00e9ines 21,40 g<br \/>\nSel 0,00 g<\/p>\n","protected":false},"excerpt":{"rendered":"<p style=\"text-align: justify;\">D\u00e9couvrez une alternative saine et innovante aux p\u00e2tes traditionnelles avec les lasagnes aux lentilles jaunes <strong data-start=\"274\" data-end=\"296\">Ma Vie Sans Gluten<\/strong>. \u00c9labor\u00e9es \u00e0 partir de 90 % de farine de lentilles jaunes et de riz complet, ces feuilles de lasagnes bio sont naturellement sans gluten et riches en prot\u00e9ines v\u00e9g\u00e9tales.<\/p>\n","protected":false},"featured_media":5871,"comment_status":"open","ping_status":"closed","template":"","meta":[],"product_brand":[],"product_cat":[75,76],"product_tag":[],"class_list":{"0":"post-5867","1":"product","2":"type-product","3":"status-publish","4":"has-post-thumbnail","6":"product_cat-regimes-speciaux","7":"product_cat-sans-gluten","9":"first","10":"instock","11":"shipping-taxable","12":"purchasable","13":"product-type-simple"},"_links":{"self":[{"href":"https:\/\/bilive.ma\/index.php\/wp-json\/wp\/v2\/product\/5867","targetHints":{"allow":["GET"]}}],"collection":[{"href":"https:\/\/bilive.ma\/index.php\/wp-json\/wp\/v2\/product"}],"about":[{"href":"https:\/\/bilive.ma\/index.php\/wp-json\/wp\/v2\/types\/product"}],"replies":[{"embeddable":true,"href":"https:\/\/bilive.ma\/index.php\/wp-json\/wp\/v2\/comments?post=5867"}],"version-history":[{"count":3,"href":"https:\/\/bilive.ma\/index.php\/wp-json\/wp\/v2\/product\/5867\/revisions"}],"predecessor-version":[{"id":5872,"href":"https:\/\/bilive.ma\/index.php\/wp-json\/wp\/v2\/product\/5867\/revisions\/5872"}],"wp:featuredmedia":[{"embeddable":true,"href":"https:\/\/bilive.ma\/index.php\/wp-json\/wp\/v2\/media\/5871"}],"wp:attachment":[{"href":"https:\/\/bilive.ma\/index.php\/wp-json\/wp\/v2\/media?parent=5867"}],"wp:term":[{"taxonomy":"product_brand","embeddable":true,"href":"https:\/\/bilive.ma\/index.php\/wp-json\/wp\/v2\/product_brand?post=5867"},{"taxonomy":"product_cat","embeddable":true,"href":"https:\/\/bilive.ma\/index.php\/wp-json\/wp\/v2\/product_cat?post=5867"},{"taxonomy":"product_tag","embeddable":true,"href":"https:\/\/bilive.ma\/index.php\/wp-json\/wp\/v2\/product_tag?post=5867"}],"curies":[{"name":"wp","href":"https:\/\/api.w.org\/{rel}","templated":true}]}}