{"id":5883,"date":"2026-04-08T11:27:40","date_gmt":"2026-04-08T09:27:40","guid":{"rendered":"https:\/\/bilive.ma\/?post_type=product&#038;p=5883"},"modified":"2026-04-08T11:27:40","modified_gmt":"2026-04-08T09:27:40","slug":"diet-food-shirataki-konjac-fettuccine-300g","status":"publish","type":"product","link":"https:\/\/bilive.ma\/index.php\/product\/diet-food-shirataki-konjac-fettuccine-300g\/","title":{"rendered":"Diet Food Shirataki Konjac Fettuccine 300G"},"content":{"rendered":"<p style=\"text-align: justify;\"><strong>Ingr\u00e9dients:<\/strong><br \/>\nEau purifi\u00e9e, farine biologique de plante de Konjac<\/p>\n<p style=\"text-align: justify;\"><strong>Valeurs nutritionnelles pour 100g:<\/strong><br \/>\nValeur \u00e9nerg\u00e9tique 30 kJ \/ 7 kcal<br \/>\nMati\u00e8res grasses &lt;0,1 g<br \/>\nAcides gras satur\u00e9 &lt;0,1 g<br \/>\nHydrates de carbone &lt;0,2 g<br \/>\nDont sucres &lt;0,1 g<br \/>\nFibres 2,6 g<br \/>\nProt\u00e9ines &lt;0,1 g<br \/>\nSel &lt;0,1 g<\/p>\n","protected":false},"excerpt":{"rendered":"<p style=\"text-align: justify;\">Ce produit est fabriqu\u00e9 \u00e0 partir de la plante Konjac Glucomannan \u2013 une plante cultiv\u00e9e en Chine et au Japon depuis des milliers d\u2019ann\u00e9es. La teneur en fibres hydrosolubles et sa tr\u00e8s faible valeur calorifique en font une excellente alternative pour les personnes soucieuses de leur sant\u00e9 et de leur silhouette et qui suivent le r\u00e9gime c\u00e9to.<\/p>\n","protected":false},"featured_media":5884,"comment_status":"open","ping_status":"closed","template":"","meta":[],"product_brand":[],"product_cat":[75,76],"product_tag":[],"class_list":{"0":"post-5883","1":"product","2":"type-product","3":"status-publish","4":"has-post-thumbnail","6":"product_cat-regimes-speciaux","7":"product_cat-sans-gluten","9":"first","10":"instock","11":"shipping-taxable","12":"purchasable","13":"product-type-simple"},"_links":{"self":[{"href":"https:\/\/bilive.ma\/index.php\/wp-json\/wp\/v2\/product\/5883","targetHints":{"allow":["GET"]}}],"collection":[{"href":"https:\/\/bilive.ma\/index.php\/wp-json\/wp\/v2\/product"}],"about":[{"href":"https:\/\/bilive.ma\/index.php\/wp-json\/wp\/v2\/types\/product"}],"replies":[{"embeddable":true,"href":"https:\/\/bilive.ma\/index.php\/wp-json\/wp\/v2\/comments?post=5883"}],"version-history":[{"count":1,"href":"https:\/\/bilive.ma\/index.php\/wp-json\/wp\/v2\/product\/5883\/revisions"}],"predecessor-version":[{"id":5885,"href":"https:\/\/bilive.ma\/index.php\/wp-json\/wp\/v2\/product\/5883\/revisions\/5885"}],"wp:featuredmedia":[{"embeddable":true,"href":"https:\/\/bilive.ma\/index.php\/wp-json\/wp\/v2\/media\/5884"}],"wp:attachment":[{"href":"https:\/\/bilive.ma\/index.php\/wp-json\/wp\/v2\/media?parent=5883"}],"wp:term":[{"taxonomy":"product_brand","embeddable":true,"href":"https:\/\/bilive.ma\/index.php\/wp-json\/wp\/v2\/product_brand?post=5883"},{"taxonomy":"product_cat","embeddable":true,"href":"https:\/\/bilive.ma\/index.php\/wp-json\/wp\/v2\/product_cat?post=5883"},{"taxonomy":"product_tag","embeddable":true,"href":"https:\/\/bilive.ma\/index.php\/wp-json\/wp\/v2\/product_tag?post=5883"}],"curies":[{"name":"wp","href":"https:\/\/api.w.org\/{rel}","templated":true}]}}