{"id":5889,"date":"2026-04-08T11:41:40","date_gmt":"2026-04-08T09:41:40","guid":{"rendered":"https:\/\/bilive.ma\/?post_type=product&#038;p=5889"},"modified":"2026-04-08T11:45:57","modified_gmt":"2026-04-08T09:45:57","slug":"ma-vie-sans-gluten-spaghetti-mais-et-riz-400g","status":"publish","type":"product","link":"https:\/\/bilive.ma\/index.php\/product\/ma-vie-sans-gluten-spaghetti-mais-et-riz-400g\/","title":{"rendered":"Ma Vie Sans Gluten Spaghetti Ma\u00efs Et Riz 400G"},"content":{"rendered":"<p style=\"text-align: justify;\"><strong>Ingr\u00e9dients:<\/strong><br \/>\nFarine de ma\u00efs* (70%), farine de riz blanc* (30%).<br \/>\n*Ingr\u00e9dient issu de l\u2019agriculture biologique<br \/>\nAllerg\u00e8nes : Absence<\/p>\n<p style=\"text-align: justify;\"><strong>Analyse nutritionnelle pour 100 g de produit:<\/strong><br \/>\nValeur \u00e9nerg\u00e9tique 1511 kj \/ 356 kcal<br \/>\nMati\u00e8res grasses 1,30 g<br \/>\n(dont acides gras satur\u00e9s : 0,40 g)<br \/>\nGlucides 78,00 g<br \/>\n(dont sucres : 0,20 g)<br \/>\nFibres 1,40 g<br \/>\nProt\u00e9ines 7,40 g<br \/>\nSel 0,00 g<\/p>\n","protected":false},"excerpt":{"rendered":"<p style=\"text-align: justify;\">Red\u00e9couvrez les incontournables spaghetti ma\u00efs et riz au rayon des p\u00e2tes sans gluten, \u00e0 d\u00e9cliner selon vos envies! P\u00e2tes en \u00e9tui pour plus de praticit\u00e9 dans vos \u00e9tag\u00e8res.<\/p>\n","protected":false},"featured_media":5890,"comment_status":"open","ping_status":"closed","template":"","meta":[],"product_brand":[],"product_cat":[75,76],"product_tag":[],"class_list":{"0":"post-5889","1":"product","2":"type-product","3":"status-publish","4":"has-post-thumbnail","6":"product_cat-regimes-speciaux","7":"product_cat-sans-gluten","9":"first","10":"instock","11":"shipping-taxable","12":"purchasable","13":"product-type-simple"},"_links":{"self":[{"href":"https:\/\/bilive.ma\/index.php\/wp-json\/wp\/v2\/product\/5889","targetHints":{"allow":["GET"]}}],"collection":[{"href":"https:\/\/bilive.ma\/index.php\/wp-json\/wp\/v2\/product"}],"about":[{"href":"https:\/\/bilive.ma\/index.php\/wp-json\/wp\/v2\/types\/product"}],"replies":[{"embeddable":true,"href":"https:\/\/bilive.ma\/index.php\/wp-json\/wp\/v2\/comments?post=5889"}],"version-history":[{"count":2,"href":"https:\/\/bilive.ma\/index.php\/wp-json\/wp\/v2\/product\/5889\/revisions"}],"predecessor-version":[{"id":5892,"href":"https:\/\/bilive.ma\/index.php\/wp-json\/wp\/v2\/product\/5889\/revisions\/5892"}],"wp:featuredmedia":[{"embeddable":true,"href":"https:\/\/bilive.ma\/index.php\/wp-json\/wp\/v2\/media\/5890"}],"wp:attachment":[{"href":"https:\/\/bilive.ma\/index.php\/wp-json\/wp\/v2\/media?parent=5889"}],"wp:term":[{"taxonomy":"product_brand","embeddable":true,"href":"https:\/\/bilive.ma\/index.php\/wp-json\/wp\/v2\/product_brand?post=5889"},{"taxonomy":"product_cat","embeddable":true,"href":"https:\/\/bilive.ma\/index.php\/wp-json\/wp\/v2\/product_cat?post=5889"},{"taxonomy":"product_tag","embeddable":true,"href":"https:\/\/bilive.ma\/index.php\/wp-json\/wp\/v2\/product_tag?post=5889"}],"curies":[{"name":"wp","href":"https:\/\/api.w.org\/{rel}","templated":true}]}}