{"id":5896,"date":"2026-04-08T12:06:39","date_gmt":"2026-04-08T10:06:39","guid":{"rendered":"https:\/\/bilive.ma\/?post_type=product&#038;p=5896"},"modified":"2026-04-08T12:09:15","modified_gmt":"2026-04-08T10:09:15","slug":"turtle-crunchy-avoine-chocolat-sans-gluten-250g","status":"publish","type":"product","link":"https:\/\/bilive.ma\/index.php\/product\/turtle-crunchy-avoine-chocolat-sans-gluten-250g\/","title":{"rendered":"Turtle Crunchy Avoine Chocolat sans Gluten 250G"},"content":{"rendered":"<p style=\"text-align: justify;\">Commencez la journ\u00e9e avec gourmandise gr\u00e2ce au crunchy avoine chocolat noir <strong data-start=\"227\" data-end=\"237\">Turtle<\/strong>, un m\u00e9lange croustillant et savoureux \u00e9labor\u00e9 \u00e0 partir d\u2019ingr\u00e9dients biologiques soigneusement s\u00e9lectionn\u00e9s. Ce granola sans gluten associe des flocons d\u2019avoine complets \u00e0 de g\u00e9n\u00e9reux \u00e9clats de chocolat noir pour un petit-d\u00e9jeuner \u00e0 la fois sain et gourmand.<\/p>\n","protected":false},"excerpt":{"rendered":"<p>Commencez la journ\u00e9e avec gourmandise gr\u00e2ce au crunchy avoine chocolat noir <strong data-start=\"227\" data-end=\"237\">Turtle<\/strong>, un m\u00e9lange croustillant et savoureux \u00e9labor\u00e9 \u00e0 partir d\u2019ingr\u00e9dients biologiques soigneusement s\u00e9lectionn\u00e9s. Ce granola sans gluten associe des flocons d\u2019avoine complets \u00e0 de g\u00e9n\u00e9reux \u00e9clats de chocolat noir pour un petit-d\u00e9jeuner \u00e0 la fois sain et gourmand.<\/p>\n","protected":false},"featured_media":5897,"comment_status":"open","ping_status":"closed","template":"","meta":[],"product_brand":[],"product_cat":[75,76],"product_tag":[],"class_list":{"0":"post-5896","1":"product","2":"type-product","3":"status-publish","4":"has-post-thumbnail","6":"product_cat-regimes-speciaux","7":"product_cat-sans-gluten","9":"first","10":"instock","11":"shipping-taxable","12":"purchasable","13":"product-type-simple"},"_links":{"self":[{"href":"https:\/\/bilive.ma\/index.php\/wp-json\/wp\/v2\/product\/5896","targetHints":{"allow":["GET"]}}],"collection":[{"href":"https:\/\/bilive.ma\/index.php\/wp-json\/wp\/v2\/product"}],"about":[{"href":"https:\/\/bilive.ma\/index.php\/wp-json\/wp\/v2\/types\/product"}],"replies":[{"embeddable":true,"href":"https:\/\/bilive.ma\/index.php\/wp-json\/wp\/v2\/comments?post=5896"}],"version-history":[{"count":2,"href":"https:\/\/bilive.ma\/index.php\/wp-json\/wp\/v2\/product\/5896\/revisions"}],"predecessor-version":[{"id":5899,"href":"https:\/\/bilive.ma\/index.php\/wp-json\/wp\/v2\/product\/5896\/revisions\/5899"}],"wp:featuredmedia":[{"embeddable":true,"href":"https:\/\/bilive.ma\/index.php\/wp-json\/wp\/v2\/media\/5897"}],"wp:attachment":[{"href":"https:\/\/bilive.ma\/index.php\/wp-json\/wp\/v2\/media?parent=5896"}],"wp:term":[{"taxonomy":"product_brand","embeddable":true,"href":"https:\/\/bilive.ma\/index.php\/wp-json\/wp\/v2\/product_brand?post=5896"},{"taxonomy":"product_cat","embeddable":true,"href":"https:\/\/bilive.ma\/index.php\/wp-json\/wp\/v2\/product_cat?post=5896"},{"taxonomy":"product_tag","embeddable":true,"href":"https:\/\/bilive.ma\/index.php\/wp-json\/wp\/v2\/product_tag?post=5896"}],"curies":[{"name":"wp","href":"https:\/\/api.w.org\/{rel}","templated":true}]}}