{"id":5900,"date":"2026-04-08T12:17:17","date_gmt":"2026-04-08T10:17:17","guid":{"rendered":"https:\/\/bilive.ma\/?post_type=product&#038;p=5900"},"modified":"2026-04-08T12:18:09","modified_gmt":"2026-04-08T10:18:09","slug":"favrichon-muesli-choco-chataigne-sans-gluten-325g","status":"publish","type":"product","link":"https:\/\/bilive.ma\/index.php\/product\/favrichon-muesli-choco-chataigne-sans-gluten-325g\/","title":{"rendered":"Favrichon Muesli Choco Chataigne sans Gluten 325G"},"content":{"rendered":"<p style=\"text-align: justify;\">Commencez la journ\u00e9e avec un petit-d\u00e9jeuner \u00e0 la fois gourmand et \u00e9quilibr\u00e9 gr\u00e2ce au muesli choco &amp; ch\u00e2taigne <strong data-start=\"260\" data-end=\"273\">Favrichon<\/strong>. Cette recette originale associe le croquant du riz complet souffl\u00e9 \u00e0 la douceur naturelle de la ch\u00e2taigne, sublim\u00e9e par de savoureuses p\u00e9pites de chocolat fondant.<\/p>\n","protected":false},"excerpt":{"rendered":"<p style=\"text-align: justify;\">Commencez la journ\u00e9e avec un petit-d\u00e9jeuner \u00e0 la fois gourmand et \u00e9quilibr\u00e9 gr\u00e2ce au muesli choco &amp; ch\u00e2taigne <strong data-start=\"260\" data-end=\"273\">Favrichon<\/strong>. Cette recette originale associe le croquant du riz complet souffl\u00e9 \u00e0 la douceur naturelle de la ch\u00e2taigne, sublim\u00e9e par de savoureuses p\u00e9pites de chocolat fondant.<\/p>\n","protected":false},"featured_media":5901,"comment_status":"open","ping_status":"closed","template":"","meta":[],"product_brand":[],"product_cat":[75,76],"product_tag":[],"class_list":{"0":"post-5900","1":"product","2":"type-product","3":"status-publish","4":"has-post-thumbnail","6":"product_cat-regimes-speciaux","7":"product_cat-sans-gluten","9":"first","10":"instock","11":"shipping-taxable","12":"purchasable","13":"product-type-simple"},"_links":{"self":[{"href":"https:\/\/bilive.ma\/index.php\/wp-json\/wp\/v2\/product\/5900","targetHints":{"allow":["GET"]}}],"collection":[{"href":"https:\/\/bilive.ma\/index.php\/wp-json\/wp\/v2\/product"}],"about":[{"href":"https:\/\/bilive.ma\/index.php\/wp-json\/wp\/v2\/types\/product"}],"replies":[{"embeddable":true,"href":"https:\/\/bilive.ma\/index.php\/wp-json\/wp\/v2\/comments?post=5900"}],"version-history":[{"count":1,"href":"https:\/\/bilive.ma\/index.php\/wp-json\/wp\/v2\/product\/5900\/revisions"}],"predecessor-version":[{"id":5902,"href":"https:\/\/bilive.ma\/index.php\/wp-json\/wp\/v2\/product\/5900\/revisions\/5902"}],"wp:featuredmedia":[{"embeddable":true,"href":"https:\/\/bilive.ma\/index.php\/wp-json\/wp\/v2\/media\/5901"}],"wp:attachment":[{"href":"https:\/\/bilive.ma\/index.php\/wp-json\/wp\/v2\/media?parent=5900"}],"wp:term":[{"taxonomy":"product_brand","embeddable":true,"href":"https:\/\/bilive.ma\/index.php\/wp-json\/wp\/v2\/product_brand?post=5900"},{"taxonomy":"product_cat","embeddable":true,"href":"https:\/\/bilive.ma\/index.php\/wp-json\/wp\/v2\/product_cat?post=5900"},{"taxonomy":"product_tag","embeddable":true,"href":"https:\/\/bilive.ma\/index.php\/wp-json\/wp\/v2\/product_tag?post=5900"}],"curies":[{"name":"wp","href":"https:\/\/api.w.org\/{rel}","templated":true}]}}