{"id":5903,"date":"2026-04-08T12:23:55","date_gmt":"2026-04-08T10:23:55","guid":{"rendered":"https:\/\/bilive.ma\/?post_type=product&#038;p=5903"},"modified":"2026-04-08T12:24:36","modified_gmt":"2026-04-08T10:24:36","slug":"turtle-color-loops-sans-gluten-300g","status":"publish","type":"product","link":"https:\/\/bilive.ma\/index.php\/product\/turtle-color-loops-sans-gluten-300g\/","title":{"rendered":"Turtle Color Loops sans Gluten 300G"},"content":{"rendered":"<p style=\"text-align: justify;\">Ajoutez de la couleur et du plaisir \u00e0 vos petits-d\u00e9jeuners avec les <strong data-start=\"211\" data-end=\"233\">Color Loops Turtle<\/strong>, de d\u00e9licieux anneaux de c\u00e9r\u00e9ales fruit\u00e9s, croustillants et naturellement color\u00e9s. \u00c9labor\u00e9es \u00e0 partir d\u2019ingr\u00e9dients issus de l\u2019agriculture biologique, ces c\u00e9r\u00e9ales sans gluten offrent une alternative saine aux c\u00e9r\u00e9ales classiques, id\u00e9ale pour toute la famille.<\/p>\n","protected":false},"excerpt":{"rendered":"<p>Ajoutez de la couleur et du plaisir \u00e0 vos petits-d\u00e9jeuners avec les Color Loops Turtle, de d\u00e9licieux anneaux de c\u00e9r\u00e9ales fruit\u00e9s, croustillants et naturellement color\u00e9s. \u00c9labor\u00e9es \u00e0 partir d\u2019ingr\u00e9dients issus de l\u2019agriculture biologique, ces c\u00e9r\u00e9ales sans gluten offrent une alternative saine aux c\u00e9r\u00e9ales classiques, id\u00e9ale pour toute la famille.<\/p>\n","protected":false},"featured_media":5904,"comment_status":"open","ping_status":"closed","template":"","meta":[],"product_brand":[],"product_cat":[75,76],"product_tag":[],"class_list":{"0":"post-5903","1":"product","2":"type-product","3":"status-publish","4":"has-post-thumbnail","6":"product_cat-regimes-speciaux","7":"product_cat-sans-gluten","9":"first","10":"instock","11":"shipping-taxable","12":"purchasable","13":"product-type-simple"},"_links":{"self":[{"href":"https:\/\/bilive.ma\/index.php\/wp-json\/wp\/v2\/product\/5903","targetHints":{"allow":["GET"]}}],"collection":[{"href":"https:\/\/bilive.ma\/index.php\/wp-json\/wp\/v2\/product"}],"about":[{"href":"https:\/\/bilive.ma\/index.php\/wp-json\/wp\/v2\/types\/product"}],"replies":[{"embeddable":true,"href":"https:\/\/bilive.ma\/index.php\/wp-json\/wp\/v2\/comments?post=5903"}],"version-history":[{"count":1,"href":"https:\/\/bilive.ma\/index.php\/wp-json\/wp\/v2\/product\/5903\/revisions"}],"predecessor-version":[{"id":5905,"href":"https:\/\/bilive.ma\/index.php\/wp-json\/wp\/v2\/product\/5903\/revisions\/5905"}],"wp:featuredmedia":[{"embeddable":true,"href":"https:\/\/bilive.ma\/index.php\/wp-json\/wp\/v2\/media\/5904"}],"wp:attachment":[{"href":"https:\/\/bilive.ma\/index.php\/wp-json\/wp\/v2\/media?parent=5903"}],"wp:term":[{"taxonomy":"product_brand","embeddable":true,"href":"https:\/\/bilive.ma\/index.php\/wp-json\/wp\/v2\/product_brand?post=5903"},{"taxonomy":"product_cat","embeddable":true,"href":"https:\/\/bilive.ma\/index.php\/wp-json\/wp\/v2\/product_cat?post=5903"},{"taxonomy":"product_tag","embeddable":true,"href":"https:\/\/bilive.ma\/index.php\/wp-json\/wp\/v2\/product_tag?post=5903"}],"curies":[{"name":"wp","href":"https:\/\/api.w.org\/{rel}","templated":true}]}}