{"id":5906,"date":"2026-04-08T12:30:17","date_gmt":"2026-04-08T10:30:17","guid":{"rendered":"https:\/\/bilive.ma\/?post_type=product&#038;p=5906"},"modified":"2026-04-08T12:30:18","modified_gmt":"2026-04-08T10:30:18","slug":"turtle-marshmallow-crunchies-sans-gluten-300g","status":"publish","type":"product","link":"https:\/\/bilive.ma\/index.php\/product\/turtle-marshmallow-crunchies-sans-gluten-300g\/","title":{"rendered":"Turtle Marshmallow Crunchies sans Gluten 300G"},"content":{"rendered":"<p style=\"text-align: justify;\">Retrouvez le plaisir des c\u00e9r\u00e9ales gourmandes avec les <strong data-start=\"207\" data-end=\"239\">Marshmallow Crunchies Turtle<\/strong>, un m\u00e9lange croustillant de c\u00e9r\u00e9ales \u00e0 l\u2019avoine parfum\u00e9es \u00e0 la vanille, associ\u00e9 \u00e0 de d\u00e9licieux marshmallows color\u00e9s. Une recette r\u00e9gressive et savoureuse qui pla\u00eet autant aux enfants qu\u2019aux adultes.<\/p>\n","protected":false},"excerpt":{"rendered":"<p style=\"text-align: justify;\">Retrouvez le plaisir des c\u00e9r\u00e9ales gourmandes avec les <strong data-start=\"207\" data-end=\"239\">Marshmallow Crunchies Turtle<\/strong>, un m\u00e9lange croustillant de c\u00e9r\u00e9ales \u00e0 l\u2019avoine parfum\u00e9es \u00e0 la vanille, associ\u00e9 \u00e0 de d\u00e9licieux marshmallows color\u00e9s. Une recette r\u00e9gressive et savoureuse qui pla\u00eet autant aux enfants qu\u2019aux adultes.<\/p>\n","protected":false},"featured_media":5907,"comment_status":"open","ping_status":"closed","template":"","meta":[],"product_brand":[],"product_cat":[75,76],"product_tag":[],"class_list":{"0":"post-5906","1":"product","2":"type-product","3":"status-publish","4":"has-post-thumbnail","6":"product_cat-regimes-speciaux","7":"product_cat-sans-gluten","9":"first","10":"instock","11":"shipping-taxable","12":"purchasable","13":"product-type-simple"},"_links":{"self":[{"href":"https:\/\/bilive.ma\/index.php\/wp-json\/wp\/v2\/product\/5906","targetHints":{"allow":["GET"]}}],"collection":[{"href":"https:\/\/bilive.ma\/index.php\/wp-json\/wp\/v2\/product"}],"about":[{"href":"https:\/\/bilive.ma\/index.php\/wp-json\/wp\/v2\/types\/product"}],"replies":[{"embeddable":true,"href":"https:\/\/bilive.ma\/index.php\/wp-json\/wp\/v2\/comments?post=5906"}],"version-history":[{"count":1,"href":"https:\/\/bilive.ma\/index.php\/wp-json\/wp\/v2\/product\/5906\/revisions"}],"predecessor-version":[{"id":5908,"href":"https:\/\/bilive.ma\/index.php\/wp-json\/wp\/v2\/product\/5906\/revisions\/5908"}],"wp:featuredmedia":[{"embeddable":true,"href":"https:\/\/bilive.ma\/index.php\/wp-json\/wp\/v2\/media\/5907"}],"wp:attachment":[{"href":"https:\/\/bilive.ma\/index.php\/wp-json\/wp\/v2\/media?parent=5906"}],"wp:term":[{"taxonomy":"product_brand","embeddable":true,"href":"https:\/\/bilive.ma\/index.php\/wp-json\/wp\/v2\/product_brand?post=5906"},{"taxonomy":"product_cat","embeddable":true,"href":"https:\/\/bilive.ma\/index.php\/wp-json\/wp\/v2\/product_cat?post=5906"},{"taxonomy":"product_tag","embeddable":true,"href":"https:\/\/bilive.ma\/index.php\/wp-json\/wp\/v2\/product_tag?post=5906"}],"curies":[{"name":"wp","href":"https:\/\/api.w.org\/{rel}","templated":true}]}}